{"id":867,"date":"2026-01-26T14:37:00","date_gmt":"2026-01-26T14:37:00","guid":{"rendered":"https:\/\/gertrudsunivers.dk\/?page_id=867"},"modified":"2026-01-26T14:37:02","modified_gmt":"2026-01-26T14:37:02","slug":"tips-tricks-til-glimmer","status":"publish","type":"page","link":"https:\/\/gertrudsunivers.dk\/en\/tips-tricks-til-glimmer\/","title":{"rendered":"Tips &amp; Tricks til Glimmer"},"content":{"rendered":"<style>.kb-row-layout-id867_775a28-dd > .kt-row-column-wrap{align-content:start;}:where(.kb-row-layout-id867_775a28-dd > .kt-row-column-wrap) > .wp-block-kadence-column{justify-content:start;}.kb-row-layout-id867_775a28-dd > .kt-row-column-wrap{column-gap:var(--global-kb-gap-md, 2rem);row-gap:var(--global-kb-gap-md, 2rem);max-width:2000px;margin-left:auto;margin-right:auto;padding-top:var(--global-kb-spacing-sm, 1.5rem);padding-bottom:var(--global-kb-spacing-sm, 1.5rem);grid-template-columns:minmax(0, 1fr);}.kb-row-layout-id867_775a28-dd > .kt-row-layout-overlay{opacity:0.30;}@media all and (max-width: 1024px){.kb-row-layout-id867_775a28-dd > .kt-row-column-wrap{grid-template-columns:minmax(0, 1fr);}}@media all and (max-width: 767px){.kb-row-layout-id867_775a28-dd > .kt-row-column-wrap{grid-template-columns:minmax(0, 1fr);}}.kb-row-layout-id867_775a28-dd {background: radial-gradient(  circle at 20% 30%,  rgba(159, 114, 203, 0.25),  transparent 60%),radial-gradient(  circle at 75% 70%,  rgba(230, 194, 191, 0.22),  transparent 70%),radial-gradient(  circle at 40% 85%,  rgba(159, 114, 203, 0.18),  transparent 75%);}<\/style><div class=\"kb-row-layout-wrap kb-row-layout-id867_775a28-dd alignfull glitter-bg wp-block-kadence-rowlayout\"><div class=\"kt-row-column-wrap kt-has-1-columns kt-row-layout-equal kt-tab-layout-inherit kt-mobile-layout-row kt-row-valign-top\">\n<style>.kadence-column867_aca781-fb > .kt-inside-inner-col,.kadence-column867_aca781-fb > .kt-inside-inner-col:before{border-top-left-radius:0px;border-top-right-radius:0px;border-bottom-right-radius:0px;border-bottom-left-radius:0px;}.kadence-column867_aca781-fb > .kt-inside-inner-col{column-gap:var(--global-kb-gap-sm, 1rem);}.kadence-column867_aca781-fb > .kt-inside-inner-col{flex-direction:column;}.kadence-column867_aca781-fb > .kt-inside-inner-col > .aligncenter{width:100%;}.kadence-column867_aca781-fb > .kt-inside-inner-col:before{opacity:0.3;}.kadence-column867_aca781-fb{position:relative;}@media all and (max-width: 1024px){.kadence-column867_aca781-fb > .kt-inside-inner-col{flex-direction:column;justify-content:center;}}@media all and (max-width: 767px){.kadence-column867_aca781-fb > .kt-inside-inner-col{flex-direction:column;justify-content:center;}}<\/style>\n<div class=\"wp-block-kadence-column kadence-column867_aca781-fb\"><div class=\"kt-inside-inner-col\">\n<h1 class=\"wp-block-heading has-text-align-center has-larger-font-size\"><strong>Tips &amp; Tricks til Glimmer<\/strong><\/h1>\n<\/div><\/div>\n\n<\/div><\/div>\n\n\n<div style=\"height:20px\" aria-hidden=\"true\" class=\"wp-block-spacer\"><\/div>\n\n\n\n<p class=\"has-theme-palette-1-color has-text-color has-link-color wp-elements-bb270e85aec54881ef6c347f869cff0f\"><em><strong>Glimmer giver ansigtsmaling det sidste magiske touch \u2013 men kan ogs\u00e5 bruges alene for et enkelt og funklende look. Med de rette teknikker kan du nemt p\u00e5f\u00f8re glimmer j\u00e6vnt og sikkert, uanset om du \u00f8nsker et diskret shimmer eller en i\u00f8jnefaldende effekt til b\u00f8rnef\u00f8dselsdage, fastelavn, festivaler eller andre events.<\/strong><\/em><\/p>\n\n\n<style>.kb-row-layout-id867_a156b5-1c > .kt-row-column-wrap{align-content:start;}:where(.kb-row-layout-id867_a156b5-1c > .kt-row-column-wrap) > .wp-block-kadence-column{justify-content:start;}.kb-row-layout-id867_a156b5-1c > .kt-row-column-wrap{column-gap:var(--global-kb-gap-sm, 1rem);row-gap:var(--global-kb-gap-md, 2rem);padding-top:var(--global-kb-spacing-sm, 1.5rem);padding-bottom:var(--global-kb-spacing-sm, 1.5rem);grid-template-columns:repeat(2, minmax(0, 1fr));}.kb-row-layout-id867_a156b5-1c > .kt-row-layout-overlay{opacity:0.30;}@media all and (max-width: 1024px){.kb-row-layout-id867_a156b5-1c > .kt-row-column-wrap{grid-template-columns:repeat(2, minmax(0, 1fr));}}@media all and (max-width: 767px){.kb-row-layout-id867_a156b5-1c > .kt-row-column-wrap{grid-template-columns:minmax(0, 1fr);}}<\/style><div class=\"kb-row-layout-wrap kb-row-layout-id867_a156b5-1c alignnone wp-block-kadence-rowlayout\"><div class=\"kt-row-column-wrap kt-has-2-columns kt-row-layout-equal kt-tab-layout-inherit kt-mobile-layout-row kt-row-valign-top\">\n<style>.kadence-column867_3b43aa-cd > .kt-inside-inner-col,.kadence-column867_3b43aa-cd > .kt-inside-inner-col:before{border-top-left-radius:0px;border-top-right-radius:0px;border-bottom-right-radius:0px;border-bottom-left-radius:0px;}.kadence-column867_3b43aa-cd > .kt-inside-inner-col{column-gap:var(--global-kb-gap-sm, 1rem);}.kadence-column867_3b43aa-cd > .kt-inside-inner-col{flex-direction:column;}.kadence-column867_3b43aa-cd > .kt-inside-inner-col > .aligncenter{width:100%;}.kadence-column867_3b43aa-cd > .kt-inside-inner-col:before{opacity:0.3;}.kadence-column867_3b43aa-cd{position:relative;}@media all and (max-width: 1024px){.kadence-column867_3b43aa-cd > .kt-inside-inner-col{flex-direction:column;justify-content:center;}}@media all and (max-width: 767px){.kadence-column867_3b43aa-cd > .kt-inside-inner-col{flex-direction:column;justify-content:center;}}<\/style>\n<div class=\"wp-block-kadence-column kadence-column867_3b43aa-cd\"><div class=\"kt-inside-inner-col\">\n<h2 class=\"wp-block-heading has-theme-palette-1-color has-text-color has-link-color wp-elements-97ee873cbe80888233a044549812d3da\" id=\"tips-pensler\"><strong><strong><strong>Tips &amp; tricks til p\u00e5f\u00f8ring af EcoSparkles glimmer<\/strong><\/strong><\/strong><\/h2>\n\n\n\n<ul class=\"wp-block-list\">\n<li>P\u00e5f\u00f8r et tyndt lag vegansk glimmerlim direkte p\u00e5 huden.<br><\/li>\n\n\n\n<li>Brug en bambus pensel for pr\u00e6cis og sk\u00e5nsom p\u00e5f\u00f8ring.<br><\/li>\n\n\n\n<li>P\u00e5f\u00f8r glimmeret med det samme, mens limen stadig er v\u00e5d.<br><\/li>\n\n\n\n<li>Dup glimmeret p\u00e5 og undg\u00e5 at gnide for det flotteste resultat.<br><\/li>\n\n\n\n<li>\u00d8nskes mere intens effekt, kan glimmeret bygges op i flere lag.<br><\/li>\n\n\n\n<li>Fjernes nemt igen med et kort du skraber med f\u00f8rst, s\u00e5 det v\u00e6rste glimmer kommer af, herefter bruges lunkent vand og mild s\u00e6be.<br><\/li>\n<\/ul>\n\n\n\n<p class=\"has-theme-palette-1-color has-text-color has-link-color wp-elements-f4d59218d652c2fd8a5122c2139b6c9e\"><strong>Opbevaring af EcoSparkle glimmer og glimmerlim:<\/strong><\/p>\n\n\n\n<ul class=\"wp-block-list\">\n<li>Ecosparkles opbevares bedst i den beholder vi s\u00e6lger det i, eller en anden beholder med l\u00e5g. Farven forg\u00e5r ikke s\u00e5 l\u00e6nge det holdes t\u00f8rt.&nbsp;<br><\/li>\n\n\n\n<li>Glimmerlim opbevares bedst i den beholder det s\u00e6lges i, husk at skru l\u00e5get ordentligt p\u00e5, s\u00e5 limen ikke t\u00f8rrer ud.<\/li>\n<\/ul>\n<\/div><\/div>\n\n\n<style>.kadence-column867_db6fa6-96 > .kt-inside-inner-col,.kadence-column867_db6fa6-96 > .kt-inside-inner-col:before{border-top-left-radius:0px;border-top-right-radius:0px;border-bottom-right-radius:0px;border-bottom-left-radius:0px;}.kadence-column867_db6fa6-96 > .kt-inside-inner-col{column-gap:var(--global-kb-gap-sm, 1rem);}.kadence-column867_db6fa6-96 > .kt-inside-inner-col{flex-direction:column;}.kadence-column867_db6fa6-96 > .kt-inside-inner-col > .aligncenter{width:100%;}.kadence-column867_db6fa6-96 > .kt-inside-inner-col:before{opacity:0.3;}.kadence-column867_db6fa6-96{position:relative;}@media all and (max-width: 1024px){.kadence-column867_db6fa6-96 > .kt-inside-inner-col{flex-direction:column;justify-content:center;}}@media all and (max-width: 767px){.kadence-column867_db6fa6-96 > .kt-inside-inner-col{flex-direction:column;justify-content:center;}}<\/style>\n<div class=\"wp-block-kadence-column kadence-column867_db6fa6-96\"><div class=\"kt-inside-inner-col\"><style>.kb-image867_0fae85-32 .kb-image-has-overlay:after{opacity:0.3;border-top-left-radius:50px;border-top-right-radius:50px;border-bottom-right-radius:50px;border-bottom-left-radius:50px;}.kb-image867_0fae85-32 img.kb-img, .kb-image867_0fae85-32 .kb-img img{border-top-left-radius:50px;border-top-right-radius:50px;border-bottom-right-radius:50px;border-bottom-left-radius:50px;}<\/style>\n<figure class=\"wp-block-kadence-image kb-image867_0fae85-32 size-large\"><img loading=\"lazy\" decoding=\"async\" width=\"768\" height=\"1024\" src=\"https:\/\/gertrudsunivers.dk\/wp-content\/uploads\/2026\/01\/415dc20b-7d51-4845-9bbb-13bd99b8e201-768x1024.jpg\" alt=\"\" class=\"kb-img wp-image-1466\" srcset=\"https:\/\/gertrudsunivers.dk\/wp-content\/uploads\/2026\/01\/415dc20b-7d51-4845-9bbb-13bd99b8e201-768x1024.jpg 768w, https:\/\/gertrudsunivers.dk\/wp-content\/uploads\/2026\/01\/415dc20b-7d51-4845-9bbb-13bd99b8e201-225x300.jpg 225w, https:\/\/gertrudsunivers.dk\/wp-content\/uploads\/2026\/01\/415dc20b-7d51-4845-9bbb-13bd99b8e201-1152x1536.jpg 1152w, https:\/\/gertrudsunivers.dk\/wp-content\/uploads\/2026\/01\/415dc20b-7d51-4845-9bbb-13bd99b8e201-1536x2048.jpg 1536w, https:\/\/gertrudsunivers.dk\/wp-content\/uploads\/2026\/01\/415dc20b-7d51-4845-9bbb-13bd99b8e201-1320x1760.jpg 1320w, https:\/\/gertrudsunivers.dk\/wp-content\/uploads\/2026\/01\/415dc20b-7d51-4845-9bbb-13bd99b8e201-400x533.jpg 400w, https:\/\/gertrudsunivers.dk\/wp-content\/uploads\/2026\/01\/415dc20b-7d51-4845-9bbb-13bd99b8e201-scaled.jpg 1920w\" sizes=\"auto, (max-width: 768px) 100vw, 768px\" \/><\/figure>\n<\/div><\/div>\n\n<\/div><\/div>\n\n\n<div style=\"height:45px\" aria-hidden=\"true\" class=\"wp-block-spacer\"><\/div>","protected":false},"excerpt":{"rendered":"<p>Tips &amp; Tricks til Glimmer Glimmer giver ansigtsmaling det sidste magiske touch \u2013 men kan ogs\u00e5 bruges alene for et enkelt og funklende look. Med de rette teknikker kan du nemt p\u00e5f\u00f8re glimmer j\u00e6vnt og sikkert, uanset om du \u00f8nsker et diskret shimmer eller en i\u00f8jnefaldende effekt til b\u00f8rnef\u00f8dselsdage, fastelavn, festivaler eller andre events. Tips&#8230;<\/p>","protected":false},"author":1,"featured_media":0,"parent":0,"menu_order":0,"comment_status":"closed","ping_status":"closed","template":"","meta":{"_kad_post_transparent":"","_kad_post_title":"hide","_kad_post_layout":"normal","_kad_post_sidebar_id":"","_kad_post_content_style":"unboxed","_kad_post_vertical_padding":"hide","_kad_post_feature":"","_kad_post_feature_position":"","_kad_post_header":false,"_kad_post_footer":false,"_kad_post_classname":"","footnotes":""},"class_list":["post-867","page","type-page","status-publish","hentry"],"yoast_head":"<!-- This site is optimized with the Yoast SEO plugin v27.4 - https:\/\/yoast.com\/product\/yoast-seo-wordpress\/ -->\n<title>Tips &amp; Tricks til Glimmer - Gertruds Univers<\/title>\n<meta name=\"robots\" content=\"index, follow, max-snippet:-1, max-image-preview:large, max-video-preview:-1\" \/>\n<link rel=\"canonical\" href=\"https:\/\/gertrudsunivers.dk\/en\/tips-tricks-til-glimmer\/\" \/>\n<meta property=\"og:locale\" content=\"en_US\" \/>\n<meta property=\"og:type\" content=\"article\" \/>\n<meta property=\"og:title\" content=\"Tips &amp; Tricks til Glimmer - Gertruds Univers\" \/>\n<meta property=\"og:description\" content=\"Tips &amp; Tricks til Glimmer Glimmer giver ansigtsmaling det sidste magiske touch \u2013 men kan ogs\u00e5 bruges alene for et enkelt og funklende look. Med de rette teknikker kan du nemt p\u00e5f\u00f8re glimmer j\u00e6vnt og sikkert, uanset om du \u00f8nsker et diskret shimmer eller en i\u00f8jnefaldende effekt til b\u00f8rnef\u00f8dselsdage, fastelavn, festivaler eller andre events. Tips...\" \/>\n<meta property=\"og:url\" content=\"https:\/\/gertrudsunivers.dk\/en\/tips-tricks-til-glimmer\/\" \/>\n<meta property=\"og:site_name\" content=\"Gertruds Univers\" \/>\n<meta property=\"article:publisher\" content=\"https:\/\/www.facebook.com\/profile.php?id=100092394438832\" \/>\n<meta property=\"article:modified_time\" content=\"2026-01-26T14:37:02+00:00\" \/>\n<meta property=\"og:image\" content=\"https:\/\/gertrudsunivers.dk\/wp-content\/uploads\/2026\/01\/415dc20b-7d51-4845-9bbb-13bd99b8e201-scaled.jpg\" \/>\n\t<meta property=\"og:image:width\" content=\"1920\" \/>\n\t<meta property=\"og:image:height\" content=\"2560\" \/>\n\t<meta property=\"og:image:type\" content=\"image\/jpeg\" \/>\n<meta name=\"twitter:card\" content=\"summary_large_image\" \/>\n<meta name=\"twitter:label1\" content=\"Est. reading time\" \/>\n\t<meta name=\"twitter:data1\" content=\"2 minutes\" \/>\n<script type=\"application\/ld+json\" class=\"yoast-schema-graph\">{\"@context\":\"https:\\\/\\\/schema.org\",\"@graph\":[{\"@type\":\"WebPage\",\"@id\":\"https:\\\/\\\/gertrudsunivers.dk\\\/tips-tricks-til-glimmer\\\/\",\"url\":\"https:\\\/\\\/gertrudsunivers.dk\\\/tips-tricks-til-glimmer\\\/\",\"name\":\"Tips &amp; Tricks til Glimmer - Gertruds Univers\",\"isPartOf\":{\"@id\":\"https:\\\/\\\/gertrudsunivers.dk\\\/#website\"},\"primaryImageOfPage\":{\"@id\":\"https:\\\/\\\/gertrudsunivers.dk\\\/tips-tricks-til-glimmer\\\/#primaryimage\"},\"image\":{\"@id\":\"https:\\\/\\\/gertrudsunivers.dk\\\/tips-tricks-til-glimmer\\\/#primaryimage\"},\"thumbnailUrl\":\"https:\\\/\\\/gertrudsunivers.dk\\\/wp-content\\\/uploads\\\/2026\\\/01\\\/415dc20b-7d51-4845-9bbb-13bd99b8e201-768x1024.jpg\",\"datePublished\":\"2026-01-26T14:37:00+00:00\",\"dateModified\":\"2026-01-26T14:37:02+00:00\",\"breadcrumb\":{\"@id\":\"https:\\\/\\\/gertrudsunivers.dk\\\/tips-tricks-til-glimmer\\\/#breadcrumb\"},\"inLanguage\":\"en-US\",\"potentialAction\":[{\"@type\":\"ReadAction\",\"target\":[\"https:\\\/\\\/gertrudsunivers.dk\\\/tips-tricks-til-glimmer\\\/\"]}]},{\"@type\":\"ImageObject\",\"inLanguage\":\"en-US\",\"@id\":\"https:\\\/\\\/gertrudsunivers.dk\\\/tips-tricks-til-glimmer\\\/#primaryimage\",\"url\":\"https:\\\/\\\/gertrudsunivers.dk\\\/wp-content\\\/uploads\\\/2026\\\/01\\\/415dc20b-7d51-4845-9bbb-13bd99b8e201-768x1024.jpg\",\"contentUrl\":\"https:\\\/\\\/gertrudsunivers.dk\\\/wp-content\\\/uploads\\\/2026\\\/01\\\/415dc20b-7d51-4845-9bbb-13bd99b8e201-768x1024.jpg\"},{\"@type\":\"BreadcrumbList\",\"@id\":\"https:\\\/\\\/gertrudsunivers.dk\\\/tips-tricks-til-glimmer\\\/#breadcrumb\",\"itemListElement\":[{\"@type\":\"ListItem\",\"position\":1,\"name\":\"Hjem\",\"item\":\"https:\\\/\\\/gertrudsunivers.dk\\\/\"},{\"@type\":\"ListItem\",\"position\":2,\"name\":\"Tips &amp; Tricks til Glimmer\"}]},{\"@type\":\"WebSite\",\"@id\":\"https:\\\/\\\/gertrudsunivers.dk\\\/#website\",\"url\":\"https:\\\/\\\/gertrudsunivers.dk\\\/\",\"name\":\"Gertruds Univers\",\"description\":\"En ny start p\u00e5 Gertruds Univers\",\"publisher\":{\"@id\":\"https:\\\/\\\/gertrudsunivers.dk\\\/#organization\"},\"potentialAction\":[{\"@type\":\"SearchAction\",\"target\":{\"@type\":\"EntryPoint\",\"urlTemplate\":\"https:\\\/\\\/gertrudsunivers.dk\\\/?s={search_term_string}\"},\"query-input\":{\"@type\":\"PropertyValueSpecification\",\"valueRequired\":true,\"valueName\":\"search_term_string\"}}],\"inLanguage\":\"en-US\"},{\"@type\":\"Organization\",\"@id\":\"https:\\\/\\\/gertrudsunivers.dk\\\/#organization\",\"name\":\"Gertruds Univers\",\"url\":\"https:\\\/\\\/gertrudsunivers.dk\\\/\",\"logo\":{\"@type\":\"ImageObject\",\"inLanguage\":\"en-US\",\"@id\":\"https:\\\/\\\/gertrudsunivers.dk\\\/#\\\/schema\\\/logo\\\/image\\\/\",\"url\":\"https:\\\/\\\/gertrudsunivers.dk\\\/wp-content\\\/uploads\\\/2025\\\/11\\\/cropped-Gertruds-Univers-SoMe-4-scaled-1.png\",\"contentUrl\":\"https:\\\/\\\/gertrudsunivers.dk\\\/wp-content\\\/uploads\\\/2025\\\/11\\\/cropped-Gertruds-Univers-SoMe-4-scaled-1.png\",\"width\":2560,\"height\":2560,\"caption\":\"Gertruds Univers\"},\"image\":{\"@id\":\"https:\\\/\\\/gertrudsunivers.dk\\\/#\\\/schema\\\/logo\\\/image\\\/\"},\"sameAs\":[\"https:\\\/\\\/www.facebook.com\\\/profile.php?id=100092394438832\"]}]}<\/script>\n<!-- \/ Yoast SEO plugin. -->","yoast_head_json":{"title":"Tips &amp; Tricks til Glimmer - Gertruds Univers","robots":{"index":"index","follow":"follow","max-snippet":"max-snippet:-1","max-image-preview":"max-image-preview:large","max-video-preview":"max-video-preview:-1"},"canonical":"https:\/\/gertrudsunivers.dk\/en\/tips-tricks-til-glimmer\/","og_locale":"en_US","og_type":"article","og_title":"Tips &amp; Tricks til Glimmer - Gertruds Univers","og_description":"Tips &amp; Tricks til Glimmer Glimmer giver ansigtsmaling det sidste magiske touch \u2013 men kan ogs\u00e5 bruges alene for et enkelt og funklende look. Med de rette teknikker kan du nemt p\u00e5f\u00f8re glimmer j\u00e6vnt og sikkert, uanset om du \u00f8nsker et diskret shimmer eller en i\u00f8jnefaldende effekt til b\u00f8rnef\u00f8dselsdage, fastelavn, festivaler eller andre events. Tips...","og_url":"https:\/\/gertrudsunivers.dk\/en\/tips-tricks-til-glimmer\/","og_site_name":"Gertruds Univers","article_publisher":"https:\/\/www.facebook.com\/profile.php?id=100092394438832","article_modified_time":"2026-01-26T14:37:02+00:00","og_image":[{"width":1920,"height":2560,"url":"https:\/\/gertrudsunivers.dk\/wp-content\/uploads\/2026\/01\/415dc20b-7d51-4845-9bbb-13bd99b8e201-scaled.jpg","type":"image\/jpeg"}],"twitter_card":"summary_large_image","twitter_misc":{"Est. reading time":"2 minutes"},"schema":{"@context":"https:\/\/schema.org","@graph":[{"@type":"WebPage","@id":"https:\/\/gertrudsunivers.dk\/tips-tricks-til-glimmer\/","url":"https:\/\/gertrudsunivers.dk\/tips-tricks-til-glimmer\/","name":"Tips &amp; Tricks til Glimmer - Gertruds Univers","isPartOf":{"@id":"https:\/\/gertrudsunivers.dk\/#website"},"primaryImageOfPage":{"@id":"https:\/\/gertrudsunivers.dk\/tips-tricks-til-glimmer\/#primaryimage"},"image":{"@id":"https:\/\/gertrudsunivers.dk\/tips-tricks-til-glimmer\/#primaryimage"},"thumbnailUrl":"https:\/\/gertrudsunivers.dk\/wp-content\/uploads\/2026\/01\/415dc20b-7d51-4845-9bbb-13bd99b8e201-768x1024.jpg","datePublished":"2026-01-26T14:37:00+00:00","dateModified":"2026-01-26T14:37:02+00:00","breadcrumb":{"@id":"https:\/\/gertrudsunivers.dk\/tips-tricks-til-glimmer\/#breadcrumb"},"inLanguage":"en-US","potentialAction":[{"@type":"ReadAction","target":["https:\/\/gertrudsunivers.dk\/tips-tricks-til-glimmer\/"]}]},{"@type":"ImageObject","inLanguage":"en-US","@id":"https:\/\/gertrudsunivers.dk\/tips-tricks-til-glimmer\/#primaryimage","url":"https:\/\/gertrudsunivers.dk\/wp-content\/uploads\/2026\/01\/415dc20b-7d51-4845-9bbb-13bd99b8e201-768x1024.jpg","contentUrl":"https:\/\/gertrudsunivers.dk\/wp-content\/uploads\/2026\/01\/415dc20b-7d51-4845-9bbb-13bd99b8e201-768x1024.jpg"},{"@type":"BreadcrumbList","@id":"https:\/\/gertrudsunivers.dk\/tips-tricks-til-glimmer\/#breadcrumb","itemListElement":[{"@type":"ListItem","position":1,"name":"Hjem","item":"https:\/\/gertrudsunivers.dk\/"},{"@type":"ListItem","position":2,"name":"Tips &amp; Tricks til Glimmer"}]},{"@type":"WebSite","@id":"https:\/\/gertrudsunivers.dk\/#website","url":"https:\/\/gertrudsunivers.dk\/","name":"Gertruds Univers","description":"En ny start p\u00e5 Gertruds Univers","publisher":{"@id":"https:\/\/gertrudsunivers.dk\/#organization"},"potentialAction":[{"@type":"SearchAction","target":{"@type":"EntryPoint","urlTemplate":"https:\/\/gertrudsunivers.dk\/?s={search_term_string}"},"query-input":{"@type":"PropertyValueSpecification","valueRequired":true,"valueName":"search_term_string"}}],"inLanguage":"en-US"},{"@type":"Organization","@id":"https:\/\/gertrudsunivers.dk\/#organization","name":"Gertruds Univers","url":"https:\/\/gertrudsunivers.dk\/","logo":{"@type":"ImageObject","inLanguage":"en-US","@id":"https:\/\/gertrudsunivers.dk\/#\/schema\/logo\/image\/","url":"https:\/\/gertrudsunivers.dk\/wp-content\/uploads\/2025\/11\/cropped-Gertruds-Univers-SoMe-4-scaled-1.png","contentUrl":"https:\/\/gertrudsunivers.dk\/wp-content\/uploads\/2025\/11\/cropped-Gertruds-Univers-SoMe-4-scaled-1.png","width":2560,"height":2560,"caption":"Gertruds Univers"},"image":{"@id":"https:\/\/gertrudsunivers.dk\/#\/schema\/logo\/image\/"},"sameAs":["https:\/\/www.facebook.com\/profile.php?id=100092394438832"]}]}},"_links":{"self":[{"href":"https:\/\/gertrudsunivers.dk\/en\/wp-json\/wp\/v2\/pages\/867","targetHints":{"allow":["GET"]}}],"collection":[{"href":"https:\/\/gertrudsunivers.dk\/en\/wp-json\/wp\/v2\/pages"}],"about":[{"href":"https:\/\/gertrudsunivers.dk\/en\/wp-json\/wp\/v2\/types\/page"}],"author":[{"embeddable":true,"href":"https:\/\/gertrudsunivers.dk\/en\/wp-json\/wp\/v2\/users\/1"}],"replies":[{"embeddable":true,"href":"https:\/\/gertrudsunivers.dk\/en\/wp-json\/wp\/v2\/comments?post=867"}],"version-history":[{"count":2,"href":"https:\/\/gertrudsunivers.dk\/en\/wp-json\/wp\/v2\/pages\/867\/revisions"}],"predecessor-version":[{"id":1467,"href":"https:\/\/gertrudsunivers.dk\/en\/wp-json\/wp\/v2\/pages\/867\/revisions\/1467"}],"wp:attachment":[{"href":"https:\/\/gertrudsunivers.dk\/en\/wp-json\/wp\/v2\/media?parent=867"}],"curies":[{"name":"wp","href":"https:\/\/api.w.org\/{rel}","templated":true}]}}