{"id":1048,"date":"2026-01-17T22:07:28","date_gmt":"2026-01-17T22:07:28","guid":{"rendered":"https:\/\/gertrudsunivers.dk\/?post_type=product&#038;p=1048"},"modified":"2026-01-29T12:47:49","modified_gmt":"2026-01-29T12:47:49","slug":"superstar-crystal-jubilee-shimmer","status":"publish","type":"product","link":"https:\/\/gertrudsunivers.dk\/en\/product\/superstar-crystal-jubilee-shimmer\/","title":{"rendered":"SUPERSTAR &#8211; Crystal Jubilee (shimmer)"},"content":{"rendered":"<p><span style=\"font-weight: 400;\">Ansigtsmalingen fra Superstar er produceret i Holland og udviklet i overensstemmelse med EU\u2019s kosmetiklovgivning. Derfor er produkterne fri for parfume og parabener og er ikke testet p\u00e5 dyr.<br \/>\n<\/span><span style=\"font-weight: 400;\">Den glycerinbaserede formel g\u00f8r ansigtsmalingen behagelig p\u00e5 huden og nem at arbejde med. Samtidig sikrer den et flot og professionelt resultat, uanset om du bruger pensel eller svamp, og g\u00f8r ansigtsmalingen velegnet til b\u00e5de b\u00f8rn og voksne.<\/span><\/p>\n<h5><b>S\u00e5dan bruger du det<\/b><\/h5>\n<ul>\n<li><span style=\"font-weight: 400;\">Superstar ansigtsmaling aktiveres med vand. Fugt din pensel eller svamp let, enten med en sprayflaske eller i en kop med vand og arbejd farven op, indtil du har den \u00f8nskede konsistens.<\/span><\/li>\n<li>P\u00e5f\u00f8r ansigtsmalingen med svamp til st\u00f8rre flader eller med pensel til detaljer, linjer og skygger. Farven t\u00f8rrer hurtigt p\u00e5 huden og smitter ikke af, n\u00e5r den er t\u00f8r.<\/li>\n<li>Ansigtsmalingen fjernes nemt igen med mild s\u00e6be og lunkent vand. For bedst holdbarhed anbefales det at lade farven luftt\u00f8rre helt, f\u00f8r produktet lukkes og opbevares.<\/li>\n<\/ul>\n<h5><strong>Du kan ogs\u00e5 l\u00e6se vores bedste Tips og tricks til ansigtsmaling lige <span style=\"text-decoration: underline;\"><em><span style=\"color: #cc99ff;\"><a style=\"color: #cc99ff; text-decoration: underline;\" href=\"https:\/\/gertrudsunivers.dk\/en\/tips-og-tricks-til-ansigtsmaling\/\">her<\/a><\/span><\/em><\/span><\/strong><\/h5>","protected":false},"excerpt":{"rendered":"<p><span style=\"font-weight: 400;\">Crystal Jubilee er en intens lilla shimmer ansigtsmaling fra Superstar med dybde og giver et eksklusivt og i\u00f8jnefaldende udtryk og er perfekt til detaljer og base i kreative designs. Ideel til prinsesse, blomster, sommerfulge, feer og andre fine designs.<\/span><\/p>","protected":false},"featured_media":1051,"comment_status":"open","ping_status":"closed","template":"","meta":{"_kad_post_transparent":"default","_kad_post_title":"","_kad_post_layout":"default","_kad_post_sidebar_id":"","_kad_post_content_style":"default","_kad_post_vertical_padding":"default","_kad_post_feature":"","_kad_post_feature_position":"","_kad_post_header":false,"_kad_post_footer":false,"_kad_post_classname":""},"product_brand":[23],"product_cat":[38,39],"product_tag":[],"class_list":{"0":"post-1048","1":"product","2":"type-product","3":"status-publish","4":"has-post-thumbnail","6":"product_brand-superstar","7":"product_cat-ansigtsmaling","8":"product_cat-ansigtsmaling-enkeltfarver","10":"first","11":"instock","12":"taxable","13":"shipping-taxable","14":"purchasable","15":"product-type-variable","16":"has-default-attributes","17":"entry","18":"content-bg","19":"loop-entry"},"yoast_head":"<!-- This site is optimized with the Yoast SEO plugin v27.4 - https:\/\/yoast.com\/product\/yoast-seo-wordpress\/ -->\n<title>SUPERSTAR - Crystal Jubilee (shimmer) - Gertruds Univers<\/title>\n<meta name=\"description\" content=\"Crystal Jubilee er en intens lilla shimmer ansigtsmaling fra Superstar med dybde og giver et eksklusivt og i\u00f8jnefaldende udtryk.\" \/>\n<meta name=\"robots\" content=\"index, follow, max-snippet:-1, max-image-preview:large, max-video-preview:-1\" \/>\n<link rel=\"canonical\" href=\"https:\/\/gertrudsunivers.dk\/en\/product\/superstar-crystal-jubilee-shimmer\/\" \/>\n<meta property=\"og:locale\" content=\"en_US\" \/>\n<meta property=\"og:type\" content=\"article\" \/>\n<meta property=\"og:title\" content=\"SUPERSTAR - Crystal Jubilee (shimmer) - Gertruds Univers\" \/>\n<meta property=\"og:description\" content=\"Crystal Jubilee er en intens lilla shimmer ansigtsmaling fra Superstar med dybde og giver et eksklusivt og i\u00f8jnefaldende udtryk.\" \/>\n<meta property=\"og:url\" content=\"https:\/\/gertrudsunivers.dk\/en\/product\/superstar-crystal-jubilee-shimmer\/\" \/>\n<meta property=\"og:site_name\" content=\"Gertruds Univers\" \/>\n<meta property=\"article:publisher\" content=\"https:\/\/www.facebook.com\/profile.php?id=100092394438832\" \/>\n<meta property=\"article:modified_time\" content=\"2026-01-29T12:47:49+00:00\" \/>\n<meta property=\"og:image\" content=\"https:\/\/gertrudsunivers.dk\/wp-content\/uploads\/2026\/01\/139-00.234-AQUA-FACE-AND-BODYPAINT-Crystal-Jubilee-shimmer_1.jpg\" \/>\n\t<meta property=\"og:image:width\" content=\"1000\" \/>\n\t<meta property=\"og:image:height\" content=\"1000\" \/>\n\t<meta property=\"og:image:type\" content=\"image\/jpeg\" \/>\n<meta name=\"twitter:card\" content=\"summary_large_image\" \/>\n<meta name=\"twitter:label1\" content=\"Est. reading time\" \/>\n\t<meta name=\"twitter:data1\" content=\"2 minutes\" \/>\n<script type=\"application\/ld+json\" class=\"yoast-schema-graph\">{\"@context\":\"https:\\\/\\\/schema.org\",\"@graph\":[{\"@type\":\"WebPage\",\"@id\":\"https:\\\/\\\/gertrudsunivers.dk\\\/vare\\\/superstar-crystal-jubilee-shimmer\\\/\",\"url\":\"https:\\\/\\\/gertrudsunivers.dk\\\/vare\\\/superstar-crystal-jubilee-shimmer\\\/\",\"name\":\"SUPERSTAR - Crystal Jubilee (shimmer) - Gertruds Univers\",\"isPartOf\":{\"@id\":\"https:\\\/\\\/gertrudsunivers.dk\\\/#website\"},\"primaryImageOfPage\":{\"@id\":\"https:\\\/\\\/gertrudsunivers.dk\\\/vare\\\/superstar-crystal-jubilee-shimmer\\\/#primaryimage\"},\"image\":{\"@id\":\"https:\\\/\\\/gertrudsunivers.dk\\\/vare\\\/superstar-crystal-jubilee-shimmer\\\/#primaryimage\"},\"thumbnailUrl\":\"https:\\\/\\\/gertrudsunivers.dk\\\/wp-content\\\/uploads\\\/2026\\\/01\\\/139-00.234-AQUA-FACE-AND-BODYPAINT-Crystal-Jubilee-shimmer_1.jpg\",\"datePublished\":\"2026-01-17T22:07:28+00:00\",\"dateModified\":\"2026-01-29T12:47:49+00:00\",\"description\":\"Crystal Jubilee er en intens lilla shimmer ansigtsmaling fra Superstar med dybde og giver et eksklusivt og i\u00f8jnefaldende udtryk.\",\"breadcrumb\":{\"@id\":\"https:\\\/\\\/gertrudsunivers.dk\\\/vare\\\/superstar-crystal-jubilee-shimmer\\\/#breadcrumb\"},\"inLanguage\":\"en-US\",\"potentialAction\":[{\"@type\":\"ReadAction\",\"target\":[\"https:\\\/\\\/gertrudsunivers.dk\\\/vare\\\/superstar-crystal-jubilee-shimmer\\\/\"]}]},{\"@type\":\"ImageObject\",\"inLanguage\":\"en-US\",\"@id\":\"https:\\\/\\\/gertrudsunivers.dk\\\/vare\\\/superstar-crystal-jubilee-shimmer\\\/#primaryimage\",\"url\":\"https:\\\/\\\/gertrudsunivers.dk\\\/wp-content\\\/uploads\\\/2026\\\/01\\\/139-00.234-AQUA-FACE-AND-BODYPAINT-Crystal-Jubilee-shimmer_1.jpg\",\"contentUrl\":\"https:\\\/\\\/gertrudsunivers.dk\\\/wp-content\\\/uploads\\\/2026\\\/01\\\/139-00.234-AQUA-FACE-AND-BODYPAINT-Crystal-Jubilee-shimmer_1.jpg\",\"width\":1000,\"height\":1000},{\"@type\":\"BreadcrumbList\",\"@id\":\"https:\\\/\\\/gertrudsunivers.dk\\\/vare\\\/superstar-crystal-jubilee-shimmer\\\/#breadcrumb\",\"itemListElement\":[{\"@type\":\"ListItem\",\"position\":1,\"name\":\"Hjem\",\"item\":\"https:\\\/\\\/gertrudsunivers.dk\\\/\"},{\"@type\":\"ListItem\",\"position\":2,\"name\":\"Gertruds Webshop\",\"item\":\"https:\\\/\\\/gertrudsunivers.dk\\\/shop\\\/\"},{\"@type\":\"ListItem\",\"position\":3,\"name\":\"SUPERSTAR &#8211; Crystal Jubilee (shimmer)\"}]},{\"@type\":\"WebSite\",\"@id\":\"https:\\\/\\\/gertrudsunivers.dk\\\/#website\",\"url\":\"https:\\\/\\\/gertrudsunivers.dk\\\/\",\"name\":\"Gertruds Univers\",\"description\":\"En ny start p\u00e5 Gertruds Univers\",\"publisher\":{\"@id\":\"https:\\\/\\\/gertrudsunivers.dk\\\/#organization\"},\"potentialAction\":[{\"@type\":\"SearchAction\",\"target\":{\"@type\":\"EntryPoint\",\"urlTemplate\":\"https:\\\/\\\/gertrudsunivers.dk\\\/?s={search_term_string}\"},\"query-input\":{\"@type\":\"PropertyValueSpecification\",\"valueRequired\":true,\"valueName\":\"search_term_string\"}}],\"inLanguage\":\"en-US\"},{\"@type\":\"Organization\",\"@id\":\"https:\\\/\\\/gertrudsunivers.dk\\\/#organization\",\"name\":\"Gertruds Univers\",\"url\":\"https:\\\/\\\/gertrudsunivers.dk\\\/\",\"logo\":{\"@type\":\"ImageObject\",\"inLanguage\":\"en-US\",\"@id\":\"https:\\\/\\\/gertrudsunivers.dk\\\/#\\\/schema\\\/logo\\\/image\\\/\",\"url\":\"https:\\\/\\\/gertrudsunivers.dk\\\/wp-content\\\/uploads\\\/2025\\\/11\\\/cropped-Gertruds-Univers-SoMe-4-scaled-1.png\",\"contentUrl\":\"https:\\\/\\\/gertrudsunivers.dk\\\/wp-content\\\/uploads\\\/2025\\\/11\\\/cropped-Gertruds-Univers-SoMe-4-scaled-1.png\",\"width\":2560,\"height\":2560,\"caption\":\"Gertruds Univers\"},\"image\":{\"@id\":\"https:\\\/\\\/gertrudsunivers.dk\\\/#\\\/schema\\\/logo\\\/image\\\/\"},\"sameAs\":[\"https:\\\/\\\/www.facebook.com\\\/profile.php?id=100092394438832\"]}]}<\/script>\n<!-- \/ Yoast SEO plugin. -->","yoast_head_json":{"title":"SUPERSTAR - Crystal Jubilee (shimmer) - Gertruds Univers","description":"Crystal Jubilee er en intens lilla shimmer ansigtsmaling fra Superstar med dybde og giver et eksklusivt og i\u00f8jnefaldende udtryk.","robots":{"index":"index","follow":"follow","max-snippet":"max-snippet:-1","max-image-preview":"max-image-preview:large","max-video-preview":"max-video-preview:-1"},"canonical":"https:\/\/gertrudsunivers.dk\/en\/product\/superstar-crystal-jubilee-shimmer\/","og_locale":"en_US","og_type":"article","og_title":"SUPERSTAR - Crystal Jubilee (shimmer) - Gertruds Univers","og_description":"Crystal Jubilee er en intens lilla shimmer ansigtsmaling fra Superstar med dybde og giver et eksklusivt og i\u00f8jnefaldende udtryk.","og_url":"https:\/\/gertrudsunivers.dk\/en\/product\/superstar-crystal-jubilee-shimmer\/","og_site_name":"Gertruds Univers","article_publisher":"https:\/\/www.facebook.com\/profile.php?id=100092394438832","article_modified_time":"2026-01-29T12:47:49+00:00","og_image":[{"width":1000,"height":1000,"url":"https:\/\/gertrudsunivers.dk\/wp-content\/uploads\/2026\/01\/139-00.234-AQUA-FACE-AND-BODYPAINT-Crystal-Jubilee-shimmer_1.jpg","type":"image\/jpeg"}],"twitter_card":"summary_large_image","twitter_misc":{"Est. reading time":"2 minutes"},"schema":{"@context":"https:\/\/schema.org","@graph":[{"@type":"WebPage","@id":"https:\/\/gertrudsunivers.dk\/vare\/superstar-crystal-jubilee-shimmer\/","url":"https:\/\/gertrudsunivers.dk\/vare\/superstar-crystal-jubilee-shimmer\/","name":"SUPERSTAR - Crystal Jubilee (shimmer) - Gertruds Univers","isPartOf":{"@id":"https:\/\/gertrudsunivers.dk\/#website"},"primaryImageOfPage":{"@id":"https:\/\/gertrudsunivers.dk\/vare\/superstar-crystal-jubilee-shimmer\/#primaryimage"},"image":{"@id":"https:\/\/gertrudsunivers.dk\/vare\/superstar-crystal-jubilee-shimmer\/#primaryimage"},"thumbnailUrl":"https:\/\/gertrudsunivers.dk\/wp-content\/uploads\/2026\/01\/139-00.234-AQUA-FACE-AND-BODYPAINT-Crystal-Jubilee-shimmer_1.jpg","datePublished":"2026-01-17T22:07:28+00:00","dateModified":"2026-01-29T12:47:49+00:00","description":"Crystal Jubilee er en intens lilla shimmer ansigtsmaling fra Superstar med dybde og giver et eksklusivt og i\u00f8jnefaldende udtryk.","breadcrumb":{"@id":"https:\/\/gertrudsunivers.dk\/vare\/superstar-crystal-jubilee-shimmer\/#breadcrumb"},"inLanguage":"en-US","potentialAction":[{"@type":"ReadAction","target":["https:\/\/gertrudsunivers.dk\/vare\/superstar-crystal-jubilee-shimmer\/"]}]},{"@type":"ImageObject","inLanguage":"en-US","@id":"https:\/\/gertrudsunivers.dk\/vare\/superstar-crystal-jubilee-shimmer\/#primaryimage","url":"https:\/\/gertrudsunivers.dk\/wp-content\/uploads\/2026\/01\/139-00.234-AQUA-FACE-AND-BODYPAINT-Crystal-Jubilee-shimmer_1.jpg","contentUrl":"https:\/\/gertrudsunivers.dk\/wp-content\/uploads\/2026\/01\/139-00.234-AQUA-FACE-AND-BODYPAINT-Crystal-Jubilee-shimmer_1.jpg","width":1000,"height":1000},{"@type":"BreadcrumbList","@id":"https:\/\/gertrudsunivers.dk\/vare\/superstar-crystal-jubilee-shimmer\/#breadcrumb","itemListElement":[{"@type":"ListItem","position":1,"name":"Hjem","item":"https:\/\/gertrudsunivers.dk\/"},{"@type":"ListItem","position":2,"name":"Gertruds Webshop","item":"https:\/\/gertrudsunivers.dk\/shop\/"},{"@type":"ListItem","position":3,"name":"SUPERSTAR &#8211; Crystal Jubilee (shimmer)"}]},{"@type":"WebSite","@id":"https:\/\/gertrudsunivers.dk\/#website","url":"https:\/\/gertrudsunivers.dk\/","name":"Gertruds Univers","description":"En ny start p\u00e5 Gertruds Univers","publisher":{"@id":"https:\/\/gertrudsunivers.dk\/#organization"},"potentialAction":[{"@type":"SearchAction","target":{"@type":"EntryPoint","urlTemplate":"https:\/\/gertrudsunivers.dk\/?s={search_term_string}"},"query-input":{"@type":"PropertyValueSpecification","valueRequired":true,"valueName":"search_term_string"}}],"inLanguage":"en-US"},{"@type":"Organization","@id":"https:\/\/gertrudsunivers.dk\/#organization","name":"Gertruds Univers","url":"https:\/\/gertrudsunivers.dk\/","logo":{"@type":"ImageObject","inLanguage":"en-US","@id":"https:\/\/gertrudsunivers.dk\/#\/schema\/logo\/image\/","url":"https:\/\/gertrudsunivers.dk\/wp-content\/uploads\/2025\/11\/cropped-Gertruds-Univers-SoMe-4-scaled-1.png","contentUrl":"https:\/\/gertrudsunivers.dk\/wp-content\/uploads\/2025\/11\/cropped-Gertruds-Univers-SoMe-4-scaled-1.png","width":2560,"height":2560,"caption":"Gertruds Univers"},"image":{"@id":"https:\/\/gertrudsunivers.dk\/#\/schema\/logo\/image\/"},"sameAs":["https:\/\/www.facebook.com\/profile.php?id=100092394438832"]}]}},"_links":{"self":[{"href":"https:\/\/gertrudsunivers.dk\/en\/wp-json\/wp\/v2\/product\/1048","targetHints":{"allow":["GET"]}}],"collection":[{"href":"https:\/\/gertrudsunivers.dk\/en\/wp-json\/wp\/v2\/product"}],"about":[{"href":"https:\/\/gertrudsunivers.dk\/en\/wp-json\/wp\/v2\/types\/product"}],"replies":[{"embeddable":true,"href":"https:\/\/gertrudsunivers.dk\/en\/wp-json\/wp\/v2\/comments?post=1048"}],"wp:featuredmedia":[{"embeddable":true,"href":"https:\/\/gertrudsunivers.dk\/en\/wp-json\/wp\/v2\/media\/1051"}],"wp:attachment":[{"href":"https:\/\/gertrudsunivers.dk\/en\/wp-json\/wp\/v2\/media?parent=1048"}],"wp:term":[{"taxonomy":"product_brand","embeddable":true,"href":"https:\/\/gertrudsunivers.dk\/en\/wp-json\/wp\/v2\/product_brand?post=1048"},{"taxonomy":"product_cat","embeddable":true,"href":"https:\/\/gertrudsunivers.dk\/en\/wp-json\/wp\/v2\/product_cat?post=1048"},{"taxonomy":"product_tag","embeddable":true,"href":"https:\/\/gertrudsunivers.dk\/en\/wp-json\/wp\/v2\/product_tag?post=1048"}],"curies":[{"name":"wp","href":"https:\/\/api.w.org\/{rel}","templated":true}]}}