{"id":1064,"date":"2026-01-17T22:49:04","date_gmt":"2026-01-17T22:49:04","guid":{"rendered":"https:\/\/gertrudsunivers.dk\/?post_type=product&#038;p=1064"},"modified":"2026-01-17T22:56:59","modified_gmt":"2026-01-17T22:56:59","slug":"fusion-prime-strong-black","status":"publish","type":"product","link":"https:\/\/gertrudsunivers.dk\/en\/product\/fusion-prime-strong-black\/","title":{"rendered":"FUSION &#8211; Prime Strong Black"},"content":{"rendered":"<p><b>Fusion Body Art \u2013 Prime Face Paint<\/b><span style=\"font-weight: 400;\"> er en mat ansigtsmaling udviklet med fokus p\u00e5 professionel ydeevne, h\u00f8j pigmentering og hudkomfort. Serien er kendt for sine klare, intense farver og fremragende d\u00e6kkeevne allerede ved f\u00f8rste lag, hvilket g\u00f8r den ideel til b\u00e5de basearbejde, detaljer og linework.<\/span><\/p>\n<p><span style=\"font-weight: 400;\">Prime-farverne er fremstillet med kosmetiske ingredienser af h\u00f8j kvalitet og indeholder udelukkende FDA- og EU-godkendte pigmenter, som er sk\u00e5nsomme mod huden. Ansigtsmalingen t\u00f8rrer hurtigt til en holdbar finish, der ikke smitter af, og kan enten opbygges lag p\u00e5 lag eller blends, mens den er v\u00e5d, for bl\u00f8de overgange og nye nuancer.\u00a0<\/span><\/p>\n<p><span style=\"font-weight: 400;\">Et oplagt valg til b\u00e5de begyndere og professionelle, der \u00f8nsker p\u00e5lidelig kvalitet og flotte resultater \u2013 hver gang.<\/span><\/p>\n<p><span style=\"font-weight: 400;\">\u2714 Vegansk<\/span><span style=\"font-weight: 400;\"><br \/>\n<\/span><span style=\"font-weight: 400;\">\u2714 Ikke testet p\u00e5 dyr<\/span><span style=\"font-weight: 400;\"><br \/>\n<\/span><span style=\"font-weight: 400;\">\u2714 Parfumefri<\/span><span style=\"font-weight: 400;\"><br \/>\n<\/span><span style=\"font-weight: 400;\">\u2714 Glutenfri<\/span><span style=\"font-weight: 400;\"><br \/>\n<\/span><span style=\"font-weight: 400;\">\u2714 Fri for parabener<\/span><\/p>\n<h5><b>S\u00e5dan bruger du det:<\/b><\/h5>\n<ul>\n<li><span style=\"font-weight: 400;\">Fusion ansigtsmalingen aktiveres med vand og kan p\u00e5f\u00f8res med b\u00e5de pensel og svamp. Pensel giver et let, transparent og bl\u00f8dt resultat, mens svamp giver mere d\u00e6kkeevne og et mere ensartet look.<\/span><\/li>\n<li><span style=\"font-weight: 400;\">Farven t\u00f8rrer hurtigt til en holdbar overflade, der ikke smitter af, og f\u00f8les behagelig p\u00e5 huden.<\/span><\/li>\n<\/ul>\n<h5><strong>Du kan ogs\u00e5 l\u00e6se vores bedste Tips og tricks til ansigtsmaling lige <span style=\"text-decoration: underline;\"><em><span style=\"color: #cc99ff;\"><a style=\"color: #cc99ff; text-decoration: underline;\" href=\"https:\/\/gertrudsunivers.dk\/en\/tips-og-tricks-til-ansigtsmaling\/\">her<\/a><\/span><\/em><\/span><\/strong><\/h5>\n<p><span style=\"font-weight: 400;\">\u00a0<\/span><\/p>","protected":false},"excerpt":{"rendered":"<p>Fusion Prime Strong Black er en dyb, intens sort ansigtsmaling med mat finish og ekstrem d\u00e6kkeevnet. Den er udviklet til at levere skarpe, pr\u00e6cise linjer og ensartede flader og er perfekt til professionelt linework, konturer, shading og stencil-arbejde.<\/p>","protected":false},"featured_media":1067,"comment_status":"open","ping_status":"closed","template":"","meta":{"_kad_post_transparent":"default","_kad_post_title":"","_kad_post_layout":"default","_kad_post_sidebar_id":"","_kad_post_content_style":"default","_kad_post_vertical_padding":"default","_kad_post_feature":"","_kad_post_feature_position":"","_kad_post_header":false,"_kad_post_footer":false,"_kad_post_classname":""},"product_brand":[24],"product_cat":[38,39],"product_tag":[],"class_list":{"0":"post-1064","1":"product","2":"type-product","3":"status-publish","4":"has-post-thumbnail","6":"product_brand-fusionbodyart","7":"product_cat-ansigtsmaling","8":"product_cat-ansigtsmaling-enkeltfarver","10":"first","11":"instock","12":"taxable","13":"shipping-taxable","14":"purchasable","15":"product-type-variable","16":"has-default-attributes","17":"entry","18":"content-bg","19":"loop-entry"},"yoast_head":"<!-- This site is optimized with the Yoast SEO plugin v27.4 - https:\/\/yoast.com\/product\/yoast-seo-wordpress\/ -->\n<title>FUSION - Prime Strong Black - Gertruds Univers<\/title>\n<meta name=\"description\" content=\"Fusion Prime Strong Black er en dyb, intens sort ansigtsmaling med mat finish, udviklet til skarpe, pr\u00e6cise linjer og ensartede flader.\" \/>\n<meta name=\"robots\" content=\"index, follow, max-snippet:-1, max-image-preview:large, max-video-preview:-1\" \/>\n<link rel=\"canonical\" href=\"https:\/\/gertrudsunivers.dk\/en\/product\/fusion-prime-strong-black\/\" \/>\n<meta property=\"og:locale\" content=\"en_US\" \/>\n<meta property=\"og:type\" content=\"article\" \/>\n<meta property=\"og:title\" content=\"FUSION - Prime Strong Black - Gertruds Univers\" \/>\n<meta property=\"og:description\" content=\"Fusion Prime Strong Black er en dyb, intens sort ansigtsmaling med mat finish, udviklet til skarpe, pr\u00e6cise linjer og ensartede flader.\" \/>\n<meta property=\"og:url\" content=\"https:\/\/gertrudsunivers.dk\/en\/product\/fusion-prime-strong-black\/\" \/>\n<meta property=\"og:site_name\" content=\"Gertruds Univers\" \/>\n<meta property=\"article:publisher\" content=\"https:\/\/www.facebook.com\/profile.php?id=100092394438832\" \/>\n<meta property=\"article:modified_time\" content=\"2026-01-17T22:56:59+00:00\" \/>\n<meta property=\"og:image\" content=\"https:\/\/gertrudsunivers.dk\/wp-content\/uploads\/2026\/01\/PRIME-STRONG-BLACK-50g-1.webp\" \/>\n\t<meta property=\"og:image:width\" content=\"1200\" \/>\n\t<meta property=\"og:image:height\" content=\"1200\" \/>\n\t<meta property=\"og:image:type\" content=\"image\/webp\" \/>\n<meta name=\"twitter:card\" content=\"summary_large_image\" \/>\n<meta name=\"twitter:label1\" content=\"Est. reading time\" \/>\n\t<meta name=\"twitter:data1\" content=\"2 minutes\" \/>\n<script type=\"application\/ld+json\" class=\"yoast-schema-graph\">{\"@context\":\"https:\\\/\\\/schema.org\",\"@graph\":[{\"@type\":\"WebPage\",\"@id\":\"https:\\\/\\\/gertrudsunivers.dk\\\/vare\\\/fusion-prime-strong-black\\\/\",\"url\":\"https:\\\/\\\/gertrudsunivers.dk\\\/vare\\\/fusion-prime-strong-black\\\/\",\"name\":\"FUSION - Prime Strong Black - Gertruds Univers\",\"isPartOf\":{\"@id\":\"https:\\\/\\\/gertrudsunivers.dk\\\/#website\"},\"primaryImageOfPage\":{\"@id\":\"https:\\\/\\\/gertrudsunivers.dk\\\/vare\\\/fusion-prime-strong-black\\\/#primaryimage\"},\"image\":{\"@id\":\"https:\\\/\\\/gertrudsunivers.dk\\\/vare\\\/fusion-prime-strong-black\\\/#primaryimage\"},\"thumbnailUrl\":\"https:\\\/\\\/gertrudsunivers.dk\\\/wp-content\\\/uploads\\\/2026\\\/01\\\/PRIME-STRONG-BLACK-50g-1.webp\",\"datePublished\":\"2026-01-17T22:49:04+00:00\",\"dateModified\":\"2026-01-17T22:56:59+00:00\",\"description\":\"Fusion Prime Strong Black er en dyb, intens sort ansigtsmaling med mat finish, udviklet til skarpe, pr\u00e6cise linjer og ensartede flader.\",\"breadcrumb\":{\"@id\":\"https:\\\/\\\/gertrudsunivers.dk\\\/vare\\\/fusion-prime-strong-black\\\/#breadcrumb\"},\"inLanguage\":\"en-US\",\"potentialAction\":[{\"@type\":\"ReadAction\",\"target\":[\"https:\\\/\\\/gertrudsunivers.dk\\\/vare\\\/fusion-prime-strong-black\\\/\"]}]},{\"@type\":\"ImageObject\",\"inLanguage\":\"en-US\",\"@id\":\"https:\\\/\\\/gertrudsunivers.dk\\\/vare\\\/fusion-prime-strong-black\\\/#primaryimage\",\"url\":\"https:\\\/\\\/gertrudsunivers.dk\\\/wp-content\\\/uploads\\\/2026\\\/01\\\/PRIME-STRONG-BLACK-50g-1.webp\",\"contentUrl\":\"https:\\\/\\\/gertrudsunivers.dk\\\/wp-content\\\/uploads\\\/2026\\\/01\\\/PRIME-STRONG-BLACK-50g-1.webp\",\"width\":1200,\"height\":1200},{\"@type\":\"BreadcrumbList\",\"@id\":\"https:\\\/\\\/gertrudsunivers.dk\\\/vare\\\/fusion-prime-strong-black\\\/#breadcrumb\",\"itemListElement\":[{\"@type\":\"ListItem\",\"position\":1,\"name\":\"Hjem\",\"item\":\"https:\\\/\\\/gertrudsunivers.dk\\\/\"},{\"@type\":\"ListItem\",\"position\":2,\"name\":\"Gertruds Webshop\",\"item\":\"https:\\\/\\\/gertrudsunivers.dk\\\/shop\\\/\"},{\"@type\":\"ListItem\",\"position\":3,\"name\":\"FUSION &#8211; Prime Strong Black\"}]},{\"@type\":\"WebSite\",\"@id\":\"https:\\\/\\\/gertrudsunivers.dk\\\/#website\",\"url\":\"https:\\\/\\\/gertrudsunivers.dk\\\/\",\"name\":\"Gertruds Univers\",\"description\":\"En ny start p\u00e5 Gertruds Univers\",\"publisher\":{\"@id\":\"https:\\\/\\\/gertrudsunivers.dk\\\/#organization\"},\"potentialAction\":[{\"@type\":\"SearchAction\",\"target\":{\"@type\":\"EntryPoint\",\"urlTemplate\":\"https:\\\/\\\/gertrudsunivers.dk\\\/?s={search_term_string}\"},\"query-input\":{\"@type\":\"PropertyValueSpecification\",\"valueRequired\":true,\"valueName\":\"search_term_string\"}}],\"inLanguage\":\"en-US\"},{\"@type\":\"Organization\",\"@id\":\"https:\\\/\\\/gertrudsunivers.dk\\\/#organization\",\"name\":\"Gertruds Univers\",\"url\":\"https:\\\/\\\/gertrudsunivers.dk\\\/\",\"logo\":{\"@type\":\"ImageObject\",\"inLanguage\":\"en-US\",\"@id\":\"https:\\\/\\\/gertrudsunivers.dk\\\/#\\\/schema\\\/logo\\\/image\\\/\",\"url\":\"https:\\\/\\\/gertrudsunivers.dk\\\/wp-content\\\/uploads\\\/2025\\\/11\\\/cropped-Gertruds-Univers-SoMe-4-scaled-1.png\",\"contentUrl\":\"https:\\\/\\\/gertrudsunivers.dk\\\/wp-content\\\/uploads\\\/2025\\\/11\\\/cropped-Gertruds-Univers-SoMe-4-scaled-1.png\",\"width\":2560,\"height\":2560,\"caption\":\"Gertruds Univers\"},\"image\":{\"@id\":\"https:\\\/\\\/gertrudsunivers.dk\\\/#\\\/schema\\\/logo\\\/image\\\/\"},\"sameAs\":[\"https:\\\/\\\/www.facebook.com\\\/profile.php?id=100092394438832\"]}]}<\/script>\n<!-- \/ Yoast SEO plugin. -->","yoast_head_json":{"title":"FUSION - Prime Strong Black - Gertruds Univers","description":"Fusion Prime Strong Black er en dyb, intens sort ansigtsmaling med mat finish, udviklet til skarpe, pr\u00e6cise linjer og ensartede flader.","robots":{"index":"index","follow":"follow","max-snippet":"max-snippet:-1","max-image-preview":"max-image-preview:large","max-video-preview":"max-video-preview:-1"},"canonical":"https:\/\/gertrudsunivers.dk\/en\/product\/fusion-prime-strong-black\/","og_locale":"en_US","og_type":"article","og_title":"FUSION - Prime Strong Black - Gertruds Univers","og_description":"Fusion Prime Strong Black er en dyb, intens sort ansigtsmaling med mat finish, udviklet til skarpe, pr\u00e6cise linjer og ensartede flader.","og_url":"https:\/\/gertrudsunivers.dk\/en\/product\/fusion-prime-strong-black\/","og_site_name":"Gertruds Univers","article_publisher":"https:\/\/www.facebook.com\/profile.php?id=100092394438832","article_modified_time":"2026-01-17T22:56:59+00:00","og_image":[{"width":1200,"height":1200,"url":"https:\/\/gertrudsunivers.dk\/wp-content\/uploads\/2026\/01\/PRIME-STRONG-BLACK-50g-1.webp","type":"image\/webp"}],"twitter_card":"summary_large_image","twitter_misc":{"Est. reading time":"2 minutes"},"schema":{"@context":"https:\/\/schema.org","@graph":[{"@type":"WebPage","@id":"https:\/\/gertrudsunivers.dk\/vare\/fusion-prime-strong-black\/","url":"https:\/\/gertrudsunivers.dk\/vare\/fusion-prime-strong-black\/","name":"FUSION - Prime Strong Black - Gertruds Univers","isPartOf":{"@id":"https:\/\/gertrudsunivers.dk\/#website"},"primaryImageOfPage":{"@id":"https:\/\/gertrudsunivers.dk\/vare\/fusion-prime-strong-black\/#primaryimage"},"image":{"@id":"https:\/\/gertrudsunivers.dk\/vare\/fusion-prime-strong-black\/#primaryimage"},"thumbnailUrl":"https:\/\/gertrudsunivers.dk\/wp-content\/uploads\/2026\/01\/PRIME-STRONG-BLACK-50g-1.webp","datePublished":"2026-01-17T22:49:04+00:00","dateModified":"2026-01-17T22:56:59+00:00","description":"Fusion Prime Strong Black er en dyb, intens sort ansigtsmaling med mat finish, udviklet til skarpe, pr\u00e6cise linjer og ensartede flader.","breadcrumb":{"@id":"https:\/\/gertrudsunivers.dk\/vare\/fusion-prime-strong-black\/#breadcrumb"},"inLanguage":"en-US","potentialAction":[{"@type":"ReadAction","target":["https:\/\/gertrudsunivers.dk\/vare\/fusion-prime-strong-black\/"]}]},{"@type":"ImageObject","inLanguage":"en-US","@id":"https:\/\/gertrudsunivers.dk\/vare\/fusion-prime-strong-black\/#primaryimage","url":"https:\/\/gertrudsunivers.dk\/wp-content\/uploads\/2026\/01\/PRIME-STRONG-BLACK-50g-1.webp","contentUrl":"https:\/\/gertrudsunivers.dk\/wp-content\/uploads\/2026\/01\/PRIME-STRONG-BLACK-50g-1.webp","width":1200,"height":1200},{"@type":"BreadcrumbList","@id":"https:\/\/gertrudsunivers.dk\/vare\/fusion-prime-strong-black\/#breadcrumb","itemListElement":[{"@type":"ListItem","position":1,"name":"Hjem","item":"https:\/\/gertrudsunivers.dk\/"},{"@type":"ListItem","position":2,"name":"Gertruds Webshop","item":"https:\/\/gertrudsunivers.dk\/shop\/"},{"@type":"ListItem","position":3,"name":"FUSION &#8211; Prime Strong Black"}]},{"@type":"WebSite","@id":"https:\/\/gertrudsunivers.dk\/#website","url":"https:\/\/gertrudsunivers.dk\/","name":"Gertruds Univers","description":"En ny start p\u00e5 Gertruds Univers","publisher":{"@id":"https:\/\/gertrudsunivers.dk\/#organization"},"potentialAction":[{"@type":"SearchAction","target":{"@type":"EntryPoint","urlTemplate":"https:\/\/gertrudsunivers.dk\/?s={search_term_string}"},"query-input":{"@type":"PropertyValueSpecification","valueRequired":true,"valueName":"search_term_string"}}],"inLanguage":"en-US"},{"@type":"Organization","@id":"https:\/\/gertrudsunivers.dk\/#organization","name":"Gertruds Univers","url":"https:\/\/gertrudsunivers.dk\/","logo":{"@type":"ImageObject","inLanguage":"en-US","@id":"https:\/\/gertrudsunivers.dk\/#\/schema\/logo\/image\/","url":"https:\/\/gertrudsunivers.dk\/wp-content\/uploads\/2025\/11\/cropped-Gertruds-Univers-SoMe-4-scaled-1.png","contentUrl":"https:\/\/gertrudsunivers.dk\/wp-content\/uploads\/2025\/11\/cropped-Gertruds-Univers-SoMe-4-scaled-1.png","width":2560,"height":2560,"caption":"Gertruds Univers"},"image":{"@id":"https:\/\/gertrudsunivers.dk\/#\/schema\/logo\/image\/"},"sameAs":["https:\/\/www.facebook.com\/profile.php?id=100092394438832"]}]}},"_links":{"self":[{"href":"https:\/\/gertrudsunivers.dk\/en\/wp-json\/wp\/v2\/product\/1064","targetHints":{"allow":["GET"]}}],"collection":[{"href":"https:\/\/gertrudsunivers.dk\/en\/wp-json\/wp\/v2\/product"}],"about":[{"href":"https:\/\/gertrudsunivers.dk\/en\/wp-json\/wp\/v2\/types\/product"}],"replies":[{"embeddable":true,"href":"https:\/\/gertrudsunivers.dk\/en\/wp-json\/wp\/v2\/comments?post=1064"}],"wp:featuredmedia":[{"embeddable":true,"href":"https:\/\/gertrudsunivers.dk\/en\/wp-json\/wp\/v2\/media\/1067"}],"wp:attachment":[{"href":"https:\/\/gertrudsunivers.dk\/en\/wp-json\/wp\/v2\/media?parent=1064"}],"wp:term":[{"taxonomy":"product_brand","embeddable":true,"href":"https:\/\/gertrudsunivers.dk\/en\/wp-json\/wp\/v2\/product_brand?post=1064"},{"taxonomy":"product_cat","embeddable":true,"href":"https:\/\/gertrudsunivers.dk\/en\/wp-json\/wp\/v2\/product_cat?post=1064"},{"taxonomy":"product_tag","embeddable":true,"href":"https:\/\/gertrudsunivers.dk\/en\/wp-json\/wp\/v2\/product_tag?post=1064"}],"curies":[{"name":"wp","href":"https:\/\/api.w.org\/{rel}","templated":true}]}}