{"id":1116,"date":"2026-01-20T13:12:24","date_gmt":"2026-01-20T13:12:24","guid":{"rendered":"https:\/\/gertrudsunivers.dk\/?post_type=product&#038;p=1116"},"modified":"2026-01-20T14:01:28","modified_gmt":"2026-01-20T14:01:28","slug":"superstar-little-magic-sunrise-30g","status":"publish","type":"product","link":"https:\/\/gertrudsunivers.dk\/en\/product\/superstar-little-magic-sunrise-30g\/","title":{"rendered":"SUPERSTAR &#8211; Little Magic Sunrise | 30g"},"content":{"rendered":"<p><span style=\"font-weight: 400;\"><strong>Superstar Little Dream Colours<\/strong> er fremstillet af professionel, glycerinbaseret face- og bodypaint i h\u00f8j kvalitet og produceret i Holland i overensstemmelse med EU\u2019s kosmetiklovgivning (1223\/2009\/EC). Produkterne er fri for parfume og parabener og er ikke testet p\u00e5 dyr. Farverne t\u00f8rrer hurtigt p\u00e5 huden og smitter ikke af, n\u00e5r de er t\u00f8rre. Sm\u00e5 revner i overfladen eller let farveoverl\u00f8b i beholderen kan forekomme og er helt normalt og uden betydning for resultatet.<\/span><\/p>\n<h5><b>S\u00e5dan bruger du det:<\/b><\/h5>\n<ul>\n<li><span style=\"font-weight: 400;\">Aktiv\u00e9res med vand og p\u00e5f\u00f8res med en let fugtet svamp for den klassiske regnbueeffekt. <\/span><\/li>\n<li><span style=\"font-weight: 400;\">Fjernes nemt igen med lunkent vand og mild s\u00e6be. <\/span><\/li>\n<li><span style=\"font-weight: 400;\">Undg\u00e5 v\u00e5dservietter og olie- eller voksbaserede makeupfjernere.<\/span><\/li>\n<li><span style=\"font-weight: 400;\">Lad Dream Colours luftt\u00f8rre helt f\u00f8r opbevaring.<\/span><\/li>\n<\/ul>\n<p><em>Obs. Superstar Dream Colours produceres kun i 30 gram.<\/em><\/p>\n<h5><strong>Du kan ogs\u00e5 l\u00e6se vores bedste Tips og tricks til Splitcakes lige <span style=\"text-decoration: underline;\"><em><span style=\"color: #cc99ff;\"><a style=\"color: #cc99ff; text-decoration: underline;\" href=\"https:\/\/gertrudsunivers.dk\/en\/tips-og-tricks-til-ansigtsmaling\/\">her<\/a><\/span><\/em><\/span><\/strong><\/h5>\n<p><span style=\"font-weight: 400;\">\u00a0<\/span><\/p>","protected":false},"excerpt":{"rendered":"<p><span style=\"font-weight: 400;\">Little Magic Sunrise er en Little Dream Colour fra Superstar med varme solopgangsfarver. <\/span><span style=\"font-weight: 400;\">Perfekt til sommerfugle, regnbueeffekter, sol- og sommerdesigns. Den mindre st\u00f8rrelse g\u00f8r den perfekt til detaljer, b\u00f8rneevents og kreative projekter, hvor der \u00f8nskes nem h\u00e5ndtering og pr\u00e6cis p\u00e5f\u00f8ring.<\/span><\/p>\n<p><i><span style=\"font-weight: 400;\">Obs. Superstar Dream Colours produceres kun i 30 gram.<\/span><\/i><\/p>","protected":false},"featured_media":1117,"comment_status":"open","ping_status":"closed","template":"","meta":{"_kad_post_transparent":"default","_kad_post_title":"","_kad_post_layout":"default","_kad_post_sidebar_id":"","_kad_post_content_style":"default","_kad_post_vertical_padding":"default","_kad_post_feature":"","_kad_post_feature_position":"","_kad_post_header":false,"_kad_post_footer":false,"_kad_post_classname":""},"product_brand":[23],"product_cat":[38,41],"product_tag":[],"class_list":{"0":"post-1116","1":"product","2":"type-product","3":"status-publish","4":"has-post-thumbnail","6":"product_brand-superstar","7":"product_cat-ansigtsmaling","8":"product_cat-ansigtsmaling-splitcakes","10":"first","11":"instock","12":"taxable","13":"shipping-taxable","14":"purchasable","15":"product-type-simple","16":"entry","17":"content-bg","18":"loop-entry"},"yoast_head":"<!-- This site is optimized with the Yoast SEO plugin v27.4 - https:\/\/yoast.com\/product\/yoast-seo-wordpress\/ -->\n<title>SUPERSTAR - Little Magic Sunrise | 30g - Gertruds Univers<\/title>\n<meta name=\"description\" content=\"Little Magic Sunrise er en Little Dream Colour fra Superstar med varme solopgangsfarver. Perfekt til sommerfugle, regnbueeffekter, sol- og sommerdesigns.\" \/>\n<meta name=\"robots\" content=\"index, follow, max-snippet:-1, max-image-preview:large, max-video-preview:-1\" \/>\n<link rel=\"canonical\" href=\"https:\/\/gertrudsunivers.dk\/en\/product\/superstar-little-magic-sunrise-30g\/\" \/>\n<meta property=\"og:locale\" content=\"en_US\" \/>\n<meta property=\"og:type\" content=\"article\" \/>\n<meta property=\"og:title\" content=\"SUPERSTAR - Little Magic Sunrise | 30g - Gertruds Univers\" \/>\n<meta property=\"og:description\" content=\"Little Magic Sunrise er en Little Dream Colour fra Superstar med varme solopgangsfarver. Perfekt til sommerfugle, regnbueeffekter, sol- og sommerdesigns.\" \/>\n<meta property=\"og:url\" content=\"https:\/\/gertrudsunivers.dk\/en\/product\/superstar-little-magic-sunrise-30g\/\" \/>\n<meta property=\"og:site_name\" content=\"Gertruds Univers\" \/>\n<meta property=\"article:publisher\" content=\"https:\/\/www.facebook.com\/profile.php?id=100092394438832\" \/>\n<meta property=\"article:modified_time\" content=\"2026-01-20T14:01:28+00:00\" \/>\n<meta property=\"og:image\" content=\"https:\/\/gertrudsunivers.dk\/wp-content\/uploads\/2026\/01\/139-83.007-Little-Magic-Sunrise_1.jpg\" \/>\n\t<meta property=\"og:image:width\" content=\"1000\" \/>\n\t<meta property=\"og:image:height\" content=\"1000\" \/>\n\t<meta property=\"og:image:type\" content=\"image\/jpeg\" \/>\n<meta name=\"twitter:card\" content=\"summary_large_image\" \/>\n<meta name=\"twitter:label1\" content=\"Est. reading time\" \/>\n\t<meta name=\"twitter:data1\" content=\"1 minute\" \/>\n<script type=\"application\/ld+json\" class=\"yoast-schema-graph\">{\"@context\":\"https:\\\/\\\/schema.org\",\"@graph\":[{\"@type\":\"WebPage\",\"@id\":\"https:\\\/\\\/gertrudsunivers.dk\\\/vare\\\/superstar-little-magic-sunrise-30g\\\/\",\"url\":\"https:\\\/\\\/gertrudsunivers.dk\\\/vare\\\/superstar-little-magic-sunrise-30g\\\/\",\"name\":\"SUPERSTAR - Little Magic Sunrise | 30g - Gertruds Univers\",\"isPartOf\":{\"@id\":\"https:\\\/\\\/gertrudsunivers.dk\\\/#website\"},\"primaryImageOfPage\":{\"@id\":\"https:\\\/\\\/gertrudsunivers.dk\\\/vare\\\/superstar-little-magic-sunrise-30g\\\/#primaryimage\"},\"image\":{\"@id\":\"https:\\\/\\\/gertrudsunivers.dk\\\/vare\\\/superstar-little-magic-sunrise-30g\\\/#primaryimage\"},\"thumbnailUrl\":\"https:\\\/\\\/gertrudsunivers.dk\\\/wp-content\\\/uploads\\\/2026\\\/01\\\/139-83.007-Little-Magic-Sunrise_1.jpg\",\"datePublished\":\"2026-01-20T13:12:24+00:00\",\"dateModified\":\"2026-01-20T14:01:28+00:00\",\"description\":\"Little Magic Sunrise er en Little Dream Colour fra Superstar med varme solopgangsfarver. Perfekt til sommerfugle, regnbueeffekter, sol- og sommerdesigns.\",\"breadcrumb\":{\"@id\":\"https:\\\/\\\/gertrudsunivers.dk\\\/vare\\\/superstar-little-magic-sunrise-30g\\\/#breadcrumb\"},\"inLanguage\":\"en-US\",\"potentialAction\":[{\"@type\":\"ReadAction\",\"target\":[\"https:\\\/\\\/gertrudsunivers.dk\\\/vare\\\/superstar-little-magic-sunrise-30g\\\/\"]}]},{\"@type\":\"ImageObject\",\"inLanguage\":\"en-US\",\"@id\":\"https:\\\/\\\/gertrudsunivers.dk\\\/vare\\\/superstar-little-magic-sunrise-30g\\\/#primaryimage\",\"url\":\"https:\\\/\\\/gertrudsunivers.dk\\\/wp-content\\\/uploads\\\/2026\\\/01\\\/139-83.007-Little-Magic-Sunrise_1.jpg\",\"contentUrl\":\"https:\\\/\\\/gertrudsunivers.dk\\\/wp-content\\\/uploads\\\/2026\\\/01\\\/139-83.007-Little-Magic-Sunrise_1.jpg\",\"width\":1000,\"height\":1000},{\"@type\":\"BreadcrumbList\",\"@id\":\"https:\\\/\\\/gertrudsunivers.dk\\\/vare\\\/superstar-little-magic-sunrise-30g\\\/#breadcrumb\",\"itemListElement\":[{\"@type\":\"ListItem\",\"position\":1,\"name\":\"Hjem\",\"item\":\"https:\\\/\\\/gertrudsunivers.dk\\\/\"},{\"@type\":\"ListItem\",\"position\":2,\"name\":\"Gertruds Webshop\",\"item\":\"https:\\\/\\\/gertrudsunivers.dk\\\/shop\\\/\"},{\"@type\":\"ListItem\",\"position\":3,\"name\":\"SUPERSTAR &#8211; Little Magic Sunrise | 30g\"}]},{\"@type\":\"WebSite\",\"@id\":\"https:\\\/\\\/gertrudsunivers.dk\\\/#website\",\"url\":\"https:\\\/\\\/gertrudsunivers.dk\\\/\",\"name\":\"Gertruds Univers\",\"description\":\"En ny start p\u00e5 Gertruds Univers\",\"publisher\":{\"@id\":\"https:\\\/\\\/gertrudsunivers.dk\\\/#organization\"},\"potentialAction\":[{\"@type\":\"SearchAction\",\"target\":{\"@type\":\"EntryPoint\",\"urlTemplate\":\"https:\\\/\\\/gertrudsunivers.dk\\\/?s={search_term_string}\"},\"query-input\":{\"@type\":\"PropertyValueSpecification\",\"valueRequired\":true,\"valueName\":\"search_term_string\"}}],\"inLanguage\":\"en-US\"},{\"@type\":\"Organization\",\"@id\":\"https:\\\/\\\/gertrudsunivers.dk\\\/#organization\",\"name\":\"Gertruds Univers\",\"url\":\"https:\\\/\\\/gertrudsunivers.dk\\\/\",\"logo\":{\"@type\":\"ImageObject\",\"inLanguage\":\"en-US\",\"@id\":\"https:\\\/\\\/gertrudsunivers.dk\\\/#\\\/schema\\\/logo\\\/image\\\/\",\"url\":\"https:\\\/\\\/gertrudsunivers.dk\\\/wp-content\\\/uploads\\\/2025\\\/11\\\/cropped-Gertruds-Univers-SoMe-4-scaled-1.png\",\"contentUrl\":\"https:\\\/\\\/gertrudsunivers.dk\\\/wp-content\\\/uploads\\\/2025\\\/11\\\/cropped-Gertruds-Univers-SoMe-4-scaled-1.png\",\"width\":2560,\"height\":2560,\"caption\":\"Gertruds Univers\"},\"image\":{\"@id\":\"https:\\\/\\\/gertrudsunivers.dk\\\/#\\\/schema\\\/logo\\\/image\\\/\"},\"sameAs\":[\"https:\\\/\\\/www.facebook.com\\\/profile.php?id=100092394438832\"]}]}<\/script>\n<!-- \/ Yoast SEO plugin. -->","yoast_head_json":{"title":"SUPERSTAR - Little Magic Sunrise | 30g - Gertruds Univers","description":"Little Magic Sunrise er en Little Dream Colour fra Superstar med varme solopgangsfarver. Perfekt til sommerfugle, regnbueeffekter, sol- og sommerdesigns.","robots":{"index":"index","follow":"follow","max-snippet":"max-snippet:-1","max-image-preview":"max-image-preview:large","max-video-preview":"max-video-preview:-1"},"canonical":"https:\/\/gertrudsunivers.dk\/en\/product\/superstar-little-magic-sunrise-30g\/","og_locale":"en_US","og_type":"article","og_title":"SUPERSTAR - Little Magic Sunrise | 30g - Gertruds Univers","og_description":"Little Magic Sunrise er en Little Dream Colour fra Superstar med varme solopgangsfarver. Perfekt til sommerfugle, regnbueeffekter, sol- og sommerdesigns.","og_url":"https:\/\/gertrudsunivers.dk\/en\/product\/superstar-little-magic-sunrise-30g\/","og_site_name":"Gertruds Univers","article_publisher":"https:\/\/www.facebook.com\/profile.php?id=100092394438832","article_modified_time":"2026-01-20T14:01:28+00:00","og_image":[{"width":1000,"height":1000,"url":"https:\/\/gertrudsunivers.dk\/wp-content\/uploads\/2026\/01\/139-83.007-Little-Magic-Sunrise_1.jpg","type":"image\/jpeg"}],"twitter_card":"summary_large_image","twitter_misc":{"Est. reading time":"1 minute"},"schema":{"@context":"https:\/\/schema.org","@graph":[{"@type":"WebPage","@id":"https:\/\/gertrudsunivers.dk\/vare\/superstar-little-magic-sunrise-30g\/","url":"https:\/\/gertrudsunivers.dk\/vare\/superstar-little-magic-sunrise-30g\/","name":"SUPERSTAR - Little Magic Sunrise | 30g - Gertruds Univers","isPartOf":{"@id":"https:\/\/gertrudsunivers.dk\/#website"},"primaryImageOfPage":{"@id":"https:\/\/gertrudsunivers.dk\/vare\/superstar-little-magic-sunrise-30g\/#primaryimage"},"image":{"@id":"https:\/\/gertrudsunivers.dk\/vare\/superstar-little-magic-sunrise-30g\/#primaryimage"},"thumbnailUrl":"https:\/\/gertrudsunivers.dk\/wp-content\/uploads\/2026\/01\/139-83.007-Little-Magic-Sunrise_1.jpg","datePublished":"2026-01-20T13:12:24+00:00","dateModified":"2026-01-20T14:01:28+00:00","description":"Little Magic Sunrise er en Little Dream Colour fra Superstar med varme solopgangsfarver. Perfekt til sommerfugle, regnbueeffekter, sol- og sommerdesigns.","breadcrumb":{"@id":"https:\/\/gertrudsunivers.dk\/vare\/superstar-little-magic-sunrise-30g\/#breadcrumb"},"inLanguage":"en-US","potentialAction":[{"@type":"ReadAction","target":["https:\/\/gertrudsunivers.dk\/vare\/superstar-little-magic-sunrise-30g\/"]}]},{"@type":"ImageObject","inLanguage":"en-US","@id":"https:\/\/gertrudsunivers.dk\/vare\/superstar-little-magic-sunrise-30g\/#primaryimage","url":"https:\/\/gertrudsunivers.dk\/wp-content\/uploads\/2026\/01\/139-83.007-Little-Magic-Sunrise_1.jpg","contentUrl":"https:\/\/gertrudsunivers.dk\/wp-content\/uploads\/2026\/01\/139-83.007-Little-Magic-Sunrise_1.jpg","width":1000,"height":1000},{"@type":"BreadcrumbList","@id":"https:\/\/gertrudsunivers.dk\/vare\/superstar-little-magic-sunrise-30g\/#breadcrumb","itemListElement":[{"@type":"ListItem","position":1,"name":"Hjem","item":"https:\/\/gertrudsunivers.dk\/"},{"@type":"ListItem","position":2,"name":"Gertruds Webshop","item":"https:\/\/gertrudsunivers.dk\/shop\/"},{"@type":"ListItem","position":3,"name":"SUPERSTAR &#8211; Little Magic Sunrise | 30g"}]},{"@type":"WebSite","@id":"https:\/\/gertrudsunivers.dk\/#website","url":"https:\/\/gertrudsunivers.dk\/","name":"Gertruds Univers","description":"En ny start p\u00e5 Gertruds Univers","publisher":{"@id":"https:\/\/gertrudsunivers.dk\/#organization"},"potentialAction":[{"@type":"SearchAction","target":{"@type":"EntryPoint","urlTemplate":"https:\/\/gertrudsunivers.dk\/?s={search_term_string}"},"query-input":{"@type":"PropertyValueSpecification","valueRequired":true,"valueName":"search_term_string"}}],"inLanguage":"en-US"},{"@type":"Organization","@id":"https:\/\/gertrudsunivers.dk\/#organization","name":"Gertruds Univers","url":"https:\/\/gertrudsunivers.dk\/","logo":{"@type":"ImageObject","inLanguage":"en-US","@id":"https:\/\/gertrudsunivers.dk\/#\/schema\/logo\/image\/","url":"https:\/\/gertrudsunivers.dk\/wp-content\/uploads\/2025\/11\/cropped-Gertruds-Univers-SoMe-4-scaled-1.png","contentUrl":"https:\/\/gertrudsunivers.dk\/wp-content\/uploads\/2025\/11\/cropped-Gertruds-Univers-SoMe-4-scaled-1.png","width":2560,"height":2560,"caption":"Gertruds Univers"},"image":{"@id":"https:\/\/gertrudsunivers.dk\/#\/schema\/logo\/image\/"},"sameAs":["https:\/\/www.facebook.com\/profile.php?id=100092394438832"]}]}},"_links":{"self":[{"href":"https:\/\/gertrudsunivers.dk\/en\/wp-json\/wp\/v2\/product\/1116","targetHints":{"allow":["GET"]}}],"collection":[{"href":"https:\/\/gertrudsunivers.dk\/en\/wp-json\/wp\/v2\/product"}],"about":[{"href":"https:\/\/gertrudsunivers.dk\/en\/wp-json\/wp\/v2\/types\/product"}],"replies":[{"embeddable":true,"href":"https:\/\/gertrudsunivers.dk\/en\/wp-json\/wp\/v2\/comments?post=1116"}],"wp:featuredmedia":[{"embeddable":true,"href":"https:\/\/gertrudsunivers.dk\/en\/wp-json\/wp\/v2\/media\/1117"}],"wp:attachment":[{"href":"https:\/\/gertrudsunivers.dk\/en\/wp-json\/wp\/v2\/media?parent=1116"}],"wp:term":[{"taxonomy":"product_brand","embeddable":true,"href":"https:\/\/gertrudsunivers.dk\/en\/wp-json\/wp\/v2\/product_brand?post=1116"},{"taxonomy":"product_cat","embeddable":true,"href":"https:\/\/gertrudsunivers.dk\/en\/wp-json\/wp\/v2\/product_cat?post=1116"},{"taxonomy":"product_tag","embeddable":true,"href":"https:\/\/gertrudsunivers.dk\/en\/wp-json\/wp\/v2\/product_tag?post=1116"}],"curies":[{"name":"wp","href":"https:\/\/api.w.org\/{rel}","templated":true}]}}