{"id":1137,"date":"2026-01-20T13:56:55","date_gmt":"2026-01-20T13:56:55","guid":{"rendered":"https:\/\/gertrudsunivers.dk\/?post_type=product&#038;p=1137"},"modified":"2026-01-20T13:59:25","modified_gmt":"2026-01-20T13:59:25","slug":"fusion-leannes-rainbow-30g","status":"publish","type":"product","link":"https:\/\/gertrudsunivers.dk\/en\/product\/fusion-leannes-rainbow-30g\/","title":{"rendered":"FUSION &#8211; Leanne&#8217;s Rainbow | 30g"},"content":{"rendered":"<p><b>Fusion Body Art Splitcakes<\/b><span style=\"font-weight: 400;\"> er one-stroke produkter, der g\u00f8r det nemt og hurtigt at skabe flotte, flerfarvede designs med \u00e9t penselstr\u00f8g. Farverne er sammensat i harmoniske overgange, som sikrer et ensartet og professionelt resultat, selv ved h\u00f8jt arbejdstempo. <\/span><span style=\"font-weight: 400;\">Splitcakesne er fremstillet med kosmetiske ingredienser og indeholder udelukkende FDA- og EU-godkendte pigmenter. Produkterne er udviklet til at give h\u00f8j pigmentering, flot d\u00e6kkeevne og behagelig komfort p\u00e5 huden.<\/span><\/p>\n<p><span style=\"font-weight: 400;\">\u2714 Perfekt til one-stroke designs<\/span><span style=\"font-weight: 400;\"><br \/>\n<\/span><span style=\"font-weight: 400;\">\u2714 Tidsbesparende og nem i brug<\/span><span style=\"font-weight: 400;\"><br \/>\n<\/span><span style=\"font-weight: 400;\">\u2714 Klare farver med flotte overgange<\/span><span style=\"font-weight: 400;\"><br \/>\n<\/span><span style=\"font-weight: 400;\">\u2714 Vegansk, parfumefri og ikke testet p\u00e5 dyr<\/span><\/p>\n<p><i><span style=\"font-weight: 400;\">Obs. denne Splitcake produceres kun i 30 gram.<\/span><\/i><\/p>\n<p><b>S\u00e5dan bruger du Splitcakes:<\/b><\/p>\n<ul>\n<li><span style=\"font-weight: 400;\">Brug en let fugtet flad pensel til at opsamle alle farverne p\u00e5 \u00e9n gang for klassiske one-stroke designs. Mindre pensler kan bruges til at udv\u00e6lge enkelte nuancer. <\/span>Denne teknik sparer tid og g\u00f8r det muligt at skabe imponerende designs hurtigt og er perfekt til events, b\u00f8rnef\u00f8dselsdage og professionelt brug.<\/li>\n<li>Det t\u00f8rrer hurtigt og efterlader en <b>holdbar overflade, der ikke smitter af ved ber\u00f8ring<\/b>.<\/li>\n<li>N\u00e5r designet skal fjernes, vaskes farverne nemt af med s\u00e6be og vand ved hj\u00e6lp af en bl\u00f8d klud eller svamp.<\/li>\n<\/ul>\n<h5><strong>Du kan ogs\u00e5 l\u00e6se vores bedste Tips og tricks til Splicakes lige <span style=\"text-decoration: underline;\"><em><span style=\"color: #cc99ff;\"><a style=\"color: #cc99ff; text-decoration: underline;\" href=\"https:\/\/gertrudsunivers.dk\/en\/tips-og-tricks-til-ansigtsmaling\/\">her<\/a><\/span><\/em><\/span><\/strong><\/h5>\n<p><span style=\"font-weight: 400;\">\u00a0<\/span><\/p>","protected":false},"excerpt":{"rendered":"<p><span style=\"font-weight: 400;\">Klassisk rainbow Splitcake, der g\u00f8r det nemt at skabe ensartede regnbuer, blomster og glade one-stroke designs. Et alsidigt basisprodukt, som kan bruges til et v\u00e6ld af motiver.<\/span><br \/>\nFlade pensler i st\u00f8rrelserne 1, \u00be og \u00bd inches egner sig s\u00e6rligt godt til Splitcakes og one-stroke teknikker og giver flotte, harmoniske farveovergange.<\/p>\n<p><i><span style=\"font-weight: 400;\">Obs. denne Splitcake produceres kun i 30 gram.<\/span><\/i><\/p>","protected":false},"featured_media":1138,"comment_status":"open","ping_status":"closed","template":"","meta":{"_kad_post_transparent":"default","_kad_post_title":"","_kad_post_layout":"default","_kad_post_sidebar_id":"","_kad_post_content_style":"default","_kad_post_vertical_padding":"default","_kad_post_feature":"","_kad_post_feature_position":"","_kad_post_header":false,"_kad_post_footer":false,"_kad_post_classname":""},"product_brand":[24],"product_cat":[38,41],"product_tag":[],"class_list":{"0":"post-1137","1":"product","2":"type-product","3":"status-publish","4":"has-post-thumbnail","6":"product_brand-fusionbodyart","7":"product_cat-ansigtsmaling","8":"product_cat-ansigtsmaling-splitcakes","10":"first","11":"instock","12":"taxable","13":"shipping-taxable","14":"purchasable","15":"product-type-simple","16":"entry","17":"content-bg","18":"loop-entry"},"yoast_head":"<!-- This site is optimized with the Yoast SEO plugin v27.4 - https:\/\/yoast.com\/product\/yoast-seo-wordpress\/ -->\n<title>FUSION - Leanne&#039;s Rainbow | 30g - Gertruds Univers<\/title>\n<meta name=\"description\" content=\"Klassisk rainbow Splitcake, der g\u00f8r det nemt at skabe ensartede regnbuer, blomster og glade one-stroke designs. Et alsidigt basisprodukt, som kan bruges til et v\u00e6ld af motiver.\" \/>\n<meta name=\"robots\" content=\"index, follow, max-snippet:-1, max-image-preview:large, max-video-preview:-1\" \/>\n<link rel=\"canonical\" href=\"https:\/\/gertrudsunivers.dk\/en\/product\/fusion-leannes-rainbow-30g\/\" \/>\n<meta property=\"og:locale\" content=\"en_US\" \/>\n<meta property=\"og:type\" content=\"article\" \/>\n<meta property=\"og:title\" content=\"FUSION - Leanne&#039;s Rainbow | 30g - Gertruds Univers\" \/>\n<meta property=\"og:description\" content=\"Klassisk rainbow Splitcake, der g\u00f8r det nemt at skabe ensartede regnbuer, blomster og glade one-stroke designs. Et alsidigt basisprodukt, som kan bruges til et v\u00e6ld af motiver.\" \/>\n<meta property=\"og:url\" content=\"https:\/\/gertrudsunivers.dk\/en\/product\/fusion-leannes-rainbow-30g\/\" \/>\n<meta property=\"og:site_name\" content=\"Gertruds Univers\" \/>\n<meta property=\"article:publisher\" content=\"https:\/\/www.facebook.com\/profile.php?id=100092394438832\" \/>\n<meta property=\"article:modified_time\" content=\"2026-01-20T13:59:25+00:00\" \/>\n<meta property=\"og:image\" content=\"https:\/\/gertrudsunivers.dk\/wp-content\/uploads\/2026\/01\/SPLIT-CAKE-LEANNES-RAINBOW-30g-1.webp\" \/>\n\t<meta property=\"og:image:width\" content=\"1200\" \/>\n\t<meta property=\"og:image:height\" content=\"1200\" \/>\n\t<meta property=\"og:image:type\" content=\"image\/webp\" \/>\n<meta name=\"twitter:card\" content=\"summary_large_image\" \/>\n<meta name=\"twitter:label1\" content=\"Est. reading time\" \/>\n\t<meta name=\"twitter:data1\" content=\"2 minutes\" \/>\n<script type=\"application\/ld+json\" class=\"yoast-schema-graph\">{\"@context\":\"https:\\\/\\\/schema.org\",\"@graph\":[{\"@type\":\"WebPage\",\"@id\":\"https:\\\/\\\/gertrudsunivers.dk\\\/vare\\\/fusion-leannes-rainbow-30g\\\/\",\"url\":\"https:\\\/\\\/gertrudsunivers.dk\\\/vare\\\/fusion-leannes-rainbow-30g\\\/\",\"name\":\"FUSION - Leanne's Rainbow | 30g - Gertruds Univers\",\"isPartOf\":{\"@id\":\"https:\\\/\\\/gertrudsunivers.dk\\\/#website\"},\"primaryImageOfPage\":{\"@id\":\"https:\\\/\\\/gertrudsunivers.dk\\\/vare\\\/fusion-leannes-rainbow-30g\\\/#primaryimage\"},\"image\":{\"@id\":\"https:\\\/\\\/gertrudsunivers.dk\\\/vare\\\/fusion-leannes-rainbow-30g\\\/#primaryimage\"},\"thumbnailUrl\":\"https:\\\/\\\/gertrudsunivers.dk\\\/wp-content\\\/uploads\\\/2026\\\/01\\\/SPLIT-CAKE-LEANNES-RAINBOW-30g-1.webp\",\"datePublished\":\"2026-01-20T13:56:55+00:00\",\"dateModified\":\"2026-01-20T13:59:25+00:00\",\"description\":\"Klassisk rainbow Splitcake, der g\u00f8r det nemt at skabe ensartede regnbuer, blomster og glade one-stroke designs. Et alsidigt basisprodukt, som kan bruges til et v\u00e6ld af motiver.\",\"breadcrumb\":{\"@id\":\"https:\\\/\\\/gertrudsunivers.dk\\\/vare\\\/fusion-leannes-rainbow-30g\\\/#breadcrumb\"},\"inLanguage\":\"en-US\",\"potentialAction\":[{\"@type\":\"ReadAction\",\"target\":[\"https:\\\/\\\/gertrudsunivers.dk\\\/vare\\\/fusion-leannes-rainbow-30g\\\/\"]}]},{\"@type\":\"ImageObject\",\"inLanguage\":\"en-US\",\"@id\":\"https:\\\/\\\/gertrudsunivers.dk\\\/vare\\\/fusion-leannes-rainbow-30g\\\/#primaryimage\",\"url\":\"https:\\\/\\\/gertrudsunivers.dk\\\/wp-content\\\/uploads\\\/2026\\\/01\\\/SPLIT-CAKE-LEANNES-RAINBOW-30g-1.webp\",\"contentUrl\":\"https:\\\/\\\/gertrudsunivers.dk\\\/wp-content\\\/uploads\\\/2026\\\/01\\\/SPLIT-CAKE-LEANNES-RAINBOW-30g-1.webp\",\"width\":1200,\"height\":1200},{\"@type\":\"BreadcrumbList\",\"@id\":\"https:\\\/\\\/gertrudsunivers.dk\\\/vare\\\/fusion-leannes-rainbow-30g\\\/#breadcrumb\",\"itemListElement\":[{\"@type\":\"ListItem\",\"position\":1,\"name\":\"Hjem\",\"item\":\"https:\\\/\\\/gertrudsunivers.dk\\\/\"},{\"@type\":\"ListItem\",\"position\":2,\"name\":\"Gertruds Webshop\",\"item\":\"https:\\\/\\\/gertrudsunivers.dk\\\/shop\\\/\"},{\"@type\":\"ListItem\",\"position\":3,\"name\":\"FUSION &#8211; Leanne&#8217;s Rainbow | 30g\"}]},{\"@type\":\"WebSite\",\"@id\":\"https:\\\/\\\/gertrudsunivers.dk\\\/#website\",\"url\":\"https:\\\/\\\/gertrudsunivers.dk\\\/\",\"name\":\"Gertruds Univers\",\"description\":\"En ny start p\u00e5 Gertruds Univers\",\"publisher\":{\"@id\":\"https:\\\/\\\/gertrudsunivers.dk\\\/#organization\"},\"potentialAction\":[{\"@type\":\"SearchAction\",\"target\":{\"@type\":\"EntryPoint\",\"urlTemplate\":\"https:\\\/\\\/gertrudsunivers.dk\\\/?s={search_term_string}\"},\"query-input\":{\"@type\":\"PropertyValueSpecification\",\"valueRequired\":true,\"valueName\":\"search_term_string\"}}],\"inLanguage\":\"en-US\"},{\"@type\":\"Organization\",\"@id\":\"https:\\\/\\\/gertrudsunivers.dk\\\/#organization\",\"name\":\"Gertruds Univers\",\"url\":\"https:\\\/\\\/gertrudsunivers.dk\\\/\",\"logo\":{\"@type\":\"ImageObject\",\"inLanguage\":\"en-US\",\"@id\":\"https:\\\/\\\/gertrudsunivers.dk\\\/#\\\/schema\\\/logo\\\/image\\\/\",\"url\":\"https:\\\/\\\/gertrudsunivers.dk\\\/wp-content\\\/uploads\\\/2025\\\/11\\\/cropped-Gertruds-Univers-SoMe-4-scaled-1.png\",\"contentUrl\":\"https:\\\/\\\/gertrudsunivers.dk\\\/wp-content\\\/uploads\\\/2025\\\/11\\\/cropped-Gertruds-Univers-SoMe-4-scaled-1.png\",\"width\":2560,\"height\":2560,\"caption\":\"Gertruds Univers\"},\"image\":{\"@id\":\"https:\\\/\\\/gertrudsunivers.dk\\\/#\\\/schema\\\/logo\\\/image\\\/\"},\"sameAs\":[\"https:\\\/\\\/www.facebook.com\\\/profile.php?id=100092394438832\"]}]}<\/script>\n<!-- \/ Yoast SEO plugin. -->","yoast_head_json":{"title":"FUSION - Leanne's Rainbow | 30g - Gertruds Univers","description":"Klassisk rainbow Splitcake, der g\u00f8r det nemt at skabe ensartede regnbuer, blomster og glade one-stroke designs. Et alsidigt basisprodukt, som kan bruges til et v\u00e6ld af motiver.","robots":{"index":"index","follow":"follow","max-snippet":"max-snippet:-1","max-image-preview":"max-image-preview:large","max-video-preview":"max-video-preview:-1"},"canonical":"https:\/\/gertrudsunivers.dk\/en\/product\/fusion-leannes-rainbow-30g\/","og_locale":"en_US","og_type":"article","og_title":"FUSION - Leanne's Rainbow | 30g - Gertruds Univers","og_description":"Klassisk rainbow Splitcake, der g\u00f8r det nemt at skabe ensartede regnbuer, blomster og glade one-stroke designs. Et alsidigt basisprodukt, som kan bruges til et v\u00e6ld af motiver.","og_url":"https:\/\/gertrudsunivers.dk\/en\/product\/fusion-leannes-rainbow-30g\/","og_site_name":"Gertruds Univers","article_publisher":"https:\/\/www.facebook.com\/profile.php?id=100092394438832","article_modified_time":"2026-01-20T13:59:25+00:00","og_image":[{"width":1200,"height":1200,"url":"https:\/\/gertrudsunivers.dk\/wp-content\/uploads\/2026\/01\/SPLIT-CAKE-LEANNES-RAINBOW-30g-1.webp","type":"image\/webp"}],"twitter_card":"summary_large_image","twitter_misc":{"Est. reading time":"2 minutes"},"schema":{"@context":"https:\/\/schema.org","@graph":[{"@type":"WebPage","@id":"https:\/\/gertrudsunivers.dk\/vare\/fusion-leannes-rainbow-30g\/","url":"https:\/\/gertrudsunivers.dk\/vare\/fusion-leannes-rainbow-30g\/","name":"FUSION - Leanne's Rainbow | 30g - Gertruds Univers","isPartOf":{"@id":"https:\/\/gertrudsunivers.dk\/#website"},"primaryImageOfPage":{"@id":"https:\/\/gertrudsunivers.dk\/vare\/fusion-leannes-rainbow-30g\/#primaryimage"},"image":{"@id":"https:\/\/gertrudsunivers.dk\/vare\/fusion-leannes-rainbow-30g\/#primaryimage"},"thumbnailUrl":"https:\/\/gertrudsunivers.dk\/wp-content\/uploads\/2026\/01\/SPLIT-CAKE-LEANNES-RAINBOW-30g-1.webp","datePublished":"2026-01-20T13:56:55+00:00","dateModified":"2026-01-20T13:59:25+00:00","description":"Klassisk rainbow Splitcake, der g\u00f8r det nemt at skabe ensartede regnbuer, blomster og glade one-stroke designs. Et alsidigt basisprodukt, som kan bruges til et v\u00e6ld af motiver.","breadcrumb":{"@id":"https:\/\/gertrudsunivers.dk\/vare\/fusion-leannes-rainbow-30g\/#breadcrumb"},"inLanguage":"en-US","potentialAction":[{"@type":"ReadAction","target":["https:\/\/gertrudsunivers.dk\/vare\/fusion-leannes-rainbow-30g\/"]}]},{"@type":"ImageObject","inLanguage":"en-US","@id":"https:\/\/gertrudsunivers.dk\/vare\/fusion-leannes-rainbow-30g\/#primaryimage","url":"https:\/\/gertrudsunivers.dk\/wp-content\/uploads\/2026\/01\/SPLIT-CAKE-LEANNES-RAINBOW-30g-1.webp","contentUrl":"https:\/\/gertrudsunivers.dk\/wp-content\/uploads\/2026\/01\/SPLIT-CAKE-LEANNES-RAINBOW-30g-1.webp","width":1200,"height":1200},{"@type":"BreadcrumbList","@id":"https:\/\/gertrudsunivers.dk\/vare\/fusion-leannes-rainbow-30g\/#breadcrumb","itemListElement":[{"@type":"ListItem","position":1,"name":"Hjem","item":"https:\/\/gertrudsunivers.dk\/"},{"@type":"ListItem","position":2,"name":"Gertruds Webshop","item":"https:\/\/gertrudsunivers.dk\/shop\/"},{"@type":"ListItem","position":3,"name":"FUSION &#8211; Leanne&#8217;s Rainbow | 30g"}]},{"@type":"WebSite","@id":"https:\/\/gertrudsunivers.dk\/#website","url":"https:\/\/gertrudsunivers.dk\/","name":"Gertruds Univers","description":"En ny start p\u00e5 Gertruds Univers","publisher":{"@id":"https:\/\/gertrudsunivers.dk\/#organization"},"potentialAction":[{"@type":"SearchAction","target":{"@type":"EntryPoint","urlTemplate":"https:\/\/gertrudsunivers.dk\/?s={search_term_string}"},"query-input":{"@type":"PropertyValueSpecification","valueRequired":true,"valueName":"search_term_string"}}],"inLanguage":"en-US"},{"@type":"Organization","@id":"https:\/\/gertrudsunivers.dk\/#organization","name":"Gertruds Univers","url":"https:\/\/gertrudsunivers.dk\/","logo":{"@type":"ImageObject","inLanguage":"en-US","@id":"https:\/\/gertrudsunivers.dk\/#\/schema\/logo\/image\/","url":"https:\/\/gertrudsunivers.dk\/wp-content\/uploads\/2025\/11\/cropped-Gertruds-Univers-SoMe-4-scaled-1.png","contentUrl":"https:\/\/gertrudsunivers.dk\/wp-content\/uploads\/2025\/11\/cropped-Gertruds-Univers-SoMe-4-scaled-1.png","width":2560,"height":2560,"caption":"Gertruds Univers"},"image":{"@id":"https:\/\/gertrudsunivers.dk\/#\/schema\/logo\/image\/"},"sameAs":["https:\/\/www.facebook.com\/profile.php?id=100092394438832"]}]}},"_links":{"self":[{"href":"https:\/\/gertrudsunivers.dk\/en\/wp-json\/wp\/v2\/product\/1137","targetHints":{"allow":["GET"]}}],"collection":[{"href":"https:\/\/gertrudsunivers.dk\/en\/wp-json\/wp\/v2\/product"}],"about":[{"href":"https:\/\/gertrudsunivers.dk\/en\/wp-json\/wp\/v2\/types\/product"}],"replies":[{"embeddable":true,"href":"https:\/\/gertrudsunivers.dk\/en\/wp-json\/wp\/v2\/comments?post=1137"}],"wp:featuredmedia":[{"embeddable":true,"href":"https:\/\/gertrudsunivers.dk\/en\/wp-json\/wp\/v2\/media\/1138"}],"wp:attachment":[{"href":"https:\/\/gertrudsunivers.dk\/en\/wp-json\/wp\/v2\/media?parent=1137"}],"wp:term":[{"taxonomy":"product_brand","embeddable":true,"href":"https:\/\/gertrudsunivers.dk\/en\/wp-json\/wp\/v2\/product_brand?post=1137"},{"taxonomy":"product_cat","embeddable":true,"href":"https:\/\/gertrudsunivers.dk\/en\/wp-json\/wp\/v2\/product_cat?post=1137"},{"taxonomy":"product_tag","embeddable":true,"href":"https:\/\/gertrudsunivers.dk\/en\/wp-json\/wp\/v2\/product_tag?post=1137"}],"curies":[{"name":"wp","href":"https:\/\/api.w.org\/{rel}","templated":true}]}}