{"id":1203,"date":"2026-01-20T16:57:00","date_gmt":"2026-01-20T16:57:00","guid":{"rendered":"https:\/\/gertrudsunivers.dk\/?post_type=product&#038;p=1203"},"modified":"2026-01-20T16:59:09","modified_gmt":"2026-01-20T16:59:09","slug":"superstar-face-paint-stencil-dino","status":"publish","type":"product","link":"https:\/\/gertrudsunivers.dk\/en\/product\/superstar-face-paint-stencil-dino\/","title":{"rendered":"SUPERSTAR &#8211; Face Paint Stencil DINO"},"content":{"rendered":"<p><span style=\"font-weight: 400;\"><strong>Superstar Face Paint Stencils<\/strong> er det perfekte v\u00e6rkt\u00f8j til at l\u00f8fte dine ansigtsmalingsdesigns og tilf\u00f8je et ekstra wow-element hurtigt og nemt. Uanset om du arbejder med b\u00f8rneansigtsmaling, events, temafester eller professionel facepainting, giver stencils dig mulighed for at skabe skarpe, ensartede m\u00f8nstre med minimal indsats.<\/span><\/p>\n<p><span style=\"font-weight: 400;\">Stencilen kan bruges med alle typer ansigtsmaling, herunder b\u00e5de ensfarvede farver og flerfarvede cakes. Den p\u00e5f\u00f8res bedst med en n\u00e6sten t\u00f8r svamp eller finger dauber. Dup forsigtigt hen over stencilen for et skarpt og pr\u00e6cist resultat uden, at farven flyder. For ekstra magi kan du tilf\u00f8je glitter, mens malingen stadig er let fugtig.<\/span><\/p>\n<p><span style=\"font-weight: 400;\">Stencils er fremstillet i genanvendelig plast og kan bruges igen og igen. Efter brug reng\u00f8res de nemt med vand og en bl\u00f8d svamp, hvilket g\u00f8r dem b\u00e5de praktiske og holdbare. Velegnet til b\u00e5de begyndere og erfarne ansigtsmalere.<\/span><\/p>\n<h5><strong>Du kan ogs\u00e5 l\u00e6se vores bedste Tips og tricks til stencils lige <span style=\"text-decoration: underline;\"><em><span style=\"color: #cc99ff;\"><a style=\"color: #cc99ff; text-decoration: underline;\" href=\"https:\/\/gertrudsunivers.dk\/en\/tips-tricks-til-pensler-sponges-og-stencils\/\">her<\/a><\/span><\/em><\/span><\/strong><\/h5>\n<p><span style=\"font-weight: 400;\">\u00a0<\/span><\/p>","protected":false},"excerpt":{"rendered":"<p><span style=\"font-weight: 400;\">Sjov stencil med dinosaur motiv og poter, ideel til b\u00f8rne ansigtsmaling, jungletema og fantasifulde dinosaur-designs til fastelavn og f\u00f8dselsdage.<\/span><\/p>\n<p><span style=\"font-weight: 400;\">Stencilen kan bruges med alle typer ansigtsmaling, herunder b\u00e5de ensfarvede farver og flerfarvede cakes. Den p\u00e5f\u00f8res bedst med en n\u00e6sten t\u00f8r svamp eller finger dauber.<\/span><\/p>","protected":false},"featured_media":1204,"comment_status":"open","ping_status":"closed","template":"","meta":{"_kad_post_transparent":"default","_kad_post_title":"","_kad_post_layout":"default","_kad_post_sidebar_id":"","_kad_post_content_style":"default","_kad_post_vertical_padding":"default","_kad_post_feature":"","_kad_post_feature_position":"","_kad_post_header":false,"_kad_post_footer":false,"_kad_post_classname":""},"product_brand":[23],"product_cat":[25,36],"product_tag":[],"class_list":{"0":"post-1203","1":"product","2":"type-product","3":"status-publish","4":"has-post-thumbnail","6":"product_brand-superstar","7":"product_cat-stencils","8":"product_cat-tilbehoer","10":"first","11":"instock","12":"taxable","13":"shipping-taxable","14":"purchasable","15":"product-type-simple","16":"entry","17":"content-bg","18":"loop-entry"},"yoast_head":"<!-- This site is optimized with the Yoast SEO plugin v27.4 - https:\/\/yoast.com\/product\/yoast-seo-wordpress\/ -->\n<title>SUPERSTAR - Face Paint Stencil DINO - Gertruds Univers<\/title>\n<meta name=\"description\" content=\"Sjov stencil med dinosaur motiv og poter, ideel til b\u00f8rne ansigtsmaling, jungletema og fantasifulde dinosaur-designs til fastelavn og f\u00f8dselsdage.\" \/>\n<meta name=\"robots\" content=\"index, follow, max-snippet:-1, max-image-preview:large, max-video-preview:-1\" \/>\n<link rel=\"canonical\" href=\"https:\/\/gertrudsunivers.dk\/en\/product\/superstar-face-paint-stencil-dino\/\" \/>\n<meta property=\"og:locale\" content=\"en_US\" \/>\n<meta property=\"og:type\" content=\"article\" \/>\n<meta property=\"og:title\" content=\"SUPERSTAR - Face Paint Stencil DINO - Gertruds Univers\" \/>\n<meta property=\"og:description\" content=\"Sjov stencil med dinosaur motiv og poter, ideel til b\u00f8rne ansigtsmaling, jungletema og fantasifulde dinosaur-designs til fastelavn og f\u00f8dselsdage.\" \/>\n<meta property=\"og:url\" content=\"https:\/\/gertrudsunivers.dk\/en\/product\/superstar-face-paint-stencil-dino\/\" \/>\n<meta property=\"og:site_name\" content=\"Gertruds Univers\" \/>\n<meta property=\"article:publisher\" content=\"https:\/\/www.facebook.com\/profile.php?id=100092394438832\" \/>\n<meta property=\"article:modified_time\" content=\"2026-01-20T16:59:09+00:00\" \/>\n<meta property=\"og:image\" content=\"https:\/\/gertrudsunivers.dk\/wp-content\/uploads\/2026\/01\/77052-Face-Paint-Stencil-Dino_1.jpg\" \/>\n\t<meta property=\"og:image:width\" content=\"1000\" \/>\n\t<meta property=\"og:image:height\" content=\"1000\" \/>\n\t<meta property=\"og:image:type\" content=\"image\/jpeg\" \/>\n<meta name=\"twitter:card\" content=\"summary_large_image\" \/>\n<meta name=\"twitter:label1\" content=\"Est. reading time\" \/>\n\t<meta name=\"twitter:data1\" content=\"2 minutes\" \/>\n<script type=\"application\/ld+json\" class=\"yoast-schema-graph\">{\"@context\":\"https:\\\/\\\/schema.org\",\"@graph\":[{\"@type\":\"WebPage\",\"@id\":\"https:\\\/\\\/gertrudsunivers.dk\\\/vare\\\/superstar-face-paint-stencil-dino\\\/\",\"url\":\"https:\\\/\\\/gertrudsunivers.dk\\\/vare\\\/superstar-face-paint-stencil-dino\\\/\",\"name\":\"SUPERSTAR - Face Paint Stencil DINO - Gertruds Univers\",\"isPartOf\":{\"@id\":\"https:\\\/\\\/gertrudsunivers.dk\\\/#website\"},\"primaryImageOfPage\":{\"@id\":\"https:\\\/\\\/gertrudsunivers.dk\\\/vare\\\/superstar-face-paint-stencil-dino\\\/#primaryimage\"},\"image\":{\"@id\":\"https:\\\/\\\/gertrudsunivers.dk\\\/vare\\\/superstar-face-paint-stencil-dino\\\/#primaryimage\"},\"thumbnailUrl\":\"https:\\\/\\\/gertrudsunivers.dk\\\/wp-content\\\/uploads\\\/2026\\\/01\\\/77052-Face-Paint-Stencil-Dino_1.jpg\",\"datePublished\":\"2026-01-20T16:57:00+00:00\",\"dateModified\":\"2026-01-20T16:59:09+00:00\",\"description\":\"Sjov stencil med dinosaur motiv og poter, ideel til b\u00f8rne ansigtsmaling, jungletema og fantasifulde dinosaur-designs til fastelavn og f\u00f8dselsdage.\",\"breadcrumb\":{\"@id\":\"https:\\\/\\\/gertrudsunivers.dk\\\/vare\\\/superstar-face-paint-stencil-dino\\\/#breadcrumb\"},\"inLanguage\":\"en-US\",\"potentialAction\":[{\"@type\":\"ReadAction\",\"target\":[\"https:\\\/\\\/gertrudsunivers.dk\\\/vare\\\/superstar-face-paint-stencil-dino\\\/\"]}]},{\"@type\":\"ImageObject\",\"inLanguage\":\"en-US\",\"@id\":\"https:\\\/\\\/gertrudsunivers.dk\\\/vare\\\/superstar-face-paint-stencil-dino\\\/#primaryimage\",\"url\":\"https:\\\/\\\/gertrudsunivers.dk\\\/wp-content\\\/uploads\\\/2026\\\/01\\\/77052-Face-Paint-Stencil-Dino_1.jpg\",\"contentUrl\":\"https:\\\/\\\/gertrudsunivers.dk\\\/wp-content\\\/uploads\\\/2026\\\/01\\\/77052-Face-Paint-Stencil-Dino_1.jpg\",\"width\":1000,\"height\":1000},{\"@type\":\"BreadcrumbList\",\"@id\":\"https:\\\/\\\/gertrudsunivers.dk\\\/vare\\\/superstar-face-paint-stencil-dino\\\/#breadcrumb\",\"itemListElement\":[{\"@type\":\"ListItem\",\"position\":1,\"name\":\"Hjem\",\"item\":\"https:\\\/\\\/gertrudsunivers.dk\\\/\"},{\"@type\":\"ListItem\",\"position\":2,\"name\":\"Gertruds Webshop\",\"item\":\"https:\\\/\\\/gertrudsunivers.dk\\\/shop\\\/\"},{\"@type\":\"ListItem\",\"position\":3,\"name\":\"SUPERSTAR &#8211; Face Paint Stencil DINO\"}]},{\"@type\":\"WebSite\",\"@id\":\"https:\\\/\\\/gertrudsunivers.dk\\\/#website\",\"url\":\"https:\\\/\\\/gertrudsunivers.dk\\\/\",\"name\":\"Gertruds Univers\",\"description\":\"En ny start p\u00e5 Gertruds Univers\",\"publisher\":{\"@id\":\"https:\\\/\\\/gertrudsunivers.dk\\\/#organization\"},\"potentialAction\":[{\"@type\":\"SearchAction\",\"target\":{\"@type\":\"EntryPoint\",\"urlTemplate\":\"https:\\\/\\\/gertrudsunivers.dk\\\/?s={search_term_string}\"},\"query-input\":{\"@type\":\"PropertyValueSpecification\",\"valueRequired\":true,\"valueName\":\"search_term_string\"}}],\"inLanguage\":\"en-US\"},{\"@type\":\"Organization\",\"@id\":\"https:\\\/\\\/gertrudsunivers.dk\\\/#organization\",\"name\":\"Gertruds Univers\",\"url\":\"https:\\\/\\\/gertrudsunivers.dk\\\/\",\"logo\":{\"@type\":\"ImageObject\",\"inLanguage\":\"en-US\",\"@id\":\"https:\\\/\\\/gertrudsunivers.dk\\\/#\\\/schema\\\/logo\\\/image\\\/\",\"url\":\"https:\\\/\\\/gertrudsunivers.dk\\\/wp-content\\\/uploads\\\/2025\\\/11\\\/cropped-Gertruds-Univers-SoMe-4-scaled-1.png\",\"contentUrl\":\"https:\\\/\\\/gertrudsunivers.dk\\\/wp-content\\\/uploads\\\/2025\\\/11\\\/cropped-Gertruds-Univers-SoMe-4-scaled-1.png\",\"width\":2560,\"height\":2560,\"caption\":\"Gertruds Univers\"},\"image\":{\"@id\":\"https:\\\/\\\/gertrudsunivers.dk\\\/#\\\/schema\\\/logo\\\/image\\\/\"},\"sameAs\":[\"https:\\\/\\\/www.facebook.com\\\/profile.php?id=100092394438832\"]}]}<\/script>\n<!-- \/ Yoast SEO plugin. -->","yoast_head_json":{"title":"SUPERSTAR - Face Paint Stencil DINO - Gertruds Univers","description":"Sjov stencil med dinosaur motiv og poter, ideel til b\u00f8rne ansigtsmaling, jungletema og fantasifulde dinosaur-designs til fastelavn og f\u00f8dselsdage.","robots":{"index":"index","follow":"follow","max-snippet":"max-snippet:-1","max-image-preview":"max-image-preview:large","max-video-preview":"max-video-preview:-1"},"canonical":"https:\/\/gertrudsunivers.dk\/en\/product\/superstar-face-paint-stencil-dino\/","og_locale":"en_US","og_type":"article","og_title":"SUPERSTAR - Face Paint Stencil DINO - Gertruds Univers","og_description":"Sjov stencil med dinosaur motiv og poter, ideel til b\u00f8rne ansigtsmaling, jungletema og fantasifulde dinosaur-designs til fastelavn og f\u00f8dselsdage.","og_url":"https:\/\/gertrudsunivers.dk\/en\/product\/superstar-face-paint-stencil-dino\/","og_site_name":"Gertruds Univers","article_publisher":"https:\/\/www.facebook.com\/profile.php?id=100092394438832","article_modified_time":"2026-01-20T16:59:09+00:00","og_image":[{"width":1000,"height":1000,"url":"https:\/\/gertrudsunivers.dk\/wp-content\/uploads\/2026\/01\/77052-Face-Paint-Stencil-Dino_1.jpg","type":"image\/jpeg"}],"twitter_card":"summary_large_image","twitter_misc":{"Est. reading time":"2 minutes"},"schema":{"@context":"https:\/\/schema.org","@graph":[{"@type":"WebPage","@id":"https:\/\/gertrudsunivers.dk\/vare\/superstar-face-paint-stencil-dino\/","url":"https:\/\/gertrudsunivers.dk\/vare\/superstar-face-paint-stencil-dino\/","name":"SUPERSTAR - Face Paint Stencil DINO - Gertruds Univers","isPartOf":{"@id":"https:\/\/gertrudsunivers.dk\/#website"},"primaryImageOfPage":{"@id":"https:\/\/gertrudsunivers.dk\/vare\/superstar-face-paint-stencil-dino\/#primaryimage"},"image":{"@id":"https:\/\/gertrudsunivers.dk\/vare\/superstar-face-paint-stencil-dino\/#primaryimage"},"thumbnailUrl":"https:\/\/gertrudsunivers.dk\/wp-content\/uploads\/2026\/01\/77052-Face-Paint-Stencil-Dino_1.jpg","datePublished":"2026-01-20T16:57:00+00:00","dateModified":"2026-01-20T16:59:09+00:00","description":"Sjov stencil med dinosaur motiv og poter, ideel til b\u00f8rne ansigtsmaling, jungletema og fantasifulde dinosaur-designs til fastelavn og f\u00f8dselsdage.","breadcrumb":{"@id":"https:\/\/gertrudsunivers.dk\/vare\/superstar-face-paint-stencil-dino\/#breadcrumb"},"inLanguage":"en-US","potentialAction":[{"@type":"ReadAction","target":["https:\/\/gertrudsunivers.dk\/vare\/superstar-face-paint-stencil-dino\/"]}]},{"@type":"ImageObject","inLanguage":"en-US","@id":"https:\/\/gertrudsunivers.dk\/vare\/superstar-face-paint-stencil-dino\/#primaryimage","url":"https:\/\/gertrudsunivers.dk\/wp-content\/uploads\/2026\/01\/77052-Face-Paint-Stencil-Dino_1.jpg","contentUrl":"https:\/\/gertrudsunivers.dk\/wp-content\/uploads\/2026\/01\/77052-Face-Paint-Stencil-Dino_1.jpg","width":1000,"height":1000},{"@type":"BreadcrumbList","@id":"https:\/\/gertrudsunivers.dk\/vare\/superstar-face-paint-stencil-dino\/#breadcrumb","itemListElement":[{"@type":"ListItem","position":1,"name":"Hjem","item":"https:\/\/gertrudsunivers.dk\/"},{"@type":"ListItem","position":2,"name":"Gertruds Webshop","item":"https:\/\/gertrudsunivers.dk\/shop\/"},{"@type":"ListItem","position":3,"name":"SUPERSTAR &#8211; Face Paint Stencil DINO"}]},{"@type":"WebSite","@id":"https:\/\/gertrudsunivers.dk\/#website","url":"https:\/\/gertrudsunivers.dk\/","name":"Gertruds Univers","description":"En ny start p\u00e5 Gertruds Univers","publisher":{"@id":"https:\/\/gertrudsunivers.dk\/#organization"},"potentialAction":[{"@type":"SearchAction","target":{"@type":"EntryPoint","urlTemplate":"https:\/\/gertrudsunivers.dk\/?s={search_term_string}"},"query-input":{"@type":"PropertyValueSpecification","valueRequired":true,"valueName":"search_term_string"}}],"inLanguage":"en-US"},{"@type":"Organization","@id":"https:\/\/gertrudsunivers.dk\/#organization","name":"Gertruds Univers","url":"https:\/\/gertrudsunivers.dk\/","logo":{"@type":"ImageObject","inLanguage":"en-US","@id":"https:\/\/gertrudsunivers.dk\/#\/schema\/logo\/image\/","url":"https:\/\/gertrudsunivers.dk\/wp-content\/uploads\/2025\/11\/cropped-Gertruds-Univers-SoMe-4-scaled-1.png","contentUrl":"https:\/\/gertrudsunivers.dk\/wp-content\/uploads\/2025\/11\/cropped-Gertruds-Univers-SoMe-4-scaled-1.png","width":2560,"height":2560,"caption":"Gertruds Univers"},"image":{"@id":"https:\/\/gertrudsunivers.dk\/#\/schema\/logo\/image\/"},"sameAs":["https:\/\/www.facebook.com\/profile.php?id=100092394438832"]}]}},"_links":{"self":[{"href":"https:\/\/gertrudsunivers.dk\/en\/wp-json\/wp\/v2\/product\/1203","targetHints":{"allow":["GET"]}}],"collection":[{"href":"https:\/\/gertrudsunivers.dk\/en\/wp-json\/wp\/v2\/product"}],"about":[{"href":"https:\/\/gertrudsunivers.dk\/en\/wp-json\/wp\/v2\/types\/product"}],"replies":[{"embeddable":true,"href":"https:\/\/gertrudsunivers.dk\/en\/wp-json\/wp\/v2\/comments?post=1203"}],"wp:featuredmedia":[{"embeddable":true,"href":"https:\/\/gertrudsunivers.dk\/en\/wp-json\/wp\/v2\/media\/1204"}],"wp:attachment":[{"href":"https:\/\/gertrudsunivers.dk\/en\/wp-json\/wp\/v2\/media?parent=1203"}],"wp:term":[{"taxonomy":"product_brand","embeddable":true,"href":"https:\/\/gertrudsunivers.dk\/en\/wp-json\/wp\/v2\/product_brand?post=1203"},{"taxonomy":"product_cat","embeddable":true,"href":"https:\/\/gertrudsunivers.dk\/en\/wp-json\/wp\/v2\/product_cat?post=1203"},{"taxonomy":"product_tag","embeddable":true,"href":"https:\/\/gertrudsunivers.dk\/en\/wp-json\/wp\/v2\/product_tag?post=1203"}],"curies":[{"name":"wp","href":"https:\/\/api.w.org\/{rel}","templated":true}]}}