{"id":1217,"date":"2026-01-20T17:14:36","date_gmt":"2026-01-20T17:14:36","guid":{"rendered":"https:\/\/gertrudsunivers.dk\/?post_type=product&#038;p=1217"},"modified":"2026-01-20T17:19:27","modified_gmt":"2026-01-20T17:19:27","slug":"superstar-foam-dauber-set-4","status":"publish","type":"product","link":"https:\/\/gertrudsunivers.dk\/en\/product\/superstar-foam-dauber-set-4\/","title":{"rendered":"SUPERSTAR &#8211; Foam Dauber Set (4)"},"content":{"rendered":"<p><span style=\"font-weight: 400;\">Superstar Foam Dauber Set best\u00e5r af fire runde svampe med tr\u00e6skaft i st\u00f8rrelserne \u00d8 (diameter): 4 cm, 3 cm, 2 cm og 1 cm. Svampene er perfekte til brug med splitcakes og Dream Colours, hvor der \u00f8nskes tydelige aftryk og j\u00e6vne farveovergange.<\/span><\/p>\n<p><span style=\"font-weight: 400;\">Svampene aktiveres med en smule vand og duppes let i farven, hvorefter de presses p\u00e5 huden. De kan genbruges og reng\u00f8res nemt med varmt vand og mild s\u00e6be.<\/span><\/p>\n<h5><strong>Du kan ogs\u00e5 l\u00e6se vores bedste Tips og tricks til brug af sponges lige <span style=\"text-decoration: underline;\"><em><span style=\"color: #cc99ff;\"><a style=\"color: #cc99ff; text-decoration: underline;\" href=\"https:\/\/gertrudsunivers.dk\/en\/tips-tricks-til-pensler-sponges-og-stencils\/\">her<\/a><\/span><\/em><\/span><\/strong><\/h5>","protected":false},"excerpt":{"rendered":"<p><span style=\"font-weight: 400;\">S\u00e6t med 4 stempelsvampe i forskellige st\u00f8rrelser som er ideelle til splitcakes og regnbueeffekter. Svampene aktiveres med en smule vand og duppes let i farven, hvorefter de presses p\u00e5 huden<\/span><\/p>\n<p><span style=\"font-weight: 400;\">Superstar Foam Dauber Set best\u00e5r af fire runde svampe med tr\u00e6skaft i st\u00f8rrelserne \u00d8 (diameter): 4 cm, 3 cm, 2 cm og 1 cm.<\/span><\/p>","protected":false},"featured_media":1218,"comment_status":"open","ping_status":"closed","template":"","meta":{"_kad_post_transparent":"default","_kad_post_title":"","_kad_post_layout":"default","_kad_post_sidebar_id":"","_kad_post_content_style":"default","_kad_post_vertical_padding":"default","_kad_post_feature":"","_kad_post_feature_position":"","_kad_post_header":false,"_kad_post_footer":false,"_kad_post_classname":""},"product_brand":[23],"product_cat":[26,35],"product_tag":[],"class_list":{"0":"post-1217","1":"product","2":"type-product","3":"status-publish","4":"has-post-thumbnail","6":"product_brand-superstar","7":"product_cat-pensler-og-sponges","8":"product_cat-sponges","10":"first","11":"instock","12":"taxable","13":"shipping-taxable","14":"purchasable","15":"product-type-simple","16":"entry","17":"content-bg","18":"loop-entry"},"yoast_head":"<!-- This site is optimized with the Yoast SEO plugin v27.4 - https:\/\/yoast.com\/product\/yoast-seo-wordpress\/ -->\n<title>SUPERSTAR - Foam Dauber Set (4) - Gertruds Univers<\/title>\n<meta name=\"description\" content=\"S\u00e6t med 4 stempelsvampe i forskellige st\u00f8rrelser som er ideelle til splitcakes og regnbueeffekter.\" \/>\n<meta name=\"robots\" content=\"index, follow, max-snippet:-1, max-image-preview:large, max-video-preview:-1\" \/>\n<link rel=\"canonical\" href=\"https:\/\/gertrudsunivers.dk\/en\/product\/superstar-foam-dauber-set-4\/\" \/>\n<meta property=\"og:locale\" content=\"en_US\" \/>\n<meta property=\"og:type\" content=\"article\" \/>\n<meta property=\"og:title\" content=\"SUPERSTAR - Foam Dauber Set (4) - Gertruds Univers\" \/>\n<meta property=\"og:description\" content=\"S\u00e6t med 4 stempelsvampe i forskellige st\u00f8rrelser som er ideelle til splitcakes og regnbueeffekter.\" \/>\n<meta property=\"og:url\" content=\"https:\/\/gertrudsunivers.dk\/en\/product\/superstar-foam-dauber-set-4\/\" \/>\n<meta property=\"og:site_name\" content=\"Gertruds Univers\" \/>\n<meta property=\"article:publisher\" content=\"https:\/\/www.facebook.com\/profile.php?id=100092394438832\" \/>\n<meta property=\"article:modified_time\" content=\"2026-01-20T17:19:27+00:00\" \/>\n<meta property=\"og:image\" content=\"https:\/\/gertrudsunivers.dk\/wp-content\/uploads\/2026\/01\/139-10.7-Foam-Dauber-Set-500x500-1.jpg\" \/>\n\t<meta property=\"og:image:width\" content=\"500\" \/>\n\t<meta property=\"og:image:height\" content=\"500\" \/>\n\t<meta property=\"og:image:type\" content=\"image\/jpeg\" \/>\n<meta name=\"twitter:card\" content=\"summary_large_image\" \/>\n<meta name=\"twitter:label1\" content=\"Est. reading time\" \/>\n\t<meta name=\"twitter:data1\" content=\"1 minute\" \/>\n<script type=\"application\/ld+json\" class=\"yoast-schema-graph\">{\"@context\":\"https:\\\/\\\/schema.org\",\"@graph\":[{\"@type\":\"WebPage\",\"@id\":\"https:\\\/\\\/gertrudsunivers.dk\\\/vare\\\/superstar-foam-dauber-set-4\\\/\",\"url\":\"https:\\\/\\\/gertrudsunivers.dk\\\/vare\\\/superstar-foam-dauber-set-4\\\/\",\"name\":\"SUPERSTAR - Foam Dauber Set (4) - Gertruds Univers\",\"isPartOf\":{\"@id\":\"https:\\\/\\\/gertrudsunivers.dk\\\/#website\"},\"primaryImageOfPage\":{\"@id\":\"https:\\\/\\\/gertrudsunivers.dk\\\/vare\\\/superstar-foam-dauber-set-4\\\/#primaryimage\"},\"image\":{\"@id\":\"https:\\\/\\\/gertrudsunivers.dk\\\/vare\\\/superstar-foam-dauber-set-4\\\/#primaryimage\"},\"thumbnailUrl\":\"https:\\\/\\\/gertrudsunivers.dk\\\/wp-content\\\/uploads\\\/2026\\\/01\\\/139-10.7-Foam-Dauber-Set-500x500-1.jpg\",\"datePublished\":\"2026-01-20T17:14:36+00:00\",\"dateModified\":\"2026-01-20T17:19:27+00:00\",\"description\":\"S\u00e6t med 4 stempelsvampe i forskellige st\u00f8rrelser som er ideelle til splitcakes og regnbueeffekter.\",\"breadcrumb\":{\"@id\":\"https:\\\/\\\/gertrudsunivers.dk\\\/vare\\\/superstar-foam-dauber-set-4\\\/#breadcrumb\"},\"inLanguage\":\"en-US\",\"potentialAction\":[{\"@type\":\"ReadAction\",\"target\":[\"https:\\\/\\\/gertrudsunivers.dk\\\/vare\\\/superstar-foam-dauber-set-4\\\/\"]}]},{\"@type\":\"ImageObject\",\"inLanguage\":\"en-US\",\"@id\":\"https:\\\/\\\/gertrudsunivers.dk\\\/vare\\\/superstar-foam-dauber-set-4\\\/#primaryimage\",\"url\":\"https:\\\/\\\/gertrudsunivers.dk\\\/wp-content\\\/uploads\\\/2026\\\/01\\\/139-10.7-Foam-Dauber-Set-500x500-1.jpg\",\"contentUrl\":\"https:\\\/\\\/gertrudsunivers.dk\\\/wp-content\\\/uploads\\\/2026\\\/01\\\/139-10.7-Foam-Dauber-Set-500x500-1.jpg\",\"width\":500,\"height\":500},{\"@type\":\"BreadcrumbList\",\"@id\":\"https:\\\/\\\/gertrudsunivers.dk\\\/vare\\\/superstar-foam-dauber-set-4\\\/#breadcrumb\",\"itemListElement\":[{\"@type\":\"ListItem\",\"position\":1,\"name\":\"Hjem\",\"item\":\"https:\\\/\\\/gertrudsunivers.dk\\\/\"},{\"@type\":\"ListItem\",\"position\":2,\"name\":\"Gertruds Webshop\",\"item\":\"https:\\\/\\\/gertrudsunivers.dk\\\/shop\\\/\"},{\"@type\":\"ListItem\",\"position\":3,\"name\":\"SUPERSTAR &#8211; Foam Dauber Set (4)\"}]},{\"@type\":\"WebSite\",\"@id\":\"https:\\\/\\\/gertrudsunivers.dk\\\/#website\",\"url\":\"https:\\\/\\\/gertrudsunivers.dk\\\/\",\"name\":\"Gertruds Univers\",\"description\":\"En ny start p\u00e5 Gertruds Univers\",\"publisher\":{\"@id\":\"https:\\\/\\\/gertrudsunivers.dk\\\/#organization\"},\"potentialAction\":[{\"@type\":\"SearchAction\",\"target\":{\"@type\":\"EntryPoint\",\"urlTemplate\":\"https:\\\/\\\/gertrudsunivers.dk\\\/?s={search_term_string}\"},\"query-input\":{\"@type\":\"PropertyValueSpecification\",\"valueRequired\":true,\"valueName\":\"search_term_string\"}}],\"inLanguage\":\"en-US\"},{\"@type\":\"Organization\",\"@id\":\"https:\\\/\\\/gertrudsunivers.dk\\\/#organization\",\"name\":\"Gertruds Univers\",\"url\":\"https:\\\/\\\/gertrudsunivers.dk\\\/\",\"logo\":{\"@type\":\"ImageObject\",\"inLanguage\":\"en-US\",\"@id\":\"https:\\\/\\\/gertrudsunivers.dk\\\/#\\\/schema\\\/logo\\\/image\\\/\",\"url\":\"https:\\\/\\\/gertrudsunivers.dk\\\/wp-content\\\/uploads\\\/2025\\\/11\\\/cropped-Gertruds-Univers-SoMe-4-scaled-1.png\",\"contentUrl\":\"https:\\\/\\\/gertrudsunivers.dk\\\/wp-content\\\/uploads\\\/2025\\\/11\\\/cropped-Gertruds-Univers-SoMe-4-scaled-1.png\",\"width\":2560,\"height\":2560,\"caption\":\"Gertruds Univers\"},\"image\":{\"@id\":\"https:\\\/\\\/gertrudsunivers.dk\\\/#\\\/schema\\\/logo\\\/image\\\/\"},\"sameAs\":[\"https:\\\/\\\/www.facebook.com\\\/profile.php?id=100092394438832\"]}]}<\/script>\n<!-- \/ Yoast SEO plugin. -->","yoast_head_json":{"title":"SUPERSTAR - Foam Dauber Set (4) - Gertruds Univers","description":"S\u00e6t med 4 stempelsvampe i forskellige st\u00f8rrelser som er ideelle til splitcakes og regnbueeffekter.","robots":{"index":"index","follow":"follow","max-snippet":"max-snippet:-1","max-image-preview":"max-image-preview:large","max-video-preview":"max-video-preview:-1"},"canonical":"https:\/\/gertrudsunivers.dk\/en\/product\/superstar-foam-dauber-set-4\/","og_locale":"en_US","og_type":"article","og_title":"SUPERSTAR - Foam Dauber Set (4) - Gertruds Univers","og_description":"S\u00e6t med 4 stempelsvampe i forskellige st\u00f8rrelser som er ideelle til splitcakes og regnbueeffekter.","og_url":"https:\/\/gertrudsunivers.dk\/en\/product\/superstar-foam-dauber-set-4\/","og_site_name":"Gertruds Univers","article_publisher":"https:\/\/www.facebook.com\/profile.php?id=100092394438832","article_modified_time":"2026-01-20T17:19:27+00:00","og_image":[{"width":500,"height":500,"url":"https:\/\/gertrudsunivers.dk\/wp-content\/uploads\/2026\/01\/139-10.7-Foam-Dauber-Set-500x500-1.jpg","type":"image\/jpeg"}],"twitter_card":"summary_large_image","twitter_misc":{"Est. reading time":"1 minute"},"schema":{"@context":"https:\/\/schema.org","@graph":[{"@type":"WebPage","@id":"https:\/\/gertrudsunivers.dk\/vare\/superstar-foam-dauber-set-4\/","url":"https:\/\/gertrudsunivers.dk\/vare\/superstar-foam-dauber-set-4\/","name":"SUPERSTAR - Foam Dauber Set (4) - Gertruds Univers","isPartOf":{"@id":"https:\/\/gertrudsunivers.dk\/#website"},"primaryImageOfPage":{"@id":"https:\/\/gertrudsunivers.dk\/vare\/superstar-foam-dauber-set-4\/#primaryimage"},"image":{"@id":"https:\/\/gertrudsunivers.dk\/vare\/superstar-foam-dauber-set-4\/#primaryimage"},"thumbnailUrl":"https:\/\/gertrudsunivers.dk\/wp-content\/uploads\/2026\/01\/139-10.7-Foam-Dauber-Set-500x500-1.jpg","datePublished":"2026-01-20T17:14:36+00:00","dateModified":"2026-01-20T17:19:27+00:00","description":"S\u00e6t med 4 stempelsvampe i forskellige st\u00f8rrelser som er ideelle til splitcakes og regnbueeffekter.","breadcrumb":{"@id":"https:\/\/gertrudsunivers.dk\/vare\/superstar-foam-dauber-set-4\/#breadcrumb"},"inLanguage":"en-US","potentialAction":[{"@type":"ReadAction","target":["https:\/\/gertrudsunivers.dk\/vare\/superstar-foam-dauber-set-4\/"]}]},{"@type":"ImageObject","inLanguage":"en-US","@id":"https:\/\/gertrudsunivers.dk\/vare\/superstar-foam-dauber-set-4\/#primaryimage","url":"https:\/\/gertrudsunivers.dk\/wp-content\/uploads\/2026\/01\/139-10.7-Foam-Dauber-Set-500x500-1.jpg","contentUrl":"https:\/\/gertrudsunivers.dk\/wp-content\/uploads\/2026\/01\/139-10.7-Foam-Dauber-Set-500x500-1.jpg","width":500,"height":500},{"@type":"BreadcrumbList","@id":"https:\/\/gertrudsunivers.dk\/vare\/superstar-foam-dauber-set-4\/#breadcrumb","itemListElement":[{"@type":"ListItem","position":1,"name":"Hjem","item":"https:\/\/gertrudsunivers.dk\/"},{"@type":"ListItem","position":2,"name":"Gertruds Webshop","item":"https:\/\/gertrudsunivers.dk\/shop\/"},{"@type":"ListItem","position":3,"name":"SUPERSTAR &#8211; Foam Dauber Set (4)"}]},{"@type":"WebSite","@id":"https:\/\/gertrudsunivers.dk\/#website","url":"https:\/\/gertrudsunivers.dk\/","name":"Gertruds Univers","description":"En ny start p\u00e5 Gertruds Univers","publisher":{"@id":"https:\/\/gertrudsunivers.dk\/#organization"},"potentialAction":[{"@type":"SearchAction","target":{"@type":"EntryPoint","urlTemplate":"https:\/\/gertrudsunivers.dk\/?s={search_term_string}"},"query-input":{"@type":"PropertyValueSpecification","valueRequired":true,"valueName":"search_term_string"}}],"inLanguage":"en-US"},{"@type":"Organization","@id":"https:\/\/gertrudsunivers.dk\/#organization","name":"Gertruds Univers","url":"https:\/\/gertrudsunivers.dk\/","logo":{"@type":"ImageObject","inLanguage":"en-US","@id":"https:\/\/gertrudsunivers.dk\/#\/schema\/logo\/image\/","url":"https:\/\/gertrudsunivers.dk\/wp-content\/uploads\/2025\/11\/cropped-Gertruds-Univers-SoMe-4-scaled-1.png","contentUrl":"https:\/\/gertrudsunivers.dk\/wp-content\/uploads\/2025\/11\/cropped-Gertruds-Univers-SoMe-4-scaled-1.png","width":2560,"height":2560,"caption":"Gertruds Univers"},"image":{"@id":"https:\/\/gertrudsunivers.dk\/#\/schema\/logo\/image\/"},"sameAs":["https:\/\/www.facebook.com\/profile.php?id=100092394438832"]}]}},"_links":{"self":[{"href":"https:\/\/gertrudsunivers.dk\/en\/wp-json\/wp\/v2\/product\/1217","targetHints":{"allow":["GET"]}}],"collection":[{"href":"https:\/\/gertrudsunivers.dk\/en\/wp-json\/wp\/v2\/product"}],"about":[{"href":"https:\/\/gertrudsunivers.dk\/en\/wp-json\/wp\/v2\/types\/product"}],"replies":[{"embeddable":true,"href":"https:\/\/gertrudsunivers.dk\/en\/wp-json\/wp\/v2\/comments?post=1217"}],"wp:featuredmedia":[{"embeddable":true,"href":"https:\/\/gertrudsunivers.dk\/en\/wp-json\/wp\/v2\/media\/1218"}],"wp:attachment":[{"href":"https:\/\/gertrudsunivers.dk\/en\/wp-json\/wp\/v2\/media?parent=1217"}],"wp:term":[{"taxonomy":"product_brand","embeddable":true,"href":"https:\/\/gertrudsunivers.dk\/en\/wp-json\/wp\/v2\/product_brand?post=1217"},{"taxonomy":"product_cat","embeddable":true,"href":"https:\/\/gertrudsunivers.dk\/en\/wp-json\/wp\/v2\/product_cat?post=1217"},{"taxonomy":"product_tag","embeddable":true,"href":"https:\/\/gertrudsunivers.dk\/en\/wp-json\/wp\/v2\/product_tag?post=1217"}],"curies":[{"name":"wp","href":"https:\/\/api.w.org\/{rel}","templated":true}]}}