{"id":1276,"date":"2026-01-21T23:17:36","date_gmt":"2026-01-21T23:17:36","guid":{"rendered":"https:\/\/gertrudsunivers.dk\/?post_type=product&#038;p=1276"},"modified":"2026-01-21T23:22:52","modified_gmt":"2026-01-21T23:22:52","slug":"fusion-pixies-dream-flat-rainbow-face-paint-brush-3-4-inch","status":"publish","type":"product","link":"https:\/\/gertrudsunivers.dk\/en\/product\/fusion-pixies-dream-flat-rainbow-face-paint-brush-3-4-inch\/","title":{"rendered":"FUSION &#8211; Pixie&#8217;s Dream Flat Rainbow Face Paint Brush 3\/4 Inch"},"content":{"rendered":"<p><b>Pixie\u2019s Dream-serien<\/b><span style=\"font-weight: 400;\"> er designet med fokus p\u00e5 b\u00e5de funktion og \u00e6stetik, s\u00e5 du ikke blot arbejder effektivt, men ogs\u00e5 fremst\u00e5r professionel, mens du g\u00f8r det. Penslen er nem at kontrollere, behagelig at arbejde med og egner sig til b\u00e5de begyndere og erfarne ansigtsmalere.<\/span><\/p>\n<h5><b>S\u00e5dan bruger du penslerne:<\/b><\/h5>\n<ul>\n<li><span style=\"font-weight: 400;\">Fugt penslen let i rent vand, fjern overskydende fugt og arbejd farven op i din ansigtsmaling med rolige bev\u00e6gelser.<\/span><\/li>\n<li><span style=\"font-weight: 400;\">S\u00f8rg for at dreje penslen let undervejs for at samle b\u00f8rsteh\u00e5rene og bevare formen. <\/span><\/li>\n<li><span style=\"font-weight: 400;\">Efter brug reng\u00f8res penslen i lunkent s\u00e6bevand og formes let, inden den luftt\u00f8rres.<\/span><\/li>\n<\/ul>\n<h5><strong>Du kan ogs\u00e5 l\u00e6se vores bedste Tips og tricks til brug af pensler lige <span style=\"text-decoration: underline;\"><em><span style=\"color: #cc99ff;\"><a style=\"color: #cc99ff; text-decoration: underline;\" href=\"https:\/\/gertrudsunivers.dk\/en\/tips-tricks-til-pensler-sponges-og-stencils\/\">her<\/a><\/span><\/em><\/span><\/strong><\/h5>\n<p><span style=\"font-weight: 400;\">\u00a0<\/span><\/p>","protected":false},"excerpt":{"rendered":"<p><span style=\"font-weight: 400;\">Flad pensel i 3\/4 inch, perfekt til one-stroke designs og hurtig d\u00e6kning af st\u00f8rre farveflader. Giver flotte farveovergange og et professionelt udtryk med minimal indsats.<\/span><\/p>\n<p><b><i>M\u00e5l: <\/i><\/b><i><span style=\"font-weight: 400;\">Penselhoved bredde 19 mm, samlet l\u00e6ngde 175 mm<\/span><\/i><\/p>","protected":false},"featured_media":1278,"comment_status":"open","ping_status":"closed","template":"","meta":{"_kad_post_transparent":"default","_kad_post_title":"","_kad_post_layout":"default","_kad_post_sidebar_id":"","_kad_post_content_style":"default","_kad_post_vertical_padding":"default","_kad_post_feature":"","_kad_post_feature_position":"","_kad_post_header":false,"_kad_post_footer":false,"_kad_post_classname":""},"product_brand":[24],"product_cat":[30,26],"product_tag":[],"class_list":{"0":"post-1276","1":"product","2":"type-product","3":"status-publish","4":"has-post-thumbnail","6":"product_brand-fusionbodyart","7":"product_cat-flade-pensler","8":"product_cat-pensler-og-sponges","10":"first","11":"instock","12":"taxable","13":"shipping-taxable","14":"purchasable","15":"product-type-simple","16":"entry","17":"content-bg","18":"loop-entry"},"yoast_head":"<!-- This site is optimized with the Yoast SEO plugin v27.4 - https:\/\/yoast.com\/product\/yoast-seo-wordpress\/ -->\n<title>FUSION - Pixie&#039;s Dream Flat Rainbow Face Paint Brush 3\/4 Inch - Gertruds Univers<\/title>\n<meta name=\"description\" content=\"Flad pensel i 3\/4 inch, perfekt til one-stroke designs og hurtig d\u00e6kning af st\u00f8rre farveflader. Giver flotte farveovergange og et professionelt udtryk med minimal indsats.\" \/>\n<meta name=\"robots\" content=\"index, follow, max-snippet:-1, max-image-preview:large, max-video-preview:-1\" \/>\n<link rel=\"canonical\" href=\"https:\/\/gertrudsunivers.dk\/en\/product\/fusion-pixies-dream-flat-rainbow-face-paint-brush-3-4-inch\/\" \/>\n<meta property=\"og:locale\" content=\"en_US\" \/>\n<meta property=\"og:type\" content=\"article\" \/>\n<meta property=\"og:title\" content=\"FUSION - Pixie&#039;s Dream Flat Rainbow Face Paint Brush 3\/4 Inch - Gertruds Univers\" \/>\n<meta property=\"og:description\" content=\"Flad pensel i 3\/4 inch, perfekt til one-stroke designs og hurtig d\u00e6kning af st\u00f8rre farveflader. Giver flotte farveovergange og et professionelt udtryk med minimal indsats.\" \/>\n<meta property=\"og:url\" content=\"https:\/\/gertrudsunivers.dk\/en\/product\/fusion-pixies-dream-flat-rainbow-face-paint-brush-3-4-inch\/\" \/>\n<meta property=\"og:site_name\" content=\"Gertruds Univers\" \/>\n<meta property=\"article:publisher\" content=\"https:\/\/www.facebook.com\/profile.php?id=100092394438832\" \/>\n<meta property=\"article:modified_time\" content=\"2026-01-21T23:22:52+00:00\" \/>\n<meta property=\"og:image\" content=\"https:\/\/gertrudsunivers.dk\/wp-content\/uploads\/2026\/01\/PIXIES-DREAM-FLAT-RAINBOW-BRUSH-34-inch-2.webp\" \/>\n\t<meta property=\"og:image:width\" content=\"1200\" \/>\n\t<meta property=\"og:image:height\" content=\"1200\" \/>\n\t<meta property=\"og:image:type\" content=\"image\/webp\" \/>\n<meta name=\"twitter:card\" content=\"summary_large_image\" \/>\n<meta name=\"twitter:label1\" content=\"Est. reading time\" \/>\n\t<meta name=\"twitter:data1\" content=\"1 minute\" \/>\n<script type=\"application\/ld+json\" class=\"yoast-schema-graph\">{\"@context\":\"https:\\\/\\\/schema.org\",\"@graph\":[{\"@type\":\"WebPage\",\"@id\":\"https:\\\/\\\/gertrudsunivers.dk\\\/vare\\\/fusion-pixies-dream-flat-rainbow-face-paint-brush-3-4-inch\\\/\",\"url\":\"https:\\\/\\\/gertrudsunivers.dk\\\/vare\\\/fusion-pixies-dream-flat-rainbow-face-paint-brush-3-4-inch\\\/\",\"name\":\"FUSION - Pixie's Dream Flat Rainbow Face Paint Brush 3\\\/4 Inch - Gertruds Univers\",\"isPartOf\":{\"@id\":\"https:\\\/\\\/gertrudsunivers.dk\\\/#website\"},\"primaryImageOfPage\":{\"@id\":\"https:\\\/\\\/gertrudsunivers.dk\\\/vare\\\/fusion-pixies-dream-flat-rainbow-face-paint-brush-3-4-inch\\\/#primaryimage\"},\"image\":{\"@id\":\"https:\\\/\\\/gertrudsunivers.dk\\\/vare\\\/fusion-pixies-dream-flat-rainbow-face-paint-brush-3-4-inch\\\/#primaryimage\"},\"thumbnailUrl\":\"https:\\\/\\\/gertrudsunivers.dk\\\/wp-content\\\/uploads\\\/2026\\\/01\\\/PIXIES-DREAM-FLAT-RAINBOW-BRUSH-34-inch-2.webp\",\"datePublished\":\"2026-01-21T23:17:36+00:00\",\"dateModified\":\"2026-01-21T23:22:52+00:00\",\"description\":\"Flad pensel i 3\\\/4 inch, perfekt til one-stroke designs og hurtig d\u00e6kning af st\u00f8rre farveflader. Giver flotte farveovergange og et professionelt udtryk med minimal indsats.\",\"breadcrumb\":{\"@id\":\"https:\\\/\\\/gertrudsunivers.dk\\\/vare\\\/fusion-pixies-dream-flat-rainbow-face-paint-brush-3-4-inch\\\/#breadcrumb\"},\"inLanguage\":\"en-US\",\"potentialAction\":[{\"@type\":\"ReadAction\",\"target\":[\"https:\\\/\\\/gertrudsunivers.dk\\\/vare\\\/fusion-pixies-dream-flat-rainbow-face-paint-brush-3-4-inch\\\/\"]}]},{\"@type\":\"ImageObject\",\"inLanguage\":\"en-US\",\"@id\":\"https:\\\/\\\/gertrudsunivers.dk\\\/vare\\\/fusion-pixies-dream-flat-rainbow-face-paint-brush-3-4-inch\\\/#primaryimage\",\"url\":\"https:\\\/\\\/gertrudsunivers.dk\\\/wp-content\\\/uploads\\\/2026\\\/01\\\/PIXIES-DREAM-FLAT-RAINBOW-BRUSH-34-inch-2.webp\",\"contentUrl\":\"https:\\\/\\\/gertrudsunivers.dk\\\/wp-content\\\/uploads\\\/2026\\\/01\\\/PIXIES-DREAM-FLAT-RAINBOW-BRUSH-34-inch-2.webp\",\"width\":1200,\"height\":1200},{\"@type\":\"BreadcrumbList\",\"@id\":\"https:\\\/\\\/gertrudsunivers.dk\\\/vare\\\/fusion-pixies-dream-flat-rainbow-face-paint-brush-3-4-inch\\\/#breadcrumb\",\"itemListElement\":[{\"@type\":\"ListItem\",\"position\":1,\"name\":\"Hjem\",\"item\":\"https:\\\/\\\/gertrudsunivers.dk\\\/\"},{\"@type\":\"ListItem\",\"position\":2,\"name\":\"Gertruds Webshop\",\"item\":\"https:\\\/\\\/gertrudsunivers.dk\\\/shop\\\/\"},{\"@type\":\"ListItem\",\"position\":3,\"name\":\"FUSION &#8211; Pixie&#8217;s Dream Flat Rainbow Face Paint Brush 3\\\/4 Inch\"}]},{\"@type\":\"WebSite\",\"@id\":\"https:\\\/\\\/gertrudsunivers.dk\\\/#website\",\"url\":\"https:\\\/\\\/gertrudsunivers.dk\\\/\",\"name\":\"Gertruds Univers\",\"description\":\"En ny start p\u00e5 Gertruds Univers\",\"publisher\":{\"@id\":\"https:\\\/\\\/gertrudsunivers.dk\\\/#organization\"},\"potentialAction\":[{\"@type\":\"SearchAction\",\"target\":{\"@type\":\"EntryPoint\",\"urlTemplate\":\"https:\\\/\\\/gertrudsunivers.dk\\\/?s={search_term_string}\"},\"query-input\":{\"@type\":\"PropertyValueSpecification\",\"valueRequired\":true,\"valueName\":\"search_term_string\"}}],\"inLanguage\":\"en-US\"},{\"@type\":\"Organization\",\"@id\":\"https:\\\/\\\/gertrudsunivers.dk\\\/#organization\",\"name\":\"Gertruds Univers\",\"url\":\"https:\\\/\\\/gertrudsunivers.dk\\\/\",\"logo\":{\"@type\":\"ImageObject\",\"inLanguage\":\"en-US\",\"@id\":\"https:\\\/\\\/gertrudsunivers.dk\\\/#\\\/schema\\\/logo\\\/image\\\/\",\"url\":\"https:\\\/\\\/gertrudsunivers.dk\\\/wp-content\\\/uploads\\\/2025\\\/11\\\/cropped-Gertruds-Univers-SoMe-4-scaled-1.png\",\"contentUrl\":\"https:\\\/\\\/gertrudsunivers.dk\\\/wp-content\\\/uploads\\\/2025\\\/11\\\/cropped-Gertruds-Univers-SoMe-4-scaled-1.png\",\"width\":2560,\"height\":2560,\"caption\":\"Gertruds Univers\"},\"image\":{\"@id\":\"https:\\\/\\\/gertrudsunivers.dk\\\/#\\\/schema\\\/logo\\\/image\\\/\"},\"sameAs\":[\"https:\\\/\\\/www.facebook.com\\\/profile.php?id=100092394438832\"]}]}<\/script>\n<!-- \/ Yoast SEO plugin. -->","yoast_head_json":{"title":"FUSION - Pixie's Dream Flat Rainbow Face Paint Brush 3\/4 Inch - Gertruds Univers","description":"Flad pensel i 3\/4 inch, perfekt til one-stroke designs og hurtig d\u00e6kning af st\u00f8rre farveflader. Giver flotte farveovergange og et professionelt udtryk med minimal indsats.","robots":{"index":"index","follow":"follow","max-snippet":"max-snippet:-1","max-image-preview":"max-image-preview:large","max-video-preview":"max-video-preview:-1"},"canonical":"https:\/\/gertrudsunivers.dk\/en\/product\/fusion-pixies-dream-flat-rainbow-face-paint-brush-3-4-inch\/","og_locale":"en_US","og_type":"article","og_title":"FUSION - Pixie's Dream Flat Rainbow Face Paint Brush 3\/4 Inch - Gertruds Univers","og_description":"Flad pensel i 3\/4 inch, perfekt til one-stroke designs og hurtig d\u00e6kning af st\u00f8rre farveflader. Giver flotte farveovergange og et professionelt udtryk med minimal indsats.","og_url":"https:\/\/gertrudsunivers.dk\/en\/product\/fusion-pixies-dream-flat-rainbow-face-paint-brush-3-4-inch\/","og_site_name":"Gertruds Univers","article_publisher":"https:\/\/www.facebook.com\/profile.php?id=100092394438832","article_modified_time":"2026-01-21T23:22:52+00:00","og_image":[{"width":1200,"height":1200,"url":"https:\/\/gertrudsunivers.dk\/wp-content\/uploads\/2026\/01\/PIXIES-DREAM-FLAT-RAINBOW-BRUSH-34-inch-2.webp","type":"image\/webp"}],"twitter_card":"summary_large_image","twitter_misc":{"Est. reading time":"1 minute"},"schema":{"@context":"https:\/\/schema.org","@graph":[{"@type":"WebPage","@id":"https:\/\/gertrudsunivers.dk\/vare\/fusion-pixies-dream-flat-rainbow-face-paint-brush-3-4-inch\/","url":"https:\/\/gertrudsunivers.dk\/vare\/fusion-pixies-dream-flat-rainbow-face-paint-brush-3-4-inch\/","name":"FUSION - Pixie's Dream Flat Rainbow Face Paint Brush 3\/4 Inch - Gertruds Univers","isPartOf":{"@id":"https:\/\/gertrudsunivers.dk\/#website"},"primaryImageOfPage":{"@id":"https:\/\/gertrudsunivers.dk\/vare\/fusion-pixies-dream-flat-rainbow-face-paint-brush-3-4-inch\/#primaryimage"},"image":{"@id":"https:\/\/gertrudsunivers.dk\/vare\/fusion-pixies-dream-flat-rainbow-face-paint-brush-3-4-inch\/#primaryimage"},"thumbnailUrl":"https:\/\/gertrudsunivers.dk\/wp-content\/uploads\/2026\/01\/PIXIES-DREAM-FLAT-RAINBOW-BRUSH-34-inch-2.webp","datePublished":"2026-01-21T23:17:36+00:00","dateModified":"2026-01-21T23:22:52+00:00","description":"Flad pensel i 3\/4 inch, perfekt til one-stroke designs og hurtig d\u00e6kning af st\u00f8rre farveflader. Giver flotte farveovergange og et professionelt udtryk med minimal indsats.","breadcrumb":{"@id":"https:\/\/gertrudsunivers.dk\/vare\/fusion-pixies-dream-flat-rainbow-face-paint-brush-3-4-inch\/#breadcrumb"},"inLanguage":"en-US","potentialAction":[{"@type":"ReadAction","target":["https:\/\/gertrudsunivers.dk\/vare\/fusion-pixies-dream-flat-rainbow-face-paint-brush-3-4-inch\/"]}]},{"@type":"ImageObject","inLanguage":"en-US","@id":"https:\/\/gertrudsunivers.dk\/vare\/fusion-pixies-dream-flat-rainbow-face-paint-brush-3-4-inch\/#primaryimage","url":"https:\/\/gertrudsunivers.dk\/wp-content\/uploads\/2026\/01\/PIXIES-DREAM-FLAT-RAINBOW-BRUSH-34-inch-2.webp","contentUrl":"https:\/\/gertrudsunivers.dk\/wp-content\/uploads\/2026\/01\/PIXIES-DREAM-FLAT-RAINBOW-BRUSH-34-inch-2.webp","width":1200,"height":1200},{"@type":"BreadcrumbList","@id":"https:\/\/gertrudsunivers.dk\/vare\/fusion-pixies-dream-flat-rainbow-face-paint-brush-3-4-inch\/#breadcrumb","itemListElement":[{"@type":"ListItem","position":1,"name":"Hjem","item":"https:\/\/gertrudsunivers.dk\/"},{"@type":"ListItem","position":2,"name":"Gertruds Webshop","item":"https:\/\/gertrudsunivers.dk\/shop\/"},{"@type":"ListItem","position":3,"name":"FUSION &#8211; Pixie&#8217;s Dream Flat Rainbow Face Paint Brush 3\/4 Inch"}]},{"@type":"WebSite","@id":"https:\/\/gertrudsunivers.dk\/#website","url":"https:\/\/gertrudsunivers.dk\/","name":"Gertruds Univers","description":"En ny start p\u00e5 Gertruds Univers","publisher":{"@id":"https:\/\/gertrudsunivers.dk\/#organization"},"potentialAction":[{"@type":"SearchAction","target":{"@type":"EntryPoint","urlTemplate":"https:\/\/gertrudsunivers.dk\/?s={search_term_string}"},"query-input":{"@type":"PropertyValueSpecification","valueRequired":true,"valueName":"search_term_string"}}],"inLanguage":"en-US"},{"@type":"Organization","@id":"https:\/\/gertrudsunivers.dk\/#organization","name":"Gertruds Univers","url":"https:\/\/gertrudsunivers.dk\/","logo":{"@type":"ImageObject","inLanguage":"en-US","@id":"https:\/\/gertrudsunivers.dk\/#\/schema\/logo\/image\/","url":"https:\/\/gertrudsunivers.dk\/wp-content\/uploads\/2025\/11\/cropped-Gertruds-Univers-SoMe-4-scaled-1.png","contentUrl":"https:\/\/gertrudsunivers.dk\/wp-content\/uploads\/2025\/11\/cropped-Gertruds-Univers-SoMe-4-scaled-1.png","width":2560,"height":2560,"caption":"Gertruds Univers"},"image":{"@id":"https:\/\/gertrudsunivers.dk\/#\/schema\/logo\/image\/"},"sameAs":["https:\/\/www.facebook.com\/profile.php?id=100092394438832"]}]}},"_links":{"self":[{"href":"https:\/\/gertrudsunivers.dk\/en\/wp-json\/wp\/v2\/product\/1276","targetHints":{"allow":["GET"]}}],"collection":[{"href":"https:\/\/gertrudsunivers.dk\/en\/wp-json\/wp\/v2\/product"}],"about":[{"href":"https:\/\/gertrudsunivers.dk\/en\/wp-json\/wp\/v2\/types\/product"}],"replies":[{"embeddable":true,"href":"https:\/\/gertrudsunivers.dk\/en\/wp-json\/wp\/v2\/comments?post=1276"}],"wp:featuredmedia":[{"embeddable":true,"href":"https:\/\/gertrudsunivers.dk\/en\/wp-json\/wp\/v2\/media\/1278"}],"wp:attachment":[{"href":"https:\/\/gertrudsunivers.dk\/en\/wp-json\/wp\/v2\/media?parent=1276"}],"wp:term":[{"taxonomy":"product_brand","embeddable":true,"href":"https:\/\/gertrudsunivers.dk\/en\/wp-json\/wp\/v2\/product_brand?post=1276"},{"taxonomy":"product_cat","embeddable":true,"href":"https:\/\/gertrudsunivers.dk\/en\/wp-json\/wp\/v2\/product_cat?post=1276"},{"taxonomy":"product_tag","embeddable":true,"href":"https:\/\/gertrudsunivers.dk\/en\/wp-json\/wp\/v2\/product_tag?post=1276"}],"curies":[{"name":"wp","href":"https:\/\/api.w.org\/{rel}","templated":true}]}}