{"id":1301,"date":"2026-01-21T23:45:57","date_gmt":"2026-01-21T23:45:57","guid":{"rendered":"https:\/\/gertrudsunivers.dk\/?post_type=product&#038;p=1301"},"modified":"2026-01-21T23:49:43","modified_gmt":"2026-01-21T23:49:43","slug":"fusion-face-paint-brush-set-of-5-rounds","status":"publish","type":"product","link":"https:\/\/gertrudsunivers.dk\/en\/product\/fusion-face-paint-brush-set-of-5-rounds\/","title":{"rendered":"FUSION &#8211; Face Paint Brush &#8211; SET OF 5 Rounds"},"content":{"rendered":"<p><b>Fusion Body Art Brushes<\/b><span style=\"font-weight: 400;\"> er udviklet med fokus p\u00e5 kvalitet, alsidighed og professionel ydeevne. Penslerne er designet til b\u00e5de professionelle ansigtsmalere og kreative entusiaster, der \u00f8nsker p\u00e5lideligt v\u00e6rkt\u00f8j med h\u00f8j pr\u00e6cision og komfort.<\/span><\/p>\n<p><span style=\"font-weight: 400;\">Penslerne er fremstillet med <\/span><b>premium koreanske syntetiske b\u00f8rsteh\u00e5r<\/b><span style=\"font-weight: 400;\">, som sikrer et j\u00e6vnt og kontrolleret flow. Den <\/span><b>krombelagte messingferule<\/b><span style=\"font-weight: 400;\"> giver ekstra holdbarhed og stabilitet, mens h\u00e5ndtagene i <\/span><b>\u00e6gte birketr\u00e6<\/b><span style=\"font-weight: 400;\"> ligger behageligt i h\u00e5nden og giver et elegant, professionelt udtryk.<\/span><\/p>\n<h5><b>M\u00e5l p\u00e5 pensler i s\u00e6ttet:\u00a0<\/b><\/h5>\n<p><b>Round 1:<br \/>\n<\/b><i><span style=\"font-weight: 400;\">M\u00e5l: <\/span><\/i><i><span style=\"font-weight: 400;\">Penselhoved bredde: 2,5 mm, samlet l\u00e6ngde: 179 mm\u00a0<\/span><\/i><\/p>\n<p><b>Round 2:<br \/>\n<\/b><i><span style=\"font-weight: 400;\">M\u00e5l: Penselhoved bredde 2 mm, samlet l\u00e6ngde 170 mm<\/span><\/i><\/p>\n<p><b>Round 3:<br \/>\n<\/b><i><span style=\"font-weight: 400;\">M\u00e5l: Penselhoved bredde 3 mm, samlet l\u00e6ngde 172 mm<\/span><\/i><\/p>\n<p><b>Round 4:<br \/>\n<\/b><i><span style=\"font-weight: 400;\">M\u00e5l: Penselhoved bredde 4 mm, samlet l\u00e6ngde 172 mm<\/span><\/i><\/p>\n<p><b>Round 5:<br \/>\n<\/b><i><span style=\"font-weight: 400;\">M\u00e5l: <\/span><\/i><i><span style=\"font-weight: 400;\">Penselhoved bredde:\u00a0 4 mm, samlet l\u00e6ngde: 193 mm<\/span><\/i><\/p>\n<h5><b>S\u00e5dan bruger du penslerne:<\/b><\/h5>\n<ul>\n<li><span style=\"font-weight: 400;\">Fugt penslen let i rent vand, fjern overskydende fugt og arbejd farven op i din ansigtsmaling med rolige bev\u00e6gelser.<\/span><\/li>\n<li><span style=\"font-weight: 400;\">S\u00f8rg for at dreje penslen let undervejs for at samle b\u00f8rsteh\u00e5rene og bevare formen. <\/span><\/li>\n<li><span style=\"font-weight: 400;\">Efter brug reng\u00f8res penslen i lunkent s\u00e6bevand og formes let, inden den luftt\u00f8rres.<\/span><\/li>\n<\/ul>\n<h5><strong>Du kan ogs\u00e5 l\u00e6se vores bedste Tips og tricks til brug af pensler lige <span style=\"text-decoration: underline;\"><em><span style=\"color: #cc99ff;\"><a style=\"color: #cc99ff; text-decoration: underline;\" href=\"https:\/\/gertrudsunivers.dk\/en\/tips-tricks-til-pensler-sponges-og-stencils\/\">her<\/a><\/span><\/em><\/span><\/strong><\/h5>\n<p><span style=\"font-weight: 400;\">\u00a0<\/span><\/p>","protected":false},"excerpt":{"rendered":"<p><span style=\"font-weight: 400;\">S\u00e6t med fem runde pensler i forskellige st\u00f8rrelser \u2013 perfekt til detaljer, linjer og opbygning af designs.<\/span><\/p>\n<p><b>S\u00e6ttet indeholder:<\/b><\/p>\n<ul>\n<li><span style=\"font-weight: 400;\">Round 1<\/span><\/li>\n<li>Round 2<\/li>\n<li>Round 3<\/li>\n<li>Round 4<\/li>\n<li>Round 5<\/li>\n<\/ul>","protected":false},"featured_media":1302,"comment_status":"open","ping_status":"closed","template":"","meta":{"_kad_post_transparent":"default","_kad_post_title":"","_kad_post_layout":"default","_kad_post_sidebar_id":"","_kad_post_content_style":"default","_kad_post_vertical_padding":"default","_kad_post_feature":"","_kad_post_feature_position":"","_kad_post_header":false,"_kad_post_footer":false,"_kad_post_classname":""},"product_brand":[24],"product_cat":[27,26],"product_tag":[],"class_list":{"0":"post-1301","1":"product","2":"type-product","3":"status-publish","4":"has-post-thumbnail","6":"product_brand-fusionbodyart","7":"product_cat-penselsaet","8":"product_cat-pensler-og-sponges","10":"first","11":"instock","12":"taxable","13":"shipping-taxable","14":"purchasable","15":"product-type-simple","16":"entry","17":"content-bg","18":"loop-entry"},"yoast_head":"<!-- This site is optimized with the Yoast SEO plugin v27.4 - https:\/\/yoast.com\/product\/yoast-seo-wordpress\/ -->\n<title>FUSION - Face Paint Brush - SET OF 5 Rounds - Gertruds Univers<\/title>\n<meta name=\"description\" content=\"S\u00e6t med fem runde pensler i forskellige st\u00f8rrelser \u2013 perfekt til detaljer, linjer og opbygning af designs.Indeholder:\u2013 Round 1\u2013 Round 2\u2013 Round 3\u2013 Round 4\u2013 Round 5\" \/>\n<meta name=\"robots\" content=\"index, follow, max-snippet:-1, max-image-preview:large, max-video-preview:-1\" \/>\n<link rel=\"canonical\" href=\"https:\/\/gertrudsunivers.dk\/en\/product\/fusion-face-paint-brush-set-of-5-rounds\/\" \/>\n<meta property=\"og:locale\" content=\"en_US\" \/>\n<meta property=\"og:type\" content=\"article\" \/>\n<meta property=\"og:title\" content=\"FUSION - Face Paint Brush - SET OF 5 Rounds - Gertruds Univers\" \/>\n<meta property=\"og:description\" content=\"S\u00e6t med fem runde pensler i forskellige st\u00f8rrelser \u2013 perfekt til detaljer, linjer og opbygning af designs.Indeholder:\u2013 Round 1\u2013 Round 2\u2013 Round 3\u2013 Round 4\u2013 Round 5\" \/>\n<meta property=\"og:url\" content=\"https:\/\/gertrudsunivers.dk\/en\/product\/fusion-face-paint-brush-set-of-5-rounds\/\" \/>\n<meta property=\"og:site_name\" content=\"Gertruds Univers\" \/>\n<meta property=\"article:publisher\" content=\"https:\/\/www.facebook.com\/profile.php?id=100092394438832\" \/>\n<meta property=\"article:modified_time\" content=\"2026-01-21T23:49:43+00:00\" \/>\n<meta property=\"og:image\" content=\"https:\/\/gertrudsunivers.dk\/wp-content\/uploads\/2026\/01\/FUSION-BODY-ART-BRUSH-5PC-ROUND-SET-1.webp\" \/>\n\t<meta property=\"og:image:width\" content=\"1200\" \/>\n\t<meta property=\"og:image:height\" content=\"1007\" \/>\n\t<meta property=\"og:image:type\" content=\"image\/webp\" \/>\n<meta name=\"twitter:card\" content=\"summary_large_image\" \/>\n<meta name=\"twitter:label1\" content=\"Est. reading time\" \/>\n\t<meta name=\"twitter:data1\" content=\"2 minutes\" \/>\n<script type=\"application\/ld+json\" class=\"yoast-schema-graph\">{\"@context\":\"https:\\\/\\\/schema.org\",\"@graph\":[{\"@type\":\"WebPage\",\"@id\":\"https:\\\/\\\/gertrudsunivers.dk\\\/vare\\\/fusion-face-paint-brush-set-of-5-rounds\\\/\",\"url\":\"https:\\\/\\\/gertrudsunivers.dk\\\/vare\\\/fusion-face-paint-brush-set-of-5-rounds\\\/\",\"name\":\"FUSION - Face Paint Brush - SET OF 5 Rounds - Gertruds Univers\",\"isPartOf\":{\"@id\":\"https:\\\/\\\/gertrudsunivers.dk\\\/#website\"},\"primaryImageOfPage\":{\"@id\":\"https:\\\/\\\/gertrudsunivers.dk\\\/vare\\\/fusion-face-paint-brush-set-of-5-rounds\\\/#primaryimage\"},\"image\":{\"@id\":\"https:\\\/\\\/gertrudsunivers.dk\\\/vare\\\/fusion-face-paint-brush-set-of-5-rounds\\\/#primaryimage\"},\"thumbnailUrl\":\"https:\\\/\\\/gertrudsunivers.dk\\\/wp-content\\\/uploads\\\/2026\\\/01\\\/FUSION-BODY-ART-BRUSH-5PC-ROUND-SET-1.webp\",\"datePublished\":\"2026-01-21T23:45:57+00:00\",\"dateModified\":\"2026-01-21T23:49:43+00:00\",\"description\":\"S\u00e6t med fem runde pensler i forskellige st\u00f8rrelser \u2013 perfekt til detaljer, linjer og opbygning af designs.Indeholder:\u2013 Round 1\u2013 Round 2\u2013 Round 3\u2013 Round 4\u2013 Round 5\",\"breadcrumb\":{\"@id\":\"https:\\\/\\\/gertrudsunivers.dk\\\/vare\\\/fusion-face-paint-brush-set-of-5-rounds\\\/#breadcrumb\"},\"inLanguage\":\"en-US\",\"potentialAction\":[{\"@type\":\"ReadAction\",\"target\":[\"https:\\\/\\\/gertrudsunivers.dk\\\/vare\\\/fusion-face-paint-brush-set-of-5-rounds\\\/\"]}]},{\"@type\":\"ImageObject\",\"inLanguage\":\"en-US\",\"@id\":\"https:\\\/\\\/gertrudsunivers.dk\\\/vare\\\/fusion-face-paint-brush-set-of-5-rounds\\\/#primaryimage\",\"url\":\"https:\\\/\\\/gertrudsunivers.dk\\\/wp-content\\\/uploads\\\/2026\\\/01\\\/FUSION-BODY-ART-BRUSH-5PC-ROUND-SET-1.webp\",\"contentUrl\":\"https:\\\/\\\/gertrudsunivers.dk\\\/wp-content\\\/uploads\\\/2026\\\/01\\\/FUSION-BODY-ART-BRUSH-5PC-ROUND-SET-1.webp\",\"width\":1200,\"height\":1007},{\"@type\":\"BreadcrumbList\",\"@id\":\"https:\\\/\\\/gertrudsunivers.dk\\\/vare\\\/fusion-face-paint-brush-set-of-5-rounds\\\/#breadcrumb\",\"itemListElement\":[{\"@type\":\"ListItem\",\"position\":1,\"name\":\"Hjem\",\"item\":\"https:\\\/\\\/gertrudsunivers.dk\\\/\"},{\"@type\":\"ListItem\",\"position\":2,\"name\":\"Gertruds Webshop\",\"item\":\"https:\\\/\\\/gertrudsunivers.dk\\\/shop\\\/\"},{\"@type\":\"ListItem\",\"position\":3,\"name\":\"FUSION &#8211; Face Paint Brush &#8211; SET OF 5 Rounds\"}]},{\"@type\":\"WebSite\",\"@id\":\"https:\\\/\\\/gertrudsunivers.dk\\\/#website\",\"url\":\"https:\\\/\\\/gertrudsunivers.dk\\\/\",\"name\":\"Gertruds Univers\",\"description\":\"En ny start p\u00e5 Gertruds Univers\",\"publisher\":{\"@id\":\"https:\\\/\\\/gertrudsunivers.dk\\\/#organization\"},\"potentialAction\":[{\"@type\":\"SearchAction\",\"target\":{\"@type\":\"EntryPoint\",\"urlTemplate\":\"https:\\\/\\\/gertrudsunivers.dk\\\/?s={search_term_string}\"},\"query-input\":{\"@type\":\"PropertyValueSpecification\",\"valueRequired\":true,\"valueName\":\"search_term_string\"}}],\"inLanguage\":\"en-US\"},{\"@type\":\"Organization\",\"@id\":\"https:\\\/\\\/gertrudsunivers.dk\\\/#organization\",\"name\":\"Gertruds Univers\",\"url\":\"https:\\\/\\\/gertrudsunivers.dk\\\/\",\"logo\":{\"@type\":\"ImageObject\",\"inLanguage\":\"en-US\",\"@id\":\"https:\\\/\\\/gertrudsunivers.dk\\\/#\\\/schema\\\/logo\\\/image\\\/\",\"url\":\"https:\\\/\\\/gertrudsunivers.dk\\\/wp-content\\\/uploads\\\/2025\\\/11\\\/cropped-Gertruds-Univers-SoMe-4-scaled-1.png\",\"contentUrl\":\"https:\\\/\\\/gertrudsunivers.dk\\\/wp-content\\\/uploads\\\/2025\\\/11\\\/cropped-Gertruds-Univers-SoMe-4-scaled-1.png\",\"width\":2560,\"height\":2560,\"caption\":\"Gertruds Univers\"},\"image\":{\"@id\":\"https:\\\/\\\/gertrudsunivers.dk\\\/#\\\/schema\\\/logo\\\/image\\\/\"},\"sameAs\":[\"https:\\\/\\\/www.facebook.com\\\/profile.php?id=100092394438832\"]}]}<\/script>\n<!-- \/ Yoast SEO plugin. -->","yoast_head_json":{"title":"FUSION - Face Paint Brush - SET OF 5 Rounds - Gertruds Univers","description":"S\u00e6t med fem runde pensler i forskellige st\u00f8rrelser \u2013 perfekt til detaljer, linjer og opbygning af designs.Indeholder:\u2013 Round 1\u2013 Round 2\u2013 Round 3\u2013 Round 4\u2013 Round 5","robots":{"index":"index","follow":"follow","max-snippet":"max-snippet:-1","max-image-preview":"max-image-preview:large","max-video-preview":"max-video-preview:-1"},"canonical":"https:\/\/gertrudsunivers.dk\/en\/product\/fusion-face-paint-brush-set-of-5-rounds\/","og_locale":"en_US","og_type":"article","og_title":"FUSION - Face Paint Brush - SET OF 5 Rounds - Gertruds Univers","og_description":"S\u00e6t med fem runde pensler i forskellige st\u00f8rrelser \u2013 perfekt til detaljer, linjer og opbygning af designs.Indeholder:\u2013 Round 1\u2013 Round 2\u2013 Round 3\u2013 Round 4\u2013 Round 5","og_url":"https:\/\/gertrudsunivers.dk\/en\/product\/fusion-face-paint-brush-set-of-5-rounds\/","og_site_name":"Gertruds Univers","article_publisher":"https:\/\/www.facebook.com\/profile.php?id=100092394438832","article_modified_time":"2026-01-21T23:49:43+00:00","og_image":[{"width":1200,"height":1007,"url":"https:\/\/gertrudsunivers.dk\/wp-content\/uploads\/2026\/01\/FUSION-BODY-ART-BRUSH-5PC-ROUND-SET-1.webp","type":"image\/webp"}],"twitter_card":"summary_large_image","twitter_misc":{"Est. reading time":"2 minutes"},"schema":{"@context":"https:\/\/schema.org","@graph":[{"@type":"WebPage","@id":"https:\/\/gertrudsunivers.dk\/vare\/fusion-face-paint-brush-set-of-5-rounds\/","url":"https:\/\/gertrudsunivers.dk\/vare\/fusion-face-paint-brush-set-of-5-rounds\/","name":"FUSION - Face Paint Brush - SET OF 5 Rounds - Gertruds Univers","isPartOf":{"@id":"https:\/\/gertrudsunivers.dk\/#website"},"primaryImageOfPage":{"@id":"https:\/\/gertrudsunivers.dk\/vare\/fusion-face-paint-brush-set-of-5-rounds\/#primaryimage"},"image":{"@id":"https:\/\/gertrudsunivers.dk\/vare\/fusion-face-paint-brush-set-of-5-rounds\/#primaryimage"},"thumbnailUrl":"https:\/\/gertrudsunivers.dk\/wp-content\/uploads\/2026\/01\/FUSION-BODY-ART-BRUSH-5PC-ROUND-SET-1.webp","datePublished":"2026-01-21T23:45:57+00:00","dateModified":"2026-01-21T23:49:43+00:00","description":"S\u00e6t med fem runde pensler i forskellige st\u00f8rrelser \u2013 perfekt til detaljer, linjer og opbygning af designs.Indeholder:\u2013 Round 1\u2013 Round 2\u2013 Round 3\u2013 Round 4\u2013 Round 5","breadcrumb":{"@id":"https:\/\/gertrudsunivers.dk\/vare\/fusion-face-paint-brush-set-of-5-rounds\/#breadcrumb"},"inLanguage":"en-US","potentialAction":[{"@type":"ReadAction","target":["https:\/\/gertrudsunivers.dk\/vare\/fusion-face-paint-brush-set-of-5-rounds\/"]}]},{"@type":"ImageObject","inLanguage":"en-US","@id":"https:\/\/gertrudsunivers.dk\/vare\/fusion-face-paint-brush-set-of-5-rounds\/#primaryimage","url":"https:\/\/gertrudsunivers.dk\/wp-content\/uploads\/2026\/01\/FUSION-BODY-ART-BRUSH-5PC-ROUND-SET-1.webp","contentUrl":"https:\/\/gertrudsunivers.dk\/wp-content\/uploads\/2026\/01\/FUSION-BODY-ART-BRUSH-5PC-ROUND-SET-1.webp","width":1200,"height":1007},{"@type":"BreadcrumbList","@id":"https:\/\/gertrudsunivers.dk\/vare\/fusion-face-paint-brush-set-of-5-rounds\/#breadcrumb","itemListElement":[{"@type":"ListItem","position":1,"name":"Hjem","item":"https:\/\/gertrudsunivers.dk\/"},{"@type":"ListItem","position":2,"name":"Gertruds Webshop","item":"https:\/\/gertrudsunivers.dk\/shop\/"},{"@type":"ListItem","position":3,"name":"FUSION &#8211; Face Paint Brush &#8211; SET OF 5 Rounds"}]},{"@type":"WebSite","@id":"https:\/\/gertrudsunivers.dk\/#website","url":"https:\/\/gertrudsunivers.dk\/","name":"Gertruds Univers","description":"En ny start p\u00e5 Gertruds Univers","publisher":{"@id":"https:\/\/gertrudsunivers.dk\/#organization"},"potentialAction":[{"@type":"SearchAction","target":{"@type":"EntryPoint","urlTemplate":"https:\/\/gertrudsunivers.dk\/?s={search_term_string}"},"query-input":{"@type":"PropertyValueSpecification","valueRequired":true,"valueName":"search_term_string"}}],"inLanguage":"en-US"},{"@type":"Organization","@id":"https:\/\/gertrudsunivers.dk\/#organization","name":"Gertruds Univers","url":"https:\/\/gertrudsunivers.dk\/","logo":{"@type":"ImageObject","inLanguage":"en-US","@id":"https:\/\/gertrudsunivers.dk\/#\/schema\/logo\/image\/","url":"https:\/\/gertrudsunivers.dk\/wp-content\/uploads\/2025\/11\/cropped-Gertruds-Univers-SoMe-4-scaled-1.png","contentUrl":"https:\/\/gertrudsunivers.dk\/wp-content\/uploads\/2025\/11\/cropped-Gertruds-Univers-SoMe-4-scaled-1.png","width":2560,"height":2560,"caption":"Gertruds Univers"},"image":{"@id":"https:\/\/gertrudsunivers.dk\/#\/schema\/logo\/image\/"},"sameAs":["https:\/\/www.facebook.com\/profile.php?id=100092394438832"]}]}},"_links":{"self":[{"href":"https:\/\/gertrudsunivers.dk\/en\/wp-json\/wp\/v2\/product\/1301","targetHints":{"allow":["GET"]}}],"collection":[{"href":"https:\/\/gertrudsunivers.dk\/en\/wp-json\/wp\/v2\/product"}],"about":[{"href":"https:\/\/gertrudsunivers.dk\/en\/wp-json\/wp\/v2\/types\/product"}],"replies":[{"embeddable":true,"href":"https:\/\/gertrudsunivers.dk\/en\/wp-json\/wp\/v2\/comments?post=1301"}],"wp:featuredmedia":[{"embeddable":true,"href":"https:\/\/gertrudsunivers.dk\/en\/wp-json\/wp\/v2\/media\/1302"}],"wp:attachment":[{"href":"https:\/\/gertrudsunivers.dk\/en\/wp-json\/wp\/v2\/media?parent=1301"}],"wp:term":[{"taxonomy":"product_brand","embeddable":true,"href":"https:\/\/gertrudsunivers.dk\/en\/wp-json\/wp\/v2\/product_brand?post=1301"},{"taxonomy":"product_cat","embeddable":true,"href":"https:\/\/gertrudsunivers.dk\/en\/wp-json\/wp\/v2\/product_cat?post=1301"},{"taxonomy":"product_tag","embeddable":true,"href":"https:\/\/gertrudsunivers.dk\/en\/wp-json\/wp\/v2\/product_tag?post=1301"}],"curies":[{"name":"wp","href":"https:\/\/api.w.org\/{rel}","templated":true}]}}