{"id":1306,"date":"2026-01-21T23:55:34","date_gmt":"2026-01-21T23:55:34","guid":{"rendered":"https:\/\/gertrudsunivers.dk\/?post_type=product&#038;p=1306"},"modified":"2026-01-21T23:57:50","modified_gmt":"2026-01-21T23:57:50","slug":"fusion-leannes-rainbow-3-8-angle","status":"publish","type":"product","link":"https:\/\/gertrudsunivers.dk\/en\/product\/fusion-leannes-rainbow-3-8-angle\/","title":{"rendered":"FUSION &#8211; Leanne&#8217;s Rainbow &#8211; 3\/8 Angle"},"content":{"rendered":"<p><b>Leanne\u2019s Rainbow Brushes fra Fusion Body Art<\/b><span style=\"font-weight: 400;\"> er udviklet til ansigtsmalere, der \u00f8nsker holdbare pensler med god kontrol og alsidig anvendelse. Serien er velegnet til b\u00e5de detaljeret arbejde og mere dekorative designs og fungerer godt til blomster, blade, striber, outlines og one-stroke teknikker.<\/span><\/p>\n<p><span style=\"font-weight: 400;\">Penslerne er fremstillet med <\/span><b>syntetiske b\u00f8rsteh\u00e5r<\/b><span style=\"font-weight: 400;\"> af h\u00f8j kvalitet, som giver en j\u00e6vn og kontrolleret p\u00e5f\u00f8ring og bevarer formen under brug. De <\/span><b>tr\u00e6baserede h\u00e5ndtag<\/b><span style=\"font-weight: 400;\"> ligger behageligt i h\u00e5nden og giver et stabilt greb, s\u00e5 penslerne er komfortable at arbejde med, ogs\u00e5 ved l\u00e6ngere sessioner<\/span><\/p>\n<h5><b>S\u00e5dan bruger du penslerne:<\/b><\/h5>\n<ul>\n<li><span style=\"font-weight: 400;\">Fugt penslen let i rent vand, fjern overskydende fugt og arbejd farven op i din ansigtsmaling med rolige bev\u00e6gelser.<\/span><\/li>\n<li><span style=\"font-weight: 400;\">S\u00f8rg for at dreje penslen let undervejs for at samle b\u00f8rsteh\u00e5rene og bevare formen. <\/span><\/li>\n<li><span style=\"font-weight: 400;\">Efter brug reng\u00f8res penslen i lunkent s\u00e6bevand og formes let, inden den luftt\u00f8rres.<\/span><\/li>\n<\/ul>\n<h5><strong>Du kan ogs\u00e5 l\u00e6se vores bedste Tips og tricks til brug af pensler lige <span style=\"text-decoration: underline;\"><em><span style=\"color: #cc99ff;\"><a style=\"color: #cc99ff; text-decoration: underline;\" href=\"https:\/\/gertrudsunivers.dk\/en\/tips-tricks-til-pensler-sponges-og-stencils\/\">her<\/a><\/span><\/em><\/span><\/strong><\/h5>\n<p><span style=\"font-weight: 400;\">\u00a0<\/span><\/p>","protected":false},"excerpt":{"rendered":"<p><span style=\"font-weight: 400;\">Kompakt vinklet pensel, perfekt til mindre one-stroke designs og pr\u00e6cise detaljer. Velegnet til blade, striber og dekorative former med h\u00f8j kontrol.<\/span><\/p>\n<p><b><i>M\u00e5l:<\/i><\/b><i><span style=\"font-weight: 400;\"> Penselhoved bredde 10 mm, samlet l\u00e6ngde 180 mm<\/span><\/i><\/p>","protected":false},"featured_media":1307,"comment_status":"open","ping_status":"closed","template":"","meta":{"_kad_post_transparent":"default","_kad_post_title":"","_kad_post_layout":"default","_kad_post_sidebar_id":"","_kad_post_content_style":"default","_kad_post_vertical_padding":"default","_kad_post_feature":"","_kad_post_feature_position":"","_kad_post_header":false,"_kad_post_footer":false,"_kad_post_classname":""},"product_brand":[24],"product_cat":[26,31],"product_tag":[],"class_list":{"0":"post-1306","1":"product","2":"type-product","3":"status-publish","4":"has-post-thumbnail","6":"product_brand-fusionbodyart","7":"product_cat-pensler-og-sponges","8":"product_cat-vinklede-angle-pensler","10":"first","11":"instock","12":"taxable","13":"shipping-taxable","14":"purchasable","15":"product-type-simple","16":"entry","17":"content-bg","18":"loop-entry"},"yoast_head":"<!-- This site is optimized with the Yoast SEO plugin v27.4 - https:\/\/yoast.com\/product\/yoast-seo-wordpress\/ -->\n<title>FUSION - Leanne&#039;s Rainbow - 3\/8 Angle - Gertruds Univers<\/title>\n<meta name=\"description\" content=\"Kompakt vinklet pensel, perfekt til mindre one-stroke designs og pr\u00e6cise detaljer. Velegnet til blade, striber og dekorative former med h\u00f8j kontrol.\" \/>\n<meta name=\"robots\" content=\"index, follow, max-snippet:-1, max-image-preview:large, max-video-preview:-1\" \/>\n<link rel=\"canonical\" href=\"https:\/\/gertrudsunivers.dk\/en\/product\/fusion-leannes-rainbow-3-8-angle\/\" \/>\n<meta property=\"og:locale\" content=\"en_US\" \/>\n<meta property=\"og:type\" content=\"article\" \/>\n<meta property=\"og:title\" content=\"FUSION - Leanne&#039;s Rainbow - 3\/8 Angle - Gertruds Univers\" \/>\n<meta property=\"og:description\" content=\"Kompakt vinklet pensel, perfekt til mindre one-stroke designs og pr\u00e6cise detaljer. Velegnet til blade, striber og dekorative former med h\u00f8j kontrol.\" \/>\n<meta property=\"og:url\" content=\"https:\/\/gertrudsunivers.dk\/en\/product\/fusion-leannes-rainbow-3-8-angle\/\" \/>\n<meta property=\"og:site_name\" content=\"Gertruds Univers\" \/>\n<meta property=\"article:publisher\" content=\"https:\/\/www.facebook.com\/profile.php?id=100092394438832\" \/>\n<meta property=\"article:modified_time\" content=\"2026-01-21T23:57:50+00:00\" \/>\n<meta property=\"og:image\" content=\"https:\/\/gertrudsunivers.dk\/wp-content\/uploads\/2026\/01\/LEANNES-RAINBOW-38-ANGLE-1.webp\" \/>\n\t<meta property=\"og:image:width\" content=\"1200\" \/>\n\t<meta property=\"og:image:height\" content=\"1200\" \/>\n\t<meta property=\"og:image:type\" content=\"image\/webp\" \/>\n<meta name=\"twitter:card\" content=\"summary_large_image\" \/>\n<meta name=\"twitter:label1\" content=\"Est. reading time\" \/>\n\t<meta name=\"twitter:data1\" content=\"2 minutes\" \/>\n<script type=\"application\/ld+json\" class=\"yoast-schema-graph\">{\"@context\":\"https:\\\/\\\/schema.org\",\"@graph\":[{\"@type\":\"WebPage\",\"@id\":\"https:\\\/\\\/gertrudsunivers.dk\\\/vare\\\/fusion-leannes-rainbow-3-8-angle\\\/\",\"url\":\"https:\\\/\\\/gertrudsunivers.dk\\\/vare\\\/fusion-leannes-rainbow-3-8-angle\\\/\",\"name\":\"FUSION - Leanne's Rainbow - 3\\\/8 Angle - Gertruds Univers\",\"isPartOf\":{\"@id\":\"https:\\\/\\\/gertrudsunivers.dk\\\/#website\"},\"primaryImageOfPage\":{\"@id\":\"https:\\\/\\\/gertrudsunivers.dk\\\/vare\\\/fusion-leannes-rainbow-3-8-angle\\\/#primaryimage\"},\"image\":{\"@id\":\"https:\\\/\\\/gertrudsunivers.dk\\\/vare\\\/fusion-leannes-rainbow-3-8-angle\\\/#primaryimage\"},\"thumbnailUrl\":\"https:\\\/\\\/gertrudsunivers.dk\\\/wp-content\\\/uploads\\\/2026\\\/01\\\/LEANNES-RAINBOW-38-ANGLE-1.webp\",\"datePublished\":\"2026-01-21T23:55:34+00:00\",\"dateModified\":\"2026-01-21T23:57:50+00:00\",\"description\":\"Kompakt vinklet pensel, perfekt til mindre one-stroke designs og pr\u00e6cise detaljer. Velegnet til blade, striber og dekorative former med h\u00f8j kontrol.\",\"breadcrumb\":{\"@id\":\"https:\\\/\\\/gertrudsunivers.dk\\\/vare\\\/fusion-leannes-rainbow-3-8-angle\\\/#breadcrumb\"},\"inLanguage\":\"en-US\",\"potentialAction\":[{\"@type\":\"ReadAction\",\"target\":[\"https:\\\/\\\/gertrudsunivers.dk\\\/vare\\\/fusion-leannes-rainbow-3-8-angle\\\/\"]}]},{\"@type\":\"ImageObject\",\"inLanguage\":\"en-US\",\"@id\":\"https:\\\/\\\/gertrudsunivers.dk\\\/vare\\\/fusion-leannes-rainbow-3-8-angle\\\/#primaryimage\",\"url\":\"https:\\\/\\\/gertrudsunivers.dk\\\/wp-content\\\/uploads\\\/2026\\\/01\\\/LEANNES-RAINBOW-38-ANGLE-1.webp\",\"contentUrl\":\"https:\\\/\\\/gertrudsunivers.dk\\\/wp-content\\\/uploads\\\/2026\\\/01\\\/LEANNES-RAINBOW-38-ANGLE-1.webp\",\"width\":1200,\"height\":1200},{\"@type\":\"BreadcrumbList\",\"@id\":\"https:\\\/\\\/gertrudsunivers.dk\\\/vare\\\/fusion-leannes-rainbow-3-8-angle\\\/#breadcrumb\",\"itemListElement\":[{\"@type\":\"ListItem\",\"position\":1,\"name\":\"Hjem\",\"item\":\"https:\\\/\\\/gertrudsunivers.dk\\\/\"},{\"@type\":\"ListItem\",\"position\":2,\"name\":\"Gertruds Webshop\",\"item\":\"https:\\\/\\\/gertrudsunivers.dk\\\/shop\\\/\"},{\"@type\":\"ListItem\",\"position\":3,\"name\":\"FUSION &#8211; Leanne&#8217;s Rainbow &#8211; 3\\\/8 Angle\"}]},{\"@type\":\"WebSite\",\"@id\":\"https:\\\/\\\/gertrudsunivers.dk\\\/#website\",\"url\":\"https:\\\/\\\/gertrudsunivers.dk\\\/\",\"name\":\"Gertruds Univers\",\"description\":\"En ny start p\u00e5 Gertruds Univers\",\"publisher\":{\"@id\":\"https:\\\/\\\/gertrudsunivers.dk\\\/#organization\"},\"potentialAction\":[{\"@type\":\"SearchAction\",\"target\":{\"@type\":\"EntryPoint\",\"urlTemplate\":\"https:\\\/\\\/gertrudsunivers.dk\\\/?s={search_term_string}\"},\"query-input\":{\"@type\":\"PropertyValueSpecification\",\"valueRequired\":true,\"valueName\":\"search_term_string\"}}],\"inLanguage\":\"en-US\"},{\"@type\":\"Organization\",\"@id\":\"https:\\\/\\\/gertrudsunivers.dk\\\/#organization\",\"name\":\"Gertruds Univers\",\"url\":\"https:\\\/\\\/gertrudsunivers.dk\\\/\",\"logo\":{\"@type\":\"ImageObject\",\"inLanguage\":\"en-US\",\"@id\":\"https:\\\/\\\/gertrudsunivers.dk\\\/#\\\/schema\\\/logo\\\/image\\\/\",\"url\":\"https:\\\/\\\/gertrudsunivers.dk\\\/wp-content\\\/uploads\\\/2025\\\/11\\\/cropped-Gertruds-Univers-SoMe-4-scaled-1.png\",\"contentUrl\":\"https:\\\/\\\/gertrudsunivers.dk\\\/wp-content\\\/uploads\\\/2025\\\/11\\\/cropped-Gertruds-Univers-SoMe-4-scaled-1.png\",\"width\":2560,\"height\":2560,\"caption\":\"Gertruds Univers\"},\"image\":{\"@id\":\"https:\\\/\\\/gertrudsunivers.dk\\\/#\\\/schema\\\/logo\\\/image\\\/\"},\"sameAs\":[\"https:\\\/\\\/www.facebook.com\\\/profile.php?id=100092394438832\"]}]}<\/script>\n<!-- \/ Yoast SEO plugin. -->","yoast_head_json":{"title":"FUSION - Leanne's Rainbow - 3\/8 Angle - Gertruds Univers","description":"Kompakt vinklet pensel, perfekt til mindre one-stroke designs og pr\u00e6cise detaljer. Velegnet til blade, striber og dekorative former med h\u00f8j kontrol.","robots":{"index":"index","follow":"follow","max-snippet":"max-snippet:-1","max-image-preview":"max-image-preview:large","max-video-preview":"max-video-preview:-1"},"canonical":"https:\/\/gertrudsunivers.dk\/en\/product\/fusion-leannes-rainbow-3-8-angle\/","og_locale":"en_US","og_type":"article","og_title":"FUSION - Leanne's Rainbow - 3\/8 Angle - Gertruds Univers","og_description":"Kompakt vinklet pensel, perfekt til mindre one-stroke designs og pr\u00e6cise detaljer. Velegnet til blade, striber og dekorative former med h\u00f8j kontrol.","og_url":"https:\/\/gertrudsunivers.dk\/en\/product\/fusion-leannes-rainbow-3-8-angle\/","og_site_name":"Gertruds Univers","article_publisher":"https:\/\/www.facebook.com\/profile.php?id=100092394438832","article_modified_time":"2026-01-21T23:57:50+00:00","og_image":[{"width":1200,"height":1200,"url":"https:\/\/gertrudsunivers.dk\/wp-content\/uploads\/2026\/01\/LEANNES-RAINBOW-38-ANGLE-1.webp","type":"image\/webp"}],"twitter_card":"summary_large_image","twitter_misc":{"Est. reading time":"2 minutes"},"schema":{"@context":"https:\/\/schema.org","@graph":[{"@type":"WebPage","@id":"https:\/\/gertrudsunivers.dk\/vare\/fusion-leannes-rainbow-3-8-angle\/","url":"https:\/\/gertrudsunivers.dk\/vare\/fusion-leannes-rainbow-3-8-angle\/","name":"FUSION - Leanne's Rainbow - 3\/8 Angle - Gertruds Univers","isPartOf":{"@id":"https:\/\/gertrudsunivers.dk\/#website"},"primaryImageOfPage":{"@id":"https:\/\/gertrudsunivers.dk\/vare\/fusion-leannes-rainbow-3-8-angle\/#primaryimage"},"image":{"@id":"https:\/\/gertrudsunivers.dk\/vare\/fusion-leannes-rainbow-3-8-angle\/#primaryimage"},"thumbnailUrl":"https:\/\/gertrudsunivers.dk\/wp-content\/uploads\/2026\/01\/LEANNES-RAINBOW-38-ANGLE-1.webp","datePublished":"2026-01-21T23:55:34+00:00","dateModified":"2026-01-21T23:57:50+00:00","description":"Kompakt vinklet pensel, perfekt til mindre one-stroke designs og pr\u00e6cise detaljer. Velegnet til blade, striber og dekorative former med h\u00f8j kontrol.","breadcrumb":{"@id":"https:\/\/gertrudsunivers.dk\/vare\/fusion-leannes-rainbow-3-8-angle\/#breadcrumb"},"inLanguage":"en-US","potentialAction":[{"@type":"ReadAction","target":["https:\/\/gertrudsunivers.dk\/vare\/fusion-leannes-rainbow-3-8-angle\/"]}]},{"@type":"ImageObject","inLanguage":"en-US","@id":"https:\/\/gertrudsunivers.dk\/vare\/fusion-leannes-rainbow-3-8-angle\/#primaryimage","url":"https:\/\/gertrudsunivers.dk\/wp-content\/uploads\/2026\/01\/LEANNES-RAINBOW-38-ANGLE-1.webp","contentUrl":"https:\/\/gertrudsunivers.dk\/wp-content\/uploads\/2026\/01\/LEANNES-RAINBOW-38-ANGLE-1.webp","width":1200,"height":1200},{"@type":"BreadcrumbList","@id":"https:\/\/gertrudsunivers.dk\/vare\/fusion-leannes-rainbow-3-8-angle\/#breadcrumb","itemListElement":[{"@type":"ListItem","position":1,"name":"Hjem","item":"https:\/\/gertrudsunivers.dk\/"},{"@type":"ListItem","position":2,"name":"Gertruds Webshop","item":"https:\/\/gertrudsunivers.dk\/shop\/"},{"@type":"ListItem","position":3,"name":"FUSION &#8211; Leanne&#8217;s Rainbow &#8211; 3\/8 Angle"}]},{"@type":"WebSite","@id":"https:\/\/gertrudsunivers.dk\/#website","url":"https:\/\/gertrudsunivers.dk\/","name":"Gertruds Univers","description":"En ny start p\u00e5 Gertruds Univers","publisher":{"@id":"https:\/\/gertrudsunivers.dk\/#organization"},"potentialAction":[{"@type":"SearchAction","target":{"@type":"EntryPoint","urlTemplate":"https:\/\/gertrudsunivers.dk\/?s={search_term_string}"},"query-input":{"@type":"PropertyValueSpecification","valueRequired":true,"valueName":"search_term_string"}}],"inLanguage":"en-US"},{"@type":"Organization","@id":"https:\/\/gertrudsunivers.dk\/#organization","name":"Gertruds Univers","url":"https:\/\/gertrudsunivers.dk\/","logo":{"@type":"ImageObject","inLanguage":"en-US","@id":"https:\/\/gertrudsunivers.dk\/#\/schema\/logo\/image\/","url":"https:\/\/gertrudsunivers.dk\/wp-content\/uploads\/2025\/11\/cropped-Gertruds-Univers-SoMe-4-scaled-1.png","contentUrl":"https:\/\/gertrudsunivers.dk\/wp-content\/uploads\/2025\/11\/cropped-Gertruds-Univers-SoMe-4-scaled-1.png","width":2560,"height":2560,"caption":"Gertruds Univers"},"image":{"@id":"https:\/\/gertrudsunivers.dk\/#\/schema\/logo\/image\/"},"sameAs":["https:\/\/www.facebook.com\/profile.php?id=100092394438832"]}]}},"_links":{"self":[{"href":"https:\/\/gertrudsunivers.dk\/en\/wp-json\/wp\/v2\/product\/1306","targetHints":{"allow":["GET"]}}],"collection":[{"href":"https:\/\/gertrudsunivers.dk\/en\/wp-json\/wp\/v2\/product"}],"about":[{"href":"https:\/\/gertrudsunivers.dk\/en\/wp-json\/wp\/v2\/types\/product"}],"replies":[{"embeddable":true,"href":"https:\/\/gertrudsunivers.dk\/en\/wp-json\/wp\/v2\/comments?post=1306"}],"wp:featuredmedia":[{"embeddable":true,"href":"https:\/\/gertrudsunivers.dk\/en\/wp-json\/wp\/v2\/media\/1307"}],"wp:attachment":[{"href":"https:\/\/gertrudsunivers.dk\/en\/wp-json\/wp\/v2\/media?parent=1306"}],"wp:term":[{"taxonomy":"product_brand","embeddable":true,"href":"https:\/\/gertrudsunivers.dk\/en\/wp-json\/wp\/v2\/product_brand?post=1306"},{"taxonomy":"product_cat","embeddable":true,"href":"https:\/\/gertrudsunivers.dk\/en\/wp-json\/wp\/v2\/product_cat?post=1306"},{"taxonomy":"product_tag","embeddable":true,"href":"https:\/\/gertrudsunivers.dk\/en\/wp-json\/wp\/v2\/product_tag?post=1306"}],"curies":[{"name":"wp","href":"https:\/\/api.w.org\/{rel}","templated":true}]}}