{"id":744,"date":"2026-01-07T13:58:06","date_gmt":"2026-01-07T13:58:06","guid":{"rendered":"https:\/\/gertrudsunivers.dk\/?post_type=product&#038;p=744"},"modified":"2026-01-22T13:44:57","modified_gmt":"2026-01-22T13:44:57","slug":"treasure-island","status":"publish","type":"product","link":"https:\/\/gertrudsunivers.dk\/en\/product\/treasure-island\/","title":{"rendered":"EcoSparkles &#8211; Treasure Island"},"content":{"rendered":"<h5 data-start=\"200\" data-end=\"267\"><span style=\"color: #946abd;\"><strong>Naturligt bionedbrydeligt holografisk glimmer\u00a0<\/strong><\/span><\/h5>\n<p data-start=\"269\" data-end=\"538\">EcoSparkles Holo er verdens f\u00f8rste <strong data-start=\"304\" data-end=\"354\">naturligt bionedbrydelige holografiske glimmer<\/strong>, udviklet med omtanke for b\u00e5de milj\u00f8 og hud. Glimmeret er testet og certificeret til at nedbrydes sikkert i naturen og ferskvand, hvor op til <strong data-start=\"497\" data-end=\"537\">95 % nedbrydes inden for blot 4 uger<\/strong>.<\/p>\n<p data-start=\"540\" data-end=\"795\">Farven <em data-start=\"547\" data-end=\"564\">Treasure Island<\/em> er en smuk bl\u00e5lig glimmerblanding med holografisk s\u00f8lv, der reflekterer lyset i alle regnbuens farver. Effekten er s\u00e6rligt intens i sollys og LED-belysning, hvilket g\u00f8r den ideel til sommerens festivaler, events og kreative looks.<\/p>\n<p data-start=\"797\" data-end=\"1185\">Basen i glimmeret best\u00e5r af cellulose, prim\u00e6rt udvundet fra eucalyptus-tr\u00e6er. Cellulosefilmen er farvet med naturlige, kosmetiske pigmenter og indeholder kun <strong data-start=\"955\" data-end=\"974\">0,1 % aluminium<\/strong>, som skaber den karakteristiske holografiske glans. Den plantebaserede film g\u00f8r glimmeret op til <strong data-start=\"1072\" data-end=\"1120\">40 % bl\u00f8dere end traditionelt plastikglimmer<\/strong>, og det er certificeret sikkert til brug p\u00e5 hud og omkring \u00f8jne.<\/p>\n<h5 data-start=\"1192\" data-end=\"1203\"><span style=\"color: #946abd;\">Fordele<\/span><\/h5>\n<ul data-start=\"1204\" data-end=\"1413\">\n<li data-start=\"1204\" data-end=\"1238\">\n<p data-start=\"1206\" data-end=\"1238\">Naturligt bionedbrydeligt (95 %)<\/p>\n<\/li>\n<li data-start=\"1239\" data-end=\"1279\">\n<p data-start=\"1241\" data-end=\"1279\">Sikkert for b\u00e5de ferskvand og havmilj\u00f8<\/p>\n<\/li>\n<li data-start=\"1280\" data-end=\"1302\">\n<p data-start=\"1282\" data-end=\"1302\">Aldrig testet p\u00e5 dyr<\/p>\n<\/li>\n<li data-start=\"1303\" data-end=\"1350\">\n<p data-start=\"1305\" data-end=\"1350\">Indeholder FDA-godkendte kosmetiske pigmenter<\/p>\n<\/li>\n<li data-start=\"1351\" data-end=\"1374\">\n<p data-start=\"1353\" data-end=\"1374\">Uden GMO-ingredienser<\/p>\n<\/li>\n<li data-start=\"1375\" data-end=\"1413\">\n<p data-start=\"1377\" data-end=\"1413\">Ogs\u00e5 velegnet til kreative projekter<\/p>\n<\/li>\n<\/ul>\n<h5 data-start=\"1420\" data-end=\"1439\"><span style=\"color: #946abd;\">Produktdetaljer<\/span><\/h5>\n<ul data-start=\"1440\" data-end=\"1609\">\n<li data-start=\"1440\" data-end=\"1466\">\n<p data-start=\"1442\" data-end=\"1466\">Glas med aluminiumsl\u00e5g<\/p>\n<\/li>\n<li data-start=\"1517\" data-end=\"1543\">\n<p data-start=\"1519\" data-end=\"1543\">Hexagon-formet glimmer<\/p>\n<\/li>\n<li data-start=\"1544\" data-end=\"1559\">\n<p data-start=\"1546\" data-end=\"1559\">Glimmer mix<\/p>\n<\/li>\n<li data-start=\"1560\" data-end=\"1609\">\n<p data-start=\"1562\" data-end=\"1609\">V\u00e6gten kan variere en smule fra glas til glas<\/p>\n<\/li>\n<\/ul>\n<h5 data-start=\"1616\" data-end=\"1632\"><span style=\"color: #946abd;\">Ingredienser<\/span><\/h5>\n<p data-start=\"1633\" data-end=\"1731\">90 % cellulose, 2,25 % styrene, 5 % shellac, &lt;0,1 % aluminium, glycerin samt kosmetiske pigmenter.<\/p>","protected":false},"excerpt":{"rendered":"<p>Farven <em data-start=\"547\" data-end=\"564\">Treasure Island<\/em> er en smuk bl\u00e5lig glimmerblanding med holografisk s\u00f8lv, der reflekterer lyset i alle regnbuens farver. Effekten er s\u00e6rligt intens i sollys og LED-belysning, hvilket g\u00f8r den ideel til sommerens festivaler, events og kreative looks.<\/p>","protected":false},"featured_media":756,"comment_status":"open","ping_status":"closed","template":"","meta":{"_kad_post_transparent":"default","_kad_post_title":"","_kad_post_layout":"default","_kad_post_sidebar_id":"","_kad_post_content_style":"default","_kad_post_vertical_padding":"default","_kad_post_feature":"","_kad_post_feature_position":"","_kad_post_header":false,"_kad_post_footer":false,"_kad_post_classname":""},"product_brand":[20],"product_cat":[21,46],"product_tag":[],"class_list":{"0":"post-744","1":"product","2":"type-product","3":"status-publish","4":"has-post-thumbnail","6":"product_brand-ecosparkles","7":"product_cat-glimmer","8":"product_cat-glimmer-varianter","10":"first","11":"instock","12":"taxable","13":"shipping-taxable","14":"purchasable","15":"product-type-variable","16":"has-default-attributes","17":"entry","18":"content-bg","19":"loop-entry"},"yoast_head":"<!-- This site is optimized with the Yoast SEO plugin v27.4 - https:\/\/yoast.com\/product\/yoast-seo-wordpress\/ -->\n<title>EcoSparkles - Treasure Island - Gertruds Univers<\/title>\n<meta name=\"description\" content=\"Farven Treasure Island er en smuk bl\u00e5lig glimmerblanding med holografisk s\u00f8lv, der reflekterer lyset i alle regnbuens farver.\" \/>\n<meta name=\"robots\" content=\"index, follow, max-snippet:-1, max-image-preview:large, max-video-preview:-1\" \/>\n<link rel=\"canonical\" href=\"https:\/\/gertrudsunivers.dk\/en\/product\/treasure-island\/\" \/>\n<meta property=\"og:locale\" content=\"en_US\" \/>\n<meta property=\"og:type\" content=\"article\" \/>\n<meta property=\"og:title\" content=\"EcoSparkles - Treasure Island - Gertruds Univers\" \/>\n<meta property=\"og:description\" content=\"Farven Treasure Island er en smuk bl\u00e5lig glimmerblanding med holografisk s\u00f8lv, der reflekterer lyset i alle regnbuens farver.\" \/>\n<meta property=\"og:url\" content=\"https:\/\/gertrudsunivers.dk\/en\/product\/treasure-island\/\" \/>\n<meta property=\"og:site_name\" content=\"Gertruds Univers\" \/>\n<meta property=\"article:publisher\" content=\"https:\/\/www.facebook.com\/profile.php?id=100092394438832\" \/>\n<meta property=\"article:modified_time\" content=\"2026-01-22T13:44:57+00:00\" \/>\n<meta property=\"og:image\" content=\"https:\/\/gertrudsunivers.dk\/wp-content\/uploads\/2026\/01\/Treasure-Island-1.png\" \/>\n\t<meta property=\"og:image:width\" content=\"1080\" \/>\n\t<meta property=\"og:image:height\" content=\"1080\" \/>\n\t<meta property=\"og:image:type\" content=\"image\/png\" \/>\n<meta name=\"twitter:card\" content=\"summary_large_image\" \/>\n<meta name=\"twitter:label1\" content=\"Est. reading time\" \/>\n\t<meta name=\"twitter:data1\" content=\"2 minutes\" \/>\n<script type=\"application\/ld+json\" class=\"yoast-schema-graph\">{\"@context\":\"https:\\\/\\\/schema.org\",\"@graph\":[{\"@type\":\"WebPage\",\"@id\":\"https:\\\/\\\/gertrudsunivers.dk\\\/vare\\\/treasure-island\\\/\",\"url\":\"https:\\\/\\\/gertrudsunivers.dk\\\/vare\\\/treasure-island\\\/\",\"name\":\"EcoSparkles - Treasure Island - Gertruds Univers\",\"isPartOf\":{\"@id\":\"https:\\\/\\\/gertrudsunivers.dk\\\/#website\"},\"primaryImageOfPage\":{\"@id\":\"https:\\\/\\\/gertrudsunivers.dk\\\/vare\\\/treasure-island\\\/#primaryimage\"},\"image\":{\"@id\":\"https:\\\/\\\/gertrudsunivers.dk\\\/vare\\\/treasure-island\\\/#primaryimage\"},\"thumbnailUrl\":\"https:\\\/\\\/gertrudsunivers.dk\\\/wp-content\\\/uploads\\\/2026\\\/01\\\/Treasure-Island-1.png\",\"datePublished\":\"2026-01-07T13:58:06+00:00\",\"dateModified\":\"2026-01-22T13:44:57+00:00\",\"description\":\"Farven Treasure Island er en smuk bl\u00e5lig glimmerblanding med holografisk s\u00f8lv, der reflekterer lyset i alle regnbuens farver.\",\"breadcrumb\":{\"@id\":\"https:\\\/\\\/gertrudsunivers.dk\\\/vare\\\/treasure-island\\\/#breadcrumb\"},\"inLanguage\":\"en-US\",\"potentialAction\":[{\"@type\":\"ReadAction\",\"target\":[\"https:\\\/\\\/gertrudsunivers.dk\\\/vare\\\/treasure-island\\\/\"]}]},{\"@type\":\"ImageObject\",\"inLanguage\":\"en-US\",\"@id\":\"https:\\\/\\\/gertrudsunivers.dk\\\/vare\\\/treasure-island\\\/#primaryimage\",\"url\":\"https:\\\/\\\/gertrudsunivers.dk\\\/wp-content\\\/uploads\\\/2026\\\/01\\\/Treasure-Island-1.png\",\"contentUrl\":\"https:\\\/\\\/gertrudsunivers.dk\\\/wp-content\\\/uploads\\\/2026\\\/01\\\/Treasure-Island-1.png\",\"width\":1080,\"height\":1080},{\"@type\":\"BreadcrumbList\",\"@id\":\"https:\\\/\\\/gertrudsunivers.dk\\\/vare\\\/treasure-island\\\/#breadcrumb\",\"itemListElement\":[{\"@type\":\"ListItem\",\"position\":1,\"name\":\"Hjem\",\"item\":\"https:\\\/\\\/gertrudsunivers.dk\\\/\"},{\"@type\":\"ListItem\",\"position\":2,\"name\":\"Gertruds Webshop\",\"item\":\"https:\\\/\\\/gertrudsunivers.dk\\\/shop\\\/\"},{\"@type\":\"ListItem\",\"position\":3,\"name\":\"EcoSparkles &#8211; Treasure Island\"}]},{\"@type\":\"WebSite\",\"@id\":\"https:\\\/\\\/gertrudsunivers.dk\\\/#website\",\"url\":\"https:\\\/\\\/gertrudsunivers.dk\\\/\",\"name\":\"Gertruds Univers\",\"description\":\"En ny start p\u00e5 Gertruds Univers\",\"publisher\":{\"@id\":\"https:\\\/\\\/gertrudsunivers.dk\\\/#organization\"},\"potentialAction\":[{\"@type\":\"SearchAction\",\"target\":{\"@type\":\"EntryPoint\",\"urlTemplate\":\"https:\\\/\\\/gertrudsunivers.dk\\\/?s={search_term_string}\"},\"query-input\":{\"@type\":\"PropertyValueSpecification\",\"valueRequired\":true,\"valueName\":\"search_term_string\"}}],\"inLanguage\":\"en-US\"},{\"@type\":\"Organization\",\"@id\":\"https:\\\/\\\/gertrudsunivers.dk\\\/#organization\",\"name\":\"Gertruds Univers\",\"url\":\"https:\\\/\\\/gertrudsunivers.dk\\\/\",\"logo\":{\"@type\":\"ImageObject\",\"inLanguage\":\"en-US\",\"@id\":\"https:\\\/\\\/gertrudsunivers.dk\\\/#\\\/schema\\\/logo\\\/image\\\/\",\"url\":\"https:\\\/\\\/gertrudsunivers.dk\\\/wp-content\\\/uploads\\\/2025\\\/11\\\/cropped-Gertruds-Univers-SoMe-4-scaled-1.png\",\"contentUrl\":\"https:\\\/\\\/gertrudsunivers.dk\\\/wp-content\\\/uploads\\\/2025\\\/11\\\/cropped-Gertruds-Univers-SoMe-4-scaled-1.png\",\"width\":2560,\"height\":2560,\"caption\":\"Gertruds Univers\"},\"image\":{\"@id\":\"https:\\\/\\\/gertrudsunivers.dk\\\/#\\\/schema\\\/logo\\\/image\\\/\"},\"sameAs\":[\"https:\\\/\\\/www.facebook.com\\\/profile.php?id=100092394438832\"]}]}<\/script>\n<!-- \/ Yoast SEO plugin. -->","yoast_head_json":{"title":"EcoSparkles - Treasure Island - Gertruds Univers","description":"Farven Treasure Island er en smuk bl\u00e5lig glimmerblanding med holografisk s\u00f8lv, der reflekterer lyset i alle regnbuens farver.","robots":{"index":"index","follow":"follow","max-snippet":"max-snippet:-1","max-image-preview":"max-image-preview:large","max-video-preview":"max-video-preview:-1"},"canonical":"https:\/\/gertrudsunivers.dk\/en\/product\/treasure-island\/","og_locale":"en_US","og_type":"article","og_title":"EcoSparkles - Treasure Island - Gertruds Univers","og_description":"Farven Treasure Island er en smuk bl\u00e5lig glimmerblanding med holografisk s\u00f8lv, der reflekterer lyset i alle regnbuens farver.","og_url":"https:\/\/gertrudsunivers.dk\/en\/product\/treasure-island\/","og_site_name":"Gertruds Univers","article_publisher":"https:\/\/www.facebook.com\/profile.php?id=100092394438832","article_modified_time":"2026-01-22T13:44:57+00:00","og_image":[{"width":1080,"height":1080,"url":"https:\/\/gertrudsunivers.dk\/wp-content\/uploads\/2026\/01\/Treasure-Island-1.png","type":"image\/png"}],"twitter_card":"summary_large_image","twitter_misc":{"Est. reading time":"2 minutes"},"schema":{"@context":"https:\/\/schema.org","@graph":[{"@type":"WebPage","@id":"https:\/\/gertrudsunivers.dk\/vare\/treasure-island\/","url":"https:\/\/gertrudsunivers.dk\/vare\/treasure-island\/","name":"EcoSparkles - Treasure Island - Gertruds Univers","isPartOf":{"@id":"https:\/\/gertrudsunivers.dk\/#website"},"primaryImageOfPage":{"@id":"https:\/\/gertrudsunivers.dk\/vare\/treasure-island\/#primaryimage"},"image":{"@id":"https:\/\/gertrudsunivers.dk\/vare\/treasure-island\/#primaryimage"},"thumbnailUrl":"https:\/\/gertrudsunivers.dk\/wp-content\/uploads\/2026\/01\/Treasure-Island-1.png","datePublished":"2026-01-07T13:58:06+00:00","dateModified":"2026-01-22T13:44:57+00:00","description":"Farven Treasure Island er en smuk bl\u00e5lig glimmerblanding med holografisk s\u00f8lv, der reflekterer lyset i alle regnbuens farver.","breadcrumb":{"@id":"https:\/\/gertrudsunivers.dk\/vare\/treasure-island\/#breadcrumb"},"inLanguage":"en-US","potentialAction":[{"@type":"ReadAction","target":["https:\/\/gertrudsunivers.dk\/vare\/treasure-island\/"]}]},{"@type":"ImageObject","inLanguage":"en-US","@id":"https:\/\/gertrudsunivers.dk\/vare\/treasure-island\/#primaryimage","url":"https:\/\/gertrudsunivers.dk\/wp-content\/uploads\/2026\/01\/Treasure-Island-1.png","contentUrl":"https:\/\/gertrudsunivers.dk\/wp-content\/uploads\/2026\/01\/Treasure-Island-1.png","width":1080,"height":1080},{"@type":"BreadcrumbList","@id":"https:\/\/gertrudsunivers.dk\/vare\/treasure-island\/#breadcrumb","itemListElement":[{"@type":"ListItem","position":1,"name":"Hjem","item":"https:\/\/gertrudsunivers.dk\/"},{"@type":"ListItem","position":2,"name":"Gertruds Webshop","item":"https:\/\/gertrudsunivers.dk\/shop\/"},{"@type":"ListItem","position":3,"name":"EcoSparkles &#8211; Treasure Island"}]},{"@type":"WebSite","@id":"https:\/\/gertrudsunivers.dk\/#website","url":"https:\/\/gertrudsunivers.dk\/","name":"Gertruds Univers","description":"En ny start p\u00e5 Gertruds Univers","publisher":{"@id":"https:\/\/gertrudsunivers.dk\/#organization"},"potentialAction":[{"@type":"SearchAction","target":{"@type":"EntryPoint","urlTemplate":"https:\/\/gertrudsunivers.dk\/?s={search_term_string}"},"query-input":{"@type":"PropertyValueSpecification","valueRequired":true,"valueName":"search_term_string"}}],"inLanguage":"en-US"},{"@type":"Organization","@id":"https:\/\/gertrudsunivers.dk\/#organization","name":"Gertruds Univers","url":"https:\/\/gertrudsunivers.dk\/","logo":{"@type":"ImageObject","inLanguage":"en-US","@id":"https:\/\/gertrudsunivers.dk\/#\/schema\/logo\/image\/","url":"https:\/\/gertrudsunivers.dk\/wp-content\/uploads\/2025\/11\/cropped-Gertruds-Univers-SoMe-4-scaled-1.png","contentUrl":"https:\/\/gertrudsunivers.dk\/wp-content\/uploads\/2025\/11\/cropped-Gertruds-Univers-SoMe-4-scaled-1.png","width":2560,"height":2560,"caption":"Gertruds Univers"},"image":{"@id":"https:\/\/gertrudsunivers.dk\/#\/schema\/logo\/image\/"},"sameAs":["https:\/\/www.facebook.com\/profile.php?id=100092394438832"]}]}},"_links":{"self":[{"href":"https:\/\/gertrudsunivers.dk\/en\/wp-json\/wp\/v2\/product\/744","targetHints":{"allow":["GET"]}}],"collection":[{"href":"https:\/\/gertrudsunivers.dk\/en\/wp-json\/wp\/v2\/product"}],"about":[{"href":"https:\/\/gertrudsunivers.dk\/en\/wp-json\/wp\/v2\/types\/product"}],"replies":[{"embeddable":true,"href":"https:\/\/gertrudsunivers.dk\/en\/wp-json\/wp\/v2\/comments?post=744"}],"wp:featuredmedia":[{"embeddable":true,"href":"https:\/\/gertrudsunivers.dk\/en\/wp-json\/wp\/v2\/media\/756"}],"wp:attachment":[{"href":"https:\/\/gertrudsunivers.dk\/en\/wp-json\/wp\/v2\/media?parent=744"}],"wp:term":[{"taxonomy":"product_brand","embeddable":true,"href":"https:\/\/gertrudsunivers.dk\/en\/wp-json\/wp\/v2\/product_brand?post=744"},{"taxonomy":"product_cat","embeddable":true,"href":"https:\/\/gertrudsunivers.dk\/en\/wp-json\/wp\/v2\/product_cat?post=744"},{"taxonomy":"product_tag","embeddable":true,"href":"https:\/\/gertrudsunivers.dk\/en\/wp-json\/wp\/v2\/product_tag?post=744"}],"curies":[{"name":"wp","href":"https:\/\/api.w.org\/{rel}","templated":true}]}}