{"id":758,"date":"2026-01-07T13:58:33","date_gmt":"2026-01-07T13:58:33","guid":{"rendered":"https:\/\/gertrudsunivers.dk\/?post_type=product&#038;p=758"},"modified":"2026-01-22T13:44:47","modified_gmt":"2026-01-22T13:44:47","slug":"sundancer-guld","status":"publish","type":"product","link":"https:\/\/gertrudsunivers.dk\/en\/product\/sundancer-guld\/","title":{"rendered":"EcoSparkles &#8211; Sundancer (guld)"},"content":{"rendered":"<h5 data-start=\"196\" data-end=\"252\"><span style=\"color: #946abd;\">H\u00e5ndblandet, milj\u00f8venligt glimmermix fra EcoSparkles<\/span><\/h5>\n<p data-start=\"254\" data-end=\"701\">Dette eksklusive EcoSparkles glimmermix er <strong data-start=\"297\" data-end=\"322\">h\u00e5ndblandet i Danmark<\/strong>, hvor hvert mix sammens\u00e6ttes med fokus p\u00e5 farvespil, kvalitet og b\u00e6redygtighed. Alle vores glimmermixes blandes i eget v\u00e6rksted, og vi l\u00e6gger stor stolthed i at skabe <strong data-start=\"490\" data-end=\"519\">unikke farvekombinationer<\/strong>, der skiller sig ud. Sortimentet best\u00e5r af verdens st\u00f8rste udvalg af milj\u00f8venlige glimmermixes, og hver variant indeholder mindst <strong data-start=\"650\" data-end=\"700\">tre forskellige farver og\/eller kornst\u00f8rrelser<\/strong>.<\/p>\n<p data-start=\"703\" data-end=\"819\">Da hvert glas blandes i h\u00e5nden, er <strong data-start=\"738\" data-end=\"763\">ingen b\u00f8tter helt ens<\/strong> \u2013 du f\u00e5r altid et unikt glimmermix med sit eget udtryk.<\/p>\n<p data-start=\"821\" data-end=\"1195\">Glimmerets base best\u00e5r af cellulose, prim\u00e6rt udvundet fra eucalyptus-tr\u00e6er. Den plantebaserede film farves med <strong data-start=\"932\" data-end=\"967\">naturlige, kosmetiske pigmenter<\/strong> og indeholder kun <strong data-start=\"986\" data-end=\"1005\">0,1 % aluminium<\/strong>, som giver den smukke glans. Takket v\u00e6re plantefilmen er glimmeret op til <strong data-start=\"1080\" data-end=\"1128\">40 % bl\u00f8dere end traditionelt plastikglimmer<\/strong> og certificeret sikkert til kosmetisk brug p\u00e5 hud og omkring \u00f8jne.<\/p>\n<h5 data-start=\"1202\" data-end=\"1213\"><span style=\"color: #946abd;\">Fordele<\/span><\/h5>\n<ul data-start=\"1214\" data-end=\"1422\">\n<li data-start=\"1214\" data-end=\"1248\">\n<p data-start=\"1216\" data-end=\"1248\">Naturligt bionedbrydeligt (90 %)<\/p>\n<\/li>\n<li data-start=\"1249\" data-end=\"1289\">\n<p data-start=\"1251\" data-end=\"1289\">Sikkert for b\u00e5de ferskvand og havmilj\u00f8<\/p>\n<\/li>\n<li data-start=\"1290\" data-end=\"1299\">\n<p data-start=\"1292\" data-end=\"1299\">Vegansk<\/p>\n<\/li>\n<li data-start=\"1300\" data-end=\"1322\">\n<p data-start=\"1302\" data-end=\"1322\">Aldrig testet p\u00e5 dyr<\/p>\n<\/li>\n<li data-start=\"1323\" data-end=\"1359\">\n<p data-start=\"1325\" data-end=\"1359\">Indeholder FDA-godkendte pigmenter<\/p>\n<\/li>\n<li data-start=\"1360\" data-end=\"1383\">\n<p data-start=\"1362\" data-end=\"1383\">Uden GMO-ingredienser<\/p>\n<\/li>\n<li data-start=\"1384\" data-end=\"1422\">\n<p data-start=\"1386\" data-end=\"1422\">Ogs\u00e5 velegnet til kreative projekter<\/p>\n<\/li>\n<\/ul>\n<h5 data-start=\"1429\" data-end=\"1448\"><span style=\"color: #946abd;\">Produktdetaljer<\/span><\/h5>\n<ul data-start=\"1449\" data-end=\"1634\">\n<li data-start=\"1449\" data-end=\"1475\">\n<p data-start=\"1451\" data-end=\"1475\">Glas med aluminiumsl\u00e5g<\/p>\n<\/li>\n<li data-start=\"1526\" data-end=\"1552\">\n<p data-start=\"1528\" data-end=\"1552\">Hexagon-formet glimmer<\/p>\n<\/li>\n<li data-start=\"1553\" data-end=\"1584\">\n<p data-start=\"1555\" data-end=\"1584\">Mix af fine og grovere korn<\/p>\n<\/li>\n<li data-start=\"1585\" data-end=\"1634\">\n<p data-start=\"1587\" data-end=\"1634\">V\u00e6gten kan variere en smule fra glas til glas<\/p>\n<\/li>\n<\/ul>\n<h5 data-start=\"1641\" data-end=\"1657\"><span style=\"color: #946abd;\">Ingredienser<\/span><\/h5>\n<p data-start=\"1658\" data-end=\"1729\">90 % cellulose, 8 % styrene, 0,1 % aluminium samt kosmetiske pigmenter.<\/p>","protected":false},"excerpt":{"rendered":"<p><span style=\"font-weight: 400;\">Dette eksklusive EcoSparkles glimmermix best\u00e5r af glitter med varme gyldne og solkyssede nuancer. Perfekt til festivaler, face painting og kreative looks med et b\u00e6redygtigt twist.<\/span><\/p>","protected":false},"featured_media":759,"comment_status":"open","ping_status":"closed","template":"","meta":{"_kad_post_transparent":"default","_kad_post_title":"","_kad_post_layout":"default","_kad_post_sidebar_id":"","_kad_post_content_style":"default","_kad_post_vertical_padding":"default","_kad_post_feature":"","_kad_post_feature_position":"","_kad_post_header":false,"_kad_post_footer":false,"_kad_post_classname":""},"product_brand":[20],"product_cat":[21,46],"product_tag":[],"class_list":{"0":"post-758","1":"product","2":"type-product","3":"status-publish","4":"has-post-thumbnail","6":"product_brand-ecosparkles","7":"product_cat-glimmer","8":"product_cat-glimmer-varianter","10":"first","11":"instock","12":"taxable","13":"shipping-taxable","14":"purchasable","15":"product-type-variable","16":"has-default-attributes","17":"entry","18":"content-bg","19":"loop-entry"},"yoast_head":"<!-- This site is optimized with the Yoast SEO plugin v27.4 - https:\/\/yoast.com\/product\/yoast-seo-wordpress\/ -->\n<title>EcoSparkles - Sundancer (guld) - Gertruds Univers<\/title>\n<meta name=\"description\" content=\"Dette eksklusive EcoSparkles glimmermix er h\u00e5ndblandet i Danmark, hvor hvert mix sammens\u00e6ttes med fokus p\u00e5 farvespil, kvalitet og b\u00e6redygtighed.\" \/>\n<meta name=\"robots\" content=\"index, follow, max-snippet:-1, max-image-preview:large, max-video-preview:-1\" \/>\n<link rel=\"canonical\" href=\"https:\/\/gertrudsunivers.dk\/en\/product\/sundancer-guld\/\" \/>\n<meta property=\"og:locale\" content=\"en_US\" \/>\n<meta property=\"og:type\" content=\"article\" \/>\n<meta property=\"og:title\" content=\"EcoSparkles - Sundancer (guld) - Gertruds Univers\" \/>\n<meta property=\"og:description\" content=\"Dette eksklusive EcoSparkles glimmermix er h\u00e5ndblandet i Danmark, hvor hvert mix sammens\u00e6ttes med fokus p\u00e5 farvespil, kvalitet og b\u00e6redygtighed.\" \/>\n<meta property=\"og:url\" content=\"https:\/\/gertrudsunivers.dk\/en\/product\/sundancer-guld\/\" \/>\n<meta property=\"og:site_name\" content=\"Gertruds Univers\" \/>\n<meta property=\"article:publisher\" content=\"https:\/\/www.facebook.com\/profile.php?id=100092394438832\" \/>\n<meta property=\"article:modified_time\" content=\"2026-01-22T13:44:47+00:00\" \/>\n<meta property=\"og:image\" content=\"https:\/\/gertrudsunivers.dk\/wp-content\/uploads\/2026\/01\/Sundancer-1.png\" \/>\n\t<meta property=\"og:image:width\" content=\"1080\" \/>\n\t<meta property=\"og:image:height\" content=\"1080\" \/>\n\t<meta property=\"og:image:type\" content=\"image\/png\" \/>\n<meta name=\"twitter:card\" content=\"summary_large_image\" \/>\n<meta name=\"twitter:label1\" content=\"Est. reading time\" \/>\n\t<meta name=\"twitter:data1\" content=\"2 minutes\" \/>\n<script type=\"application\/ld+json\" class=\"yoast-schema-graph\">{\"@context\":\"https:\\\/\\\/schema.org\",\"@graph\":[{\"@type\":\"WebPage\",\"@id\":\"https:\\\/\\\/gertrudsunivers.dk\\\/vare\\\/sundancer-guld\\\/\",\"url\":\"https:\\\/\\\/gertrudsunivers.dk\\\/vare\\\/sundancer-guld\\\/\",\"name\":\"EcoSparkles - Sundancer (guld) - Gertruds Univers\",\"isPartOf\":{\"@id\":\"https:\\\/\\\/gertrudsunivers.dk\\\/#website\"},\"primaryImageOfPage\":{\"@id\":\"https:\\\/\\\/gertrudsunivers.dk\\\/vare\\\/sundancer-guld\\\/#primaryimage\"},\"image\":{\"@id\":\"https:\\\/\\\/gertrudsunivers.dk\\\/vare\\\/sundancer-guld\\\/#primaryimage\"},\"thumbnailUrl\":\"https:\\\/\\\/gertrudsunivers.dk\\\/wp-content\\\/uploads\\\/2026\\\/01\\\/Sundancer-1.png\",\"datePublished\":\"2026-01-07T13:58:33+00:00\",\"dateModified\":\"2026-01-22T13:44:47+00:00\",\"description\":\"Dette eksklusive EcoSparkles glimmermix er h\u00e5ndblandet i Danmark, hvor hvert mix sammens\u00e6ttes med fokus p\u00e5 farvespil, kvalitet og b\u00e6redygtighed.\",\"breadcrumb\":{\"@id\":\"https:\\\/\\\/gertrudsunivers.dk\\\/vare\\\/sundancer-guld\\\/#breadcrumb\"},\"inLanguage\":\"en-US\",\"potentialAction\":[{\"@type\":\"ReadAction\",\"target\":[\"https:\\\/\\\/gertrudsunivers.dk\\\/vare\\\/sundancer-guld\\\/\"]}]},{\"@type\":\"ImageObject\",\"inLanguage\":\"en-US\",\"@id\":\"https:\\\/\\\/gertrudsunivers.dk\\\/vare\\\/sundancer-guld\\\/#primaryimage\",\"url\":\"https:\\\/\\\/gertrudsunivers.dk\\\/wp-content\\\/uploads\\\/2026\\\/01\\\/Sundancer-1.png\",\"contentUrl\":\"https:\\\/\\\/gertrudsunivers.dk\\\/wp-content\\\/uploads\\\/2026\\\/01\\\/Sundancer-1.png\",\"width\":1080,\"height\":1080},{\"@type\":\"BreadcrumbList\",\"@id\":\"https:\\\/\\\/gertrudsunivers.dk\\\/vare\\\/sundancer-guld\\\/#breadcrumb\",\"itemListElement\":[{\"@type\":\"ListItem\",\"position\":1,\"name\":\"Hjem\",\"item\":\"https:\\\/\\\/gertrudsunivers.dk\\\/\"},{\"@type\":\"ListItem\",\"position\":2,\"name\":\"Gertruds Webshop\",\"item\":\"https:\\\/\\\/gertrudsunivers.dk\\\/shop\\\/\"},{\"@type\":\"ListItem\",\"position\":3,\"name\":\"EcoSparkles &#8211; Sundancer (guld)\"}]},{\"@type\":\"WebSite\",\"@id\":\"https:\\\/\\\/gertrudsunivers.dk\\\/#website\",\"url\":\"https:\\\/\\\/gertrudsunivers.dk\\\/\",\"name\":\"Gertruds Univers\",\"description\":\"En ny start p\u00e5 Gertruds Univers\",\"publisher\":{\"@id\":\"https:\\\/\\\/gertrudsunivers.dk\\\/#organization\"},\"potentialAction\":[{\"@type\":\"SearchAction\",\"target\":{\"@type\":\"EntryPoint\",\"urlTemplate\":\"https:\\\/\\\/gertrudsunivers.dk\\\/?s={search_term_string}\"},\"query-input\":{\"@type\":\"PropertyValueSpecification\",\"valueRequired\":true,\"valueName\":\"search_term_string\"}}],\"inLanguage\":\"en-US\"},{\"@type\":\"Organization\",\"@id\":\"https:\\\/\\\/gertrudsunivers.dk\\\/#organization\",\"name\":\"Gertruds Univers\",\"url\":\"https:\\\/\\\/gertrudsunivers.dk\\\/\",\"logo\":{\"@type\":\"ImageObject\",\"inLanguage\":\"en-US\",\"@id\":\"https:\\\/\\\/gertrudsunivers.dk\\\/#\\\/schema\\\/logo\\\/image\\\/\",\"url\":\"https:\\\/\\\/gertrudsunivers.dk\\\/wp-content\\\/uploads\\\/2025\\\/11\\\/cropped-Gertruds-Univers-SoMe-4-scaled-1.png\",\"contentUrl\":\"https:\\\/\\\/gertrudsunivers.dk\\\/wp-content\\\/uploads\\\/2025\\\/11\\\/cropped-Gertruds-Univers-SoMe-4-scaled-1.png\",\"width\":2560,\"height\":2560,\"caption\":\"Gertruds Univers\"},\"image\":{\"@id\":\"https:\\\/\\\/gertrudsunivers.dk\\\/#\\\/schema\\\/logo\\\/image\\\/\"},\"sameAs\":[\"https:\\\/\\\/www.facebook.com\\\/profile.php?id=100092394438832\"]}]}<\/script>\n<!-- \/ Yoast SEO plugin. -->","yoast_head_json":{"title":"EcoSparkles - Sundancer (guld) - Gertruds Univers","description":"Dette eksklusive EcoSparkles glimmermix er h\u00e5ndblandet i Danmark, hvor hvert mix sammens\u00e6ttes med fokus p\u00e5 farvespil, kvalitet og b\u00e6redygtighed.","robots":{"index":"index","follow":"follow","max-snippet":"max-snippet:-1","max-image-preview":"max-image-preview:large","max-video-preview":"max-video-preview:-1"},"canonical":"https:\/\/gertrudsunivers.dk\/en\/product\/sundancer-guld\/","og_locale":"en_US","og_type":"article","og_title":"EcoSparkles - Sundancer (guld) - Gertruds Univers","og_description":"Dette eksklusive EcoSparkles glimmermix er h\u00e5ndblandet i Danmark, hvor hvert mix sammens\u00e6ttes med fokus p\u00e5 farvespil, kvalitet og b\u00e6redygtighed.","og_url":"https:\/\/gertrudsunivers.dk\/en\/product\/sundancer-guld\/","og_site_name":"Gertruds Univers","article_publisher":"https:\/\/www.facebook.com\/profile.php?id=100092394438832","article_modified_time":"2026-01-22T13:44:47+00:00","og_image":[{"width":1080,"height":1080,"url":"https:\/\/gertrudsunivers.dk\/wp-content\/uploads\/2026\/01\/Sundancer-1.png","type":"image\/png"}],"twitter_card":"summary_large_image","twitter_misc":{"Est. reading time":"2 minutes"},"schema":{"@context":"https:\/\/schema.org","@graph":[{"@type":"WebPage","@id":"https:\/\/gertrudsunivers.dk\/vare\/sundancer-guld\/","url":"https:\/\/gertrudsunivers.dk\/vare\/sundancer-guld\/","name":"EcoSparkles - Sundancer (guld) - Gertruds Univers","isPartOf":{"@id":"https:\/\/gertrudsunivers.dk\/#website"},"primaryImageOfPage":{"@id":"https:\/\/gertrudsunivers.dk\/vare\/sundancer-guld\/#primaryimage"},"image":{"@id":"https:\/\/gertrudsunivers.dk\/vare\/sundancer-guld\/#primaryimage"},"thumbnailUrl":"https:\/\/gertrudsunivers.dk\/wp-content\/uploads\/2026\/01\/Sundancer-1.png","datePublished":"2026-01-07T13:58:33+00:00","dateModified":"2026-01-22T13:44:47+00:00","description":"Dette eksklusive EcoSparkles glimmermix er h\u00e5ndblandet i Danmark, hvor hvert mix sammens\u00e6ttes med fokus p\u00e5 farvespil, kvalitet og b\u00e6redygtighed.","breadcrumb":{"@id":"https:\/\/gertrudsunivers.dk\/vare\/sundancer-guld\/#breadcrumb"},"inLanguage":"en-US","potentialAction":[{"@type":"ReadAction","target":["https:\/\/gertrudsunivers.dk\/vare\/sundancer-guld\/"]}]},{"@type":"ImageObject","inLanguage":"en-US","@id":"https:\/\/gertrudsunivers.dk\/vare\/sundancer-guld\/#primaryimage","url":"https:\/\/gertrudsunivers.dk\/wp-content\/uploads\/2026\/01\/Sundancer-1.png","contentUrl":"https:\/\/gertrudsunivers.dk\/wp-content\/uploads\/2026\/01\/Sundancer-1.png","width":1080,"height":1080},{"@type":"BreadcrumbList","@id":"https:\/\/gertrudsunivers.dk\/vare\/sundancer-guld\/#breadcrumb","itemListElement":[{"@type":"ListItem","position":1,"name":"Hjem","item":"https:\/\/gertrudsunivers.dk\/"},{"@type":"ListItem","position":2,"name":"Gertruds Webshop","item":"https:\/\/gertrudsunivers.dk\/shop\/"},{"@type":"ListItem","position":3,"name":"EcoSparkles &#8211; Sundancer (guld)"}]},{"@type":"WebSite","@id":"https:\/\/gertrudsunivers.dk\/#website","url":"https:\/\/gertrudsunivers.dk\/","name":"Gertruds Univers","description":"En ny start p\u00e5 Gertruds Univers","publisher":{"@id":"https:\/\/gertrudsunivers.dk\/#organization"},"potentialAction":[{"@type":"SearchAction","target":{"@type":"EntryPoint","urlTemplate":"https:\/\/gertrudsunivers.dk\/?s={search_term_string}"},"query-input":{"@type":"PropertyValueSpecification","valueRequired":true,"valueName":"search_term_string"}}],"inLanguage":"en-US"},{"@type":"Organization","@id":"https:\/\/gertrudsunivers.dk\/#organization","name":"Gertruds Univers","url":"https:\/\/gertrudsunivers.dk\/","logo":{"@type":"ImageObject","inLanguage":"en-US","@id":"https:\/\/gertrudsunivers.dk\/#\/schema\/logo\/image\/","url":"https:\/\/gertrudsunivers.dk\/wp-content\/uploads\/2025\/11\/cropped-Gertruds-Univers-SoMe-4-scaled-1.png","contentUrl":"https:\/\/gertrudsunivers.dk\/wp-content\/uploads\/2025\/11\/cropped-Gertruds-Univers-SoMe-4-scaled-1.png","width":2560,"height":2560,"caption":"Gertruds Univers"},"image":{"@id":"https:\/\/gertrudsunivers.dk\/#\/schema\/logo\/image\/"},"sameAs":["https:\/\/www.facebook.com\/profile.php?id=100092394438832"]}]}},"_links":{"self":[{"href":"https:\/\/gertrudsunivers.dk\/en\/wp-json\/wp\/v2\/product\/758","targetHints":{"allow":["GET"]}}],"collection":[{"href":"https:\/\/gertrudsunivers.dk\/en\/wp-json\/wp\/v2\/product"}],"about":[{"href":"https:\/\/gertrudsunivers.dk\/en\/wp-json\/wp\/v2\/types\/product"}],"replies":[{"embeddable":true,"href":"https:\/\/gertrudsunivers.dk\/en\/wp-json\/wp\/v2\/comments?post=758"}],"wp:featuredmedia":[{"embeddable":true,"href":"https:\/\/gertrudsunivers.dk\/en\/wp-json\/wp\/v2\/media\/759"}],"wp:attachment":[{"href":"https:\/\/gertrudsunivers.dk\/en\/wp-json\/wp\/v2\/media?parent=758"}],"wp:term":[{"taxonomy":"product_brand","embeddable":true,"href":"https:\/\/gertrudsunivers.dk\/en\/wp-json\/wp\/v2\/product_brand?post=758"},{"taxonomy":"product_cat","embeddable":true,"href":"https:\/\/gertrudsunivers.dk\/en\/wp-json\/wp\/v2\/product_cat?post=758"},{"taxonomy":"product_tag","embeddable":true,"href":"https:\/\/gertrudsunivers.dk\/en\/wp-json\/wp\/v2\/product_tag?post=758"}],"curies":[{"name":"wp","href":"https:\/\/api.w.org\/{rel}","templated":true}]}}