{"id":761,"date":"2026-01-07T13:58:47","date_gmt":"2026-01-07T13:58:47","guid":{"rendered":"https:\/\/gertrudsunivers.dk\/?post_type=product&#038;p=761"},"modified":"2026-01-22T13:44:40","modified_gmt":"2026-01-22T13:44:40","slug":"frosty","status":"publish","type":"product","link":"https:\/\/gertrudsunivers.dk\/en\/product\/frosty\/","title":{"rendered":"EcoSparkles &#8211; Frosty"},"content":{"rendered":"<h5 data-start=\"266\" data-end=\"327\"><span style=\"color: #946abd;\">Naturligt bionedbrydeligt holografisk glimmer<\/span><\/h5>\n<p data-start=\"329\" data-end=\"598\">EcoSparkles Holo er verdens f\u00f8rste <strong data-start=\"364\" data-end=\"414\">naturligt bionedbrydelige holografiske glimmer<\/strong>, udviklet med respekt for b\u00e5de milj\u00f8 og hud. Glimmeret er testet og certificeret til at nedbrydes sikkert i naturen og ferskvand, hvor op til <strong data-start=\"557\" data-end=\"597\">95 % nedbrydes inden for blot 4 uger<\/strong>.<\/p>\n<p data-start=\"600\" data-end=\"1011\">Farven <strong data-start=\"607\" data-end=\"617\">Frosty<\/strong> er et elegant s\u00f8lvfarvet glimmermix med et let gennemsigtigt udtryk, der skaber en k\u00f8lig, frostklar effekt. Det holografiske sk\u00e6r reflekterer lyset smukt i regnbuens nuancer og giver et eksklusivt, iskrystal-lignende look. Perfekt til vintertemaer, events, photoshoots, festmakeup og kreative looks, hvor et rent og magisk udtryk \u00f8nskes. Effekten tr\u00e6der s\u00e6rligt frem i sollys og LED-belysning.<\/p>\n<p data-start=\"1013\" data-end=\"1405\">Grundingrediensen i glimmeret er cellulose, prim\u00e6rt udvundet fra eucalyptus-tr\u00e6er. Den plantebaserede film er farvet med naturlige, kosmetiske pigmenter og indeholder kun <strong data-start=\"1184\" data-end=\"1203\">0,1 % aluminium<\/strong>, som giver den karakteristiske holografiske glans. Takket v\u00e6re plantefilmen er glimmeret op til <strong data-start=\"1300\" data-end=\"1348\">40 % bl\u00f8dere end traditionelt plastikglimmer<\/strong> og certificeret sikkert til brug p\u00e5 hud og omkring \u00f8jne.<\/p>\n<h5 data-start=\"1407\" data-end=\"1418\"><span style=\"color: #946abd;\">Fordele<\/span><\/h5>\n<ul data-start=\"1419\" data-end=\"1628\">\n<li data-start=\"1419\" data-end=\"1453\">\n<p data-start=\"1421\" data-end=\"1453\">Naturligt bionedbrydeligt (95 %)<\/p>\n<\/li>\n<li data-start=\"1454\" data-end=\"1494\">\n<p data-start=\"1456\" data-end=\"1494\">Sikkert for b\u00e5de ferskvand og havmilj\u00f8<\/p>\n<\/li>\n<li data-start=\"1495\" data-end=\"1517\">\n<p data-start=\"1497\" data-end=\"1517\">Aldrig testet p\u00e5 dyr<\/p>\n<\/li>\n<li data-start=\"1518\" data-end=\"1565\">\n<p data-start=\"1520\" data-end=\"1565\">Indeholder FDA-godkendte kosmetiske pigmenter<\/p>\n<\/li>\n<li data-start=\"1566\" data-end=\"1589\">\n<p data-start=\"1568\" data-end=\"1589\">Uden GMO-ingredienser<\/p>\n<\/li>\n<li data-start=\"1590\" data-end=\"1628\">\n<p data-start=\"1592\" data-end=\"1628\">Ogs\u00e5 velegnet til kreative projekter<\/p>\n<\/li>\n<\/ul>\n<h5 data-start=\"1630\" data-end=\"1649\"><span style=\"color: #946abd;\">Produktdetaljer<\/span><\/h5>\n<ul data-start=\"1650\" data-end=\"1791\">\n<li data-start=\"1650\" data-end=\"1676\">\n<p data-start=\"1652\" data-end=\"1676\">Glas med aluminiumsl\u00e5g<\/p>\n<\/li>\n<li data-start=\"1727\" data-end=\"1741\">\n<p data-start=\"1729\" data-end=\"1741\">Glimmermix<\/p>\n<\/li>\n<li data-start=\"1742\" data-end=\"1791\">\n<p data-start=\"1744\" data-end=\"1791\">Fordelingen af mixet kan variere en smule fra glas til glas<\/p>\n<\/li>\n<\/ul>\n<h5 data-start=\"1793\" data-end=\"1809\"><span style=\"color: #946abd;\">Ingredienser<\/span><\/h5>\n<p data-start=\"1810\" data-end=\"1908\">90 % cellulose, 2,25 % styrene, 5 % shellac, &lt;0,1 % aluminium, glycerin samt kosmetiske pigmenter.<\/p>","protected":false},"excerpt":{"rendered":"<p>Farven <strong data-start=\"607\" data-end=\"617\">Frosty<\/strong> er et elegant s\u00f8lvfarvet glimmermix med et let gennemsigtigt udtryk, der skaber en k\u00f8lig, frostklar effekt.<\/p>","protected":false},"featured_media":827,"comment_status":"open","ping_status":"closed","template":"","meta":{"_kad_post_transparent":"default","_kad_post_title":"","_kad_post_layout":"default","_kad_post_sidebar_id":"","_kad_post_content_style":"default","_kad_post_vertical_padding":"default","_kad_post_feature":"","_kad_post_feature_position":"","_kad_post_header":false,"_kad_post_footer":false,"_kad_post_classname":""},"product_brand":[20],"product_cat":[21,46],"product_tag":[],"class_list":{"0":"post-761","1":"product","2":"type-product","3":"status-publish","4":"has-post-thumbnail","6":"product_brand-ecosparkles","7":"product_cat-glimmer","8":"product_cat-glimmer-varianter","10":"first","11":"instock","12":"taxable","13":"shipping-taxable","14":"purchasable","15":"product-type-variable","16":"has-default-attributes","17":"entry","18":"content-bg","19":"loop-entry"},"yoast_head":"<!-- This site is optimized with the Yoast SEO plugin v27.4 - https:\/\/yoast.com\/product\/yoast-seo-wordpress\/ -->\n<title>EcoSparkles - Frosty - Gertruds Univers<\/title>\n<meta name=\"description\" content=\"Farven Frosty er et elegant s\u00f8lvfarvet glimmermix med et let gennemsigtigt udtryk, der skaber en k\u00f8lig, frostklar effekt.\" \/>\n<meta name=\"robots\" content=\"index, follow, max-snippet:-1, max-image-preview:large, max-video-preview:-1\" \/>\n<link rel=\"canonical\" href=\"https:\/\/gertrudsunivers.dk\/en\/product\/frosty\/\" \/>\n<meta property=\"og:locale\" content=\"en_US\" \/>\n<meta property=\"og:type\" content=\"article\" \/>\n<meta property=\"og:title\" content=\"EcoSparkles - Frosty - Gertruds Univers\" \/>\n<meta property=\"og:description\" content=\"Farven Frosty er et elegant s\u00f8lvfarvet glimmermix med et let gennemsigtigt udtryk, der skaber en k\u00f8lig, frostklar effekt.\" \/>\n<meta property=\"og:url\" content=\"https:\/\/gertrudsunivers.dk\/en\/product\/frosty\/\" \/>\n<meta property=\"og:site_name\" content=\"Gertruds Univers\" \/>\n<meta property=\"article:publisher\" content=\"https:\/\/www.facebook.com\/profile.php?id=100092394438832\" \/>\n<meta property=\"article:modified_time\" content=\"2026-01-22T13:44:40+00:00\" \/>\n<meta property=\"og:image\" content=\"https:\/\/gertrudsunivers.dk\/wp-content\/uploads\/2026\/01\/Frosty-1-1-1024x1024.png\" \/>\n\t<meta property=\"og:image:width\" content=\"1024\" \/>\n\t<meta property=\"og:image:height\" content=\"1024\" \/>\n\t<meta property=\"og:image:type\" content=\"image\/png\" \/>\n<meta name=\"twitter:card\" content=\"summary_large_image\" \/>\n<meta name=\"twitter:label1\" content=\"Est. reading time\" \/>\n\t<meta name=\"twitter:data1\" content=\"2 minutes\" \/>\n<script type=\"application\/ld+json\" class=\"yoast-schema-graph\">{\"@context\":\"https:\\\/\\\/schema.org\",\"@graph\":[{\"@type\":\"WebPage\",\"@id\":\"https:\\\/\\\/gertrudsunivers.dk\\\/vare\\\/frosty\\\/\",\"url\":\"https:\\\/\\\/gertrudsunivers.dk\\\/vare\\\/frosty\\\/\",\"name\":\"EcoSparkles - Frosty - Gertruds Univers\",\"isPartOf\":{\"@id\":\"https:\\\/\\\/gertrudsunivers.dk\\\/#website\"},\"primaryImageOfPage\":{\"@id\":\"https:\\\/\\\/gertrudsunivers.dk\\\/vare\\\/frosty\\\/#primaryimage\"},\"image\":{\"@id\":\"https:\\\/\\\/gertrudsunivers.dk\\\/vare\\\/frosty\\\/#primaryimage\"},\"thumbnailUrl\":\"https:\\\/\\\/gertrudsunivers.dk\\\/wp-content\\\/uploads\\\/2026\\\/01\\\/Frosty-1-1.png\",\"datePublished\":\"2026-01-07T13:58:47+00:00\",\"dateModified\":\"2026-01-22T13:44:40+00:00\",\"description\":\"Farven Frosty er et elegant s\u00f8lvfarvet glimmermix med et let gennemsigtigt udtryk, der skaber en k\u00f8lig, frostklar effekt.\",\"breadcrumb\":{\"@id\":\"https:\\\/\\\/gertrudsunivers.dk\\\/vare\\\/frosty\\\/#breadcrumb\"},\"inLanguage\":\"en-US\",\"potentialAction\":[{\"@type\":\"ReadAction\",\"target\":[\"https:\\\/\\\/gertrudsunivers.dk\\\/vare\\\/frosty\\\/\"]}]},{\"@type\":\"ImageObject\",\"inLanguage\":\"en-US\",\"@id\":\"https:\\\/\\\/gertrudsunivers.dk\\\/vare\\\/frosty\\\/#primaryimage\",\"url\":\"https:\\\/\\\/gertrudsunivers.dk\\\/wp-content\\\/uploads\\\/2026\\\/01\\\/Frosty-1-1.png\",\"contentUrl\":\"https:\\\/\\\/gertrudsunivers.dk\\\/wp-content\\\/uploads\\\/2026\\\/01\\\/Frosty-1-1.png\",\"width\":2295,\"height\":2295},{\"@type\":\"BreadcrumbList\",\"@id\":\"https:\\\/\\\/gertrudsunivers.dk\\\/vare\\\/frosty\\\/#breadcrumb\",\"itemListElement\":[{\"@type\":\"ListItem\",\"position\":1,\"name\":\"Hjem\",\"item\":\"https:\\\/\\\/gertrudsunivers.dk\\\/\"},{\"@type\":\"ListItem\",\"position\":2,\"name\":\"Gertruds Webshop\",\"item\":\"https:\\\/\\\/gertrudsunivers.dk\\\/shop\\\/\"},{\"@type\":\"ListItem\",\"position\":3,\"name\":\"EcoSparkles &#8211; Frosty\"}]},{\"@type\":\"WebSite\",\"@id\":\"https:\\\/\\\/gertrudsunivers.dk\\\/#website\",\"url\":\"https:\\\/\\\/gertrudsunivers.dk\\\/\",\"name\":\"Gertruds Univers\",\"description\":\"En ny start p\u00e5 Gertruds Univers\",\"publisher\":{\"@id\":\"https:\\\/\\\/gertrudsunivers.dk\\\/#organization\"},\"potentialAction\":[{\"@type\":\"SearchAction\",\"target\":{\"@type\":\"EntryPoint\",\"urlTemplate\":\"https:\\\/\\\/gertrudsunivers.dk\\\/?s={search_term_string}\"},\"query-input\":{\"@type\":\"PropertyValueSpecification\",\"valueRequired\":true,\"valueName\":\"search_term_string\"}}],\"inLanguage\":\"en-US\"},{\"@type\":\"Organization\",\"@id\":\"https:\\\/\\\/gertrudsunivers.dk\\\/#organization\",\"name\":\"Gertruds Univers\",\"url\":\"https:\\\/\\\/gertrudsunivers.dk\\\/\",\"logo\":{\"@type\":\"ImageObject\",\"inLanguage\":\"en-US\",\"@id\":\"https:\\\/\\\/gertrudsunivers.dk\\\/#\\\/schema\\\/logo\\\/image\\\/\",\"url\":\"https:\\\/\\\/gertrudsunivers.dk\\\/wp-content\\\/uploads\\\/2025\\\/11\\\/cropped-Gertruds-Univers-SoMe-4-scaled-1.png\",\"contentUrl\":\"https:\\\/\\\/gertrudsunivers.dk\\\/wp-content\\\/uploads\\\/2025\\\/11\\\/cropped-Gertruds-Univers-SoMe-4-scaled-1.png\",\"width\":2560,\"height\":2560,\"caption\":\"Gertruds Univers\"},\"image\":{\"@id\":\"https:\\\/\\\/gertrudsunivers.dk\\\/#\\\/schema\\\/logo\\\/image\\\/\"},\"sameAs\":[\"https:\\\/\\\/www.facebook.com\\\/profile.php?id=100092394438832\"]}]}<\/script>\n<!-- \/ Yoast SEO plugin. -->","yoast_head_json":{"title":"EcoSparkles - Frosty - Gertruds Univers","description":"Farven Frosty er et elegant s\u00f8lvfarvet glimmermix med et let gennemsigtigt udtryk, der skaber en k\u00f8lig, frostklar effekt.","robots":{"index":"index","follow":"follow","max-snippet":"max-snippet:-1","max-image-preview":"max-image-preview:large","max-video-preview":"max-video-preview:-1"},"canonical":"https:\/\/gertrudsunivers.dk\/en\/product\/frosty\/","og_locale":"en_US","og_type":"article","og_title":"EcoSparkles - Frosty - Gertruds Univers","og_description":"Farven Frosty er et elegant s\u00f8lvfarvet glimmermix med et let gennemsigtigt udtryk, der skaber en k\u00f8lig, frostklar effekt.","og_url":"https:\/\/gertrudsunivers.dk\/en\/product\/frosty\/","og_site_name":"Gertruds Univers","article_publisher":"https:\/\/www.facebook.com\/profile.php?id=100092394438832","article_modified_time":"2026-01-22T13:44:40+00:00","og_image":[{"width":1024,"height":1024,"url":"https:\/\/gertrudsunivers.dk\/wp-content\/uploads\/2026\/01\/Frosty-1-1-1024x1024.png","type":"image\/png"}],"twitter_card":"summary_large_image","twitter_misc":{"Est. reading time":"2 minutes"},"schema":{"@context":"https:\/\/schema.org","@graph":[{"@type":"WebPage","@id":"https:\/\/gertrudsunivers.dk\/vare\/frosty\/","url":"https:\/\/gertrudsunivers.dk\/vare\/frosty\/","name":"EcoSparkles - Frosty - Gertruds Univers","isPartOf":{"@id":"https:\/\/gertrudsunivers.dk\/#website"},"primaryImageOfPage":{"@id":"https:\/\/gertrudsunivers.dk\/vare\/frosty\/#primaryimage"},"image":{"@id":"https:\/\/gertrudsunivers.dk\/vare\/frosty\/#primaryimage"},"thumbnailUrl":"https:\/\/gertrudsunivers.dk\/wp-content\/uploads\/2026\/01\/Frosty-1-1.png","datePublished":"2026-01-07T13:58:47+00:00","dateModified":"2026-01-22T13:44:40+00:00","description":"Farven Frosty er et elegant s\u00f8lvfarvet glimmermix med et let gennemsigtigt udtryk, der skaber en k\u00f8lig, frostklar effekt.","breadcrumb":{"@id":"https:\/\/gertrudsunivers.dk\/vare\/frosty\/#breadcrumb"},"inLanguage":"en-US","potentialAction":[{"@type":"ReadAction","target":["https:\/\/gertrudsunivers.dk\/vare\/frosty\/"]}]},{"@type":"ImageObject","inLanguage":"en-US","@id":"https:\/\/gertrudsunivers.dk\/vare\/frosty\/#primaryimage","url":"https:\/\/gertrudsunivers.dk\/wp-content\/uploads\/2026\/01\/Frosty-1-1.png","contentUrl":"https:\/\/gertrudsunivers.dk\/wp-content\/uploads\/2026\/01\/Frosty-1-1.png","width":2295,"height":2295},{"@type":"BreadcrumbList","@id":"https:\/\/gertrudsunivers.dk\/vare\/frosty\/#breadcrumb","itemListElement":[{"@type":"ListItem","position":1,"name":"Hjem","item":"https:\/\/gertrudsunivers.dk\/"},{"@type":"ListItem","position":2,"name":"Gertruds Webshop","item":"https:\/\/gertrudsunivers.dk\/shop\/"},{"@type":"ListItem","position":3,"name":"EcoSparkles &#8211; Frosty"}]},{"@type":"WebSite","@id":"https:\/\/gertrudsunivers.dk\/#website","url":"https:\/\/gertrudsunivers.dk\/","name":"Gertruds Univers","description":"En ny start p\u00e5 Gertruds Univers","publisher":{"@id":"https:\/\/gertrudsunivers.dk\/#organization"},"potentialAction":[{"@type":"SearchAction","target":{"@type":"EntryPoint","urlTemplate":"https:\/\/gertrudsunivers.dk\/?s={search_term_string}"},"query-input":{"@type":"PropertyValueSpecification","valueRequired":true,"valueName":"search_term_string"}}],"inLanguage":"en-US"},{"@type":"Organization","@id":"https:\/\/gertrudsunivers.dk\/#organization","name":"Gertruds Univers","url":"https:\/\/gertrudsunivers.dk\/","logo":{"@type":"ImageObject","inLanguage":"en-US","@id":"https:\/\/gertrudsunivers.dk\/#\/schema\/logo\/image\/","url":"https:\/\/gertrudsunivers.dk\/wp-content\/uploads\/2025\/11\/cropped-Gertruds-Univers-SoMe-4-scaled-1.png","contentUrl":"https:\/\/gertrudsunivers.dk\/wp-content\/uploads\/2025\/11\/cropped-Gertruds-Univers-SoMe-4-scaled-1.png","width":2560,"height":2560,"caption":"Gertruds Univers"},"image":{"@id":"https:\/\/gertrudsunivers.dk\/#\/schema\/logo\/image\/"},"sameAs":["https:\/\/www.facebook.com\/profile.php?id=100092394438832"]}]}},"_links":{"self":[{"href":"https:\/\/gertrudsunivers.dk\/en\/wp-json\/wp\/v2\/product\/761","targetHints":{"allow":["GET"]}}],"collection":[{"href":"https:\/\/gertrudsunivers.dk\/en\/wp-json\/wp\/v2\/product"}],"about":[{"href":"https:\/\/gertrudsunivers.dk\/en\/wp-json\/wp\/v2\/types\/product"}],"replies":[{"embeddable":true,"href":"https:\/\/gertrudsunivers.dk\/en\/wp-json\/wp\/v2\/comments?post=761"}],"wp:featuredmedia":[{"embeddable":true,"href":"https:\/\/gertrudsunivers.dk\/en\/wp-json\/wp\/v2\/media\/827"}],"wp:attachment":[{"href":"https:\/\/gertrudsunivers.dk\/en\/wp-json\/wp\/v2\/media?parent=761"}],"wp:term":[{"taxonomy":"product_brand","embeddable":true,"href":"https:\/\/gertrudsunivers.dk\/en\/wp-json\/wp\/v2\/product_brand?post=761"},{"taxonomy":"product_cat","embeddable":true,"href":"https:\/\/gertrudsunivers.dk\/en\/wp-json\/wp\/v2\/product_cat?post=761"},{"taxonomy":"product_tag","embeddable":true,"href":"https:\/\/gertrudsunivers.dk\/en\/wp-json\/wp\/v2\/product_tag?post=761"}],"curies":[{"name":"wp","href":"https:\/\/api.w.org\/{rel}","templated":true}]}}