{"id":783,"date":"2026-01-07T14:01:38","date_gmt":"2026-01-07T14:01:38","guid":{"rendered":"https:\/\/gertrudsunivers.dk\/?post_type=product&#038;p=783"},"modified":"2026-01-22T13:43:34","modified_gmt":"2026-01-22T13:43:34","slug":"purple-rain","status":"publish","type":"product","link":"https:\/\/gertrudsunivers.dk\/en\/product\/purple-rain\/","title":{"rendered":"EcoSparkles &#8211; Purple Rain"},"content":{"rendered":"<h5 data-start=\"180\" data-end=\"237\"><span style=\"color: #946abd;\">H\u00e5ndblandet, milj\u00f8venligt glimmermix\u00a0<\/span><\/h5>\n<p data-start=\"239\" data-end=\"622\">Dette eksklusive <strong data-start=\"256\" data-end=\"282\">EcoSparkles glimmermix<\/strong> er h\u00e5ndblandet med stor omhu i vores v\u00e6rksted i Danmark. Hvert mix skabes med fokus p\u00e5 farvedybde, spil og kvalitet, og vi er stolte af at tilbyde et af verdens st\u00f8rste udvalg af <strong data-start=\"462\" data-end=\"491\">milj\u00f8venlige glimmermixes<\/strong>. Alle varianter indeholder mindst <strong data-start=\"526\" data-end=\"576\">tre forskellige farver og\/eller kornst\u00f8rrelser<\/strong>, hvilket giver et levende og dynamisk udtryk.<\/p>\n<p data-start=\"624\" data-end=\"1027\"><strong data-start=\"624\" data-end=\"639\">Purple Rain<\/strong> er et stemningsfuldt glimmermix i dybe lilla og violette nuancer med et subtilt holografisk sk\u00e6r. Farven changerer smukt i lyset og skaber et magisk, n\u00e6sten dr\u00f8mmende udtryk, der passer perfekt til festivaler, events, aftenkoncerter, fantasy-looks og kreative projekter. Da hvert glas blandes i h\u00e5nden, er <strong data-start=\"946\" data-end=\"971\">ingen b\u00f8tter helt ens<\/strong> \u2013 du f\u00e5r altid et unikt glimmermix med sit eget udtryk.<\/p>\n<p data-start=\"1029\" data-end=\"1444\">Grundingrediensen i glimmeret er cellulose, prim\u00e6rt udvundet fra eucalyptus-tr\u00e6er. Den plantebaserede film er farvet med <strong data-start=\"1150\" data-end=\"1185\">naturlige, kosmetiske pigmenter<\/strong> og indeholder kun <strong data-start=\"1204\" data-end=\"1223\">0,1 % aluminium<\/strong>, som giver glimmeret dets karakteristiske glans. Takket v\u00e6re plantefilmen er glimmeret op til <strong data-start=\"1318\" data-end=\"1366\">40 % bl\u00f8dere end traditionelt plastikglimmer<\/strong> og certificeret sikkert til kosmetisk brug p\u00e5 hud og i omr\u00e5der t\u00e6t p\u00e5 \u00f8jnene.<\/p>\n<h5 data-start=\"1451\" data-end=\"1462\"><span style=\"color: #946abd;\">Fordele<\/span><\/h5>\n<ul data-start=\"1463\" data-end=\"1682\">\n<li data-start=\"1463\" data-end=\"1497\">\n<p data-start=\"1465\" data-end=\"1497\">Naturligt bionedbrydeligt (90 %)<\/p>\n<\/li>\n<li data-start=\"1498\" data-end=\"1538\">\n<p data-start=\"1500\" data-end=\"1538\">Sikkert for b\u00e5de ferskvand og havmilj\u00f8<\/p>\n<\/li>\n<li data-start=\"1539\" data-end=\"1548\">\n<p data-start=\"1541\" data-end=\"1548\">Vegansk<\/p>\n<\/li>\n<li data-start=\"1549\" data-end=\"1571\">\n<p data-start=\"1551\" data-end=\"1571\">Aldrig testet p\u00e5 dyr<\/p>\n<\/li>\n<li data-start=\"1572\" data-end=\"1619\">\n<p data-start=\"1574\" data-end=\"1619\">Indeholder FDA-godkendte kosmetiske pigmenter<\/p>\n<\/li>\n<li data-start=\"1620\" data-end=\"1643\">\n<p data-start=\"1622\" data-end=\"1643\">Uden GMO-ingredienser<\/p>\n<\/li>\n<li data-start=\"1644\" data-end=\"1682\">\n<p data-start=\"1646\" data-end=\"1682\">Ogs\u00e5 velegnet til kreative projekter<\/p>\n<\/li>\n<\/ul>\n<h5 data-start=\"1689\" data-end=\"1708\"><span style=\"color: #946abd;\">Produktdetaljer<\/span><\/h5>\n<ul data-start=\"1709\" data-end=\"1894\">\n<li data-start=\"1709\" data-end=\"1735\">\n<p data-start=\"1711\" data-end=\"1735\">Glas med aluminiumsl\u00e5g<\/p>\n<\/li>\n<li data-start=\"1786\" data-end=\"1812\">\n<p data-start=\"1788\" data-end=\"1812\">Hexagon-formet glimmer<\/p>\n<\/li>\n<li data-start=\"1813\" data-end=\"1844\">\n<p data-start=\"1815\" data-end=\"1844\">Mix af fine og grovere korn<\/p>\n<\/li>\n<li data-start=\"1845\" data-end=\"1894\">\n<p data-start=\"1847\" data-end=\"1894\">V\u00e6gten kan variere en smule fra glas til glas<\/p>\n<\/li>\n<\/ul>\n<h5 data-start=\"1901\" data-end=\"1917\"><span style=\"color: #946abd;\">Ingredienser<\/span><\/h5>\n<p data-start=\"1918\" data-end=\"1989\">90 % cellulose, 8 % styrene, 0,1 % aluminium samt kosmetiske pigmenter.<\/p>","protected":false},"excerpt":{"rendered":"<p><strong data-start=\"624\" data-end=\"639\">Purple Rain<\/strong> er et stemningsfuldt glimmermix i dybe lilla og violette nuancer med et subtilt holografisk sk\u00e6r. Farven changerer smukt i lyset og skaber et magisk, n\u00e6sten dr\u00f8mmende udtryk, der passer perfekt til festivaler, events, aftenkoncerter, fantasy-looks og kreative projekter. Da hvert glas blandes i h\u00e5nden, er <strong data-start=\"946\" data-end=\"971\">ingen b\u00f8tter helt ens<\/strong> \u2013 du f\u00e5r altid et unikt glimmermix med sit eget udtryk.<\/p>","protected":false},"featured_media":784,"comment_status":"open","ping_status":"closed","template":"","meta":{"_kad_post_transparent":"default","_kad_post_title":"","_kad_post_layout":"default","_kad_post_sidebar_id":"","_kad_post_content_style":"default","_kad_post_vertical_padding":"default","_kad_post_feature":"","_kad_post_feature_position":"","_kad_post_header":false,"_kad_post_footer":false,"_kad_post_classname":""},"product_brand":[20],"product_cat":[21,46],"product_tag":[],"class_list":{"0":"post-783","1":"product","2":"type-product","3":"status-publish","4":"has-post-thumbnail","6":"product_brand-ecosparkles","7":"product_cat-glimmer","8":"product_cat-glimmer-varianter","10":"first","11":"instock","12":"taxable","13":"shipping-taxable","14":"purchasable","15":"product-type-variable","16":"has-default-attributes","17":"entry","18":"content-bg","19":"loop-entry"},"yoast_head":"<!-- This site is optimized with the Yoast SEO plugin v27.4 - https:\/\/yoast.com\/product\/yoast-seo-wordpress\/ -->\n<title>EcoSparkles - Purple Rain - Gertruds Univers<\/title>\n<meta name=\"description\" content=\"Purple Rain er et stemningsfuldt glimmermix i dybe lilla og violette nuancer som changerer smukt i lyset og skaber et magisk, n\u00e6sten dr\u00f8mmende udtryk.\" \/>\n<meta name=\"robots\" content=\"index, follow, max-snippet:-1, max-image-preview:large, max-video-preview:-1\" \/>\n<link rel=\"canonical\" href=\"https:\/\/gertrudsunivers.dk\/en\/product\/purple-rain\/\" \/>\n<meta property=\"og:locale\" content=\"en_US\" \/>\n<meta property=\"og:type\" content=\"article\" \/>\n<meta property=\"og:title\" content=\"EcoSparkles - Purple Rain - Gertruds Univers\" \/>\n<meta property=\"og:description\" content=\"Purple Rain er et stemningsfuldt glimmermix i dybe lilla og violette nuancer som changerer smukt i lyset og skaber et magisk, n\u00e6sten dr\u00f8mmende udtryk.\" \/>\n<meta property=\"og:url\" content=\"https:\/\/gertrudsunivers.dk\/en\/product\/purple-rain\/\" \/>\n<meta property=\"og:site_name\" content=\"Gertruds Univers\" \/>\n<meta property=\"article:publisher\" content=\"https:\/\/www.facebook.com\/profile.php?id=100092394438832\" \/>\n<meta property=\"article:modified_time\" content=\"2026-01-22T13:43:34+00:00\" \/>\n<meta property=\"og:image\" content=\"https:\/\/gertrudsunivers.dk\/wp-content\/uploads\/2026\/01\/Purple-Rain-1.png\" \/>\n\t<meta property=\"og:image:width\" content=\"1080\" \/>\n\t<meta property=\"og:image:height\" content=\"1080\" \/>\n\t<meta property=\"og:image:type\" content=\"image\/png\" \/>\n<meta name=\"twitter:card\" content=\"summary_large_image\" \/>\n<meta name=\"twitter:label1\" content=\"Est. reading time\" \/>\n\t<meta name=\"twitter:data1\" content=\"2 minutes\" \/>\n<script type=\"application\/ld+json\" class=\"yoast-schema-graph\">{\"@context\":\"https:\\\/\\\/schema.org\",\"@graph\":[{\"@type\":\"WebPage\",\"@id\":\"https:\\\/\\\/gertrudsunivers.dk\\\/vare\\\/purple-rain\\\/\",\"url\":\"https:\\\/\\\/gertrudsunivers.dk\\\/vare\\\/purple-rain\\\/\",\"name\":\"EcoSparkles - Purple Rain - Gertruds Univers\",\"isPartOf\":{\"@id\":\"https:\\\/\\\/gertrudsunivers.dk\\\/#website\"},\"primaryImageOfPage\":{\"@id\":\"https:\\\/\\\/gertrudsunivers.dk\\\/vare\\\/purple-rain\\\/#primaryimage\"},\"image\":{\"@id\":\"https:\\\/\\\/gertrudsunivers.dk\\\/vare\\\/purple-rain\\\/#primaryimage\"},\"thumbnailUrl\":\"https:\\\/\\\/gertrudsunivers.dk\\\/wp-content\\\/uploads\\\/2026\\\/01\\\/Purple-Rain-1.png\",\"datePublished\":\"2026-01-07T14:01:38+00:00\",\"dateModified\":\"2026-01-22T13:43:34+00:00\",\"description\":\"Purple Rain er et stemningsfuldt glimmermix i dybe lilla og violette nuancer som changerer smukt i lyset og skaber et magisk, n\u00e6sten dr\u00f8mmende udtryk.\",\"breadcrumb\":{\"@id\":\"https:\\\/\\\/gertrudsunivers.dk\\\/vare\\\/purple-rain\\\/#breadcrumb\"},\"inLanguage\":\"en-US\",\"potentialAction\":[{\"@type\":\"ReadAction\",\"target\":[\"https:\\\/\\\/gertrudsunivers.dk\\\/vare\\\/purple-rain\\\/\"]}]},{\"@type\":\"ImageObject\",\"inLanguage\":\"en-US\",\"@id\":\"https:\\\/\\\/gertrudsunivers.dk\\\/vare\\\/purple-rain\\\/#primaryimage\",\"url\":\"https:\\\/\\\/gertrudsunivers.dk\\\/wp-content\\\/uploads\\\/2026\\\/01\\\/Purple-Rain-1.png\",\"contentUrl\":\"https:\\\/\\\/gertrudsunivers.dk\\\/wp-content\\\/uploads\\\/2026\\\/01\\\/Purple-Rain-1.png\",\"width\":1080,\"height\":1080},{\"@type\":\"BreadcrumbList\",\"@id\":\"https:\\\/\\\/gertrudsunivers.dk\\\/vare\\\/purple-rain\\\/#breadcrumb\",\"itemListElement\":[{\"@type\":\"ListItem\",\"position\":1,\"name\":\"Hjem\",\"item\":\"https:\\\/\\\/gertrudsunivers.dk\\\/\"},{\"@type\":\"ListItem\",\"position\":2,\"name\":\"Gertruds Webshop\",\"item\":\"https:\\\/\\\/gertrudsunivers.dk\\\/shop\\\/\"},{\"@type\":\"ListItem\",\"position\":3,\"name\":\"EcoSparkles &#8211; Purple Rain\"}]},{\"@type\":\"WebSite\",\"@id\":\"https:\\\/\\\/gertrudsunivers.dk\\\/#website\",\"url\":\"https:\\\/\\\/gertrudsunivers.dk\\\/\",\"name\":\"Gertruds Univers\",\"description\":\"En ny start p\u00e5 Gertruds Univers\",\"publisher\":{\"@id\":\"https:\\\/\\\/gertrudsunivers.dk\\\/#organization\"},\"potentialAction\":[{\"@type\":\"SearchAction\",\"target\":{\"@type\":\"EntryPoint\",\"urlTemplate\":\"https:\\\/\\\/gertrudsunivers.dk\\\/?s={search_term_string}\"},\"query-input\":{\"@type\":\"PropertyValueSpecification\",\"valueRequired\":true,\"valueName\":\"search_term_string\"}}],\"inLanguage\":\"en-US\"},{\"@type\":\"Organization\",\"@id\":\"https:\\\/\\\/gertrudsunivers.dk\\\/#organization\",\"name\":\"Gertruds Univers\",\"url\":\"https:\\\/\\\/gertrudsunivers.dk\\\/\",\"logo\":{\"@type\":\"ImageObject\",\"inLanguage\":\"en-US\",\"@id\":\"https:\\\/\\\/gertrudsunivers.dk\\\/#\\\/schema\\\/logo\\\/image\\\/\",\"url\":\"https:\\\/\\\/gertrudsunivers.dk\\\/wp-content\\\/uploads\\\/2025\\\/11\\\/cropped-Gertruds-Univers-SoMe-4-scaled-1.png\",\"contentUrl\":\"https:\\\/\\\/gertrudsunivers.dk\\\/wp-content\\\/uploads\\\/2025\\\/11\\\/cropped-Gertruds-Univers-SoMe-4-scaled-1.png\",\"width\":2560,\"height\":2560,\"caption\":\"Gertruds Univers\"},\"image\":{\"@id\":\"https:\\\/\\\/gertrudsunivers.dk\\\/#\\\/schema\\\/logo\\\/image\\\/\"},\"sameAs\":[\"https:\\\/\\\/www.facebook.com\\\/profile.php?id=100092394438832\"]}]}<\/script>\n<!-- \/ Yoast SEO plugin. -->","yoast_head_json":{"title":"EcoSparkles - Purple Rain - Gertruds Univers","description":"Purple Rain er et stemningsfuldt glimmermix i dybe lilla og violette nuancer som changerer smukt i lyset og skaber et magisk, n\u00e6sten dr\u00f8mmende udtryk.","robots":{"index":"index","follow":"follow","max-snippet":"max-snippet:-1","max-image-preview":"max-image-preview:large","max-video-preview":"max-video-preview:-1"},"canonical":"https:\/\/gertrudsunivers.dk\/en\/product\/purple-rain\/","og_locale":"en_US","og_type":"article","og_title":"EcoSparkles - Purple Rain - Gertruds Univers","og_description":"Purple Rain er et stemningsfuldt glimmermix i dybe lilla og violette nuancer som changerer smukt i lyset og skaber et magisk, n\u00e6sten dr\u00f8mmende udtryk.","og_url":"https:\/\/gertrudsunivers.dk\/en\/product\/purple-rain\/","og_site_name":"Gertruds Univers","article_publisher":"https:\/\/www.facebook.com\/profile.php?id=100092394438832","article_modified_time":"2026-01-22T13:43:34+00:00","og_image":[{"width":1080,"height":1080,"url":"https:\/\/gertrudsunivers.dk\/wp-content\/uploads\/2026\/01\/Purple-Rain-1.png","type":"image\/png"}],"twitter_card":"summary_large_image","twitter_misc":{"Est. reading time":"2 minutes"},"schema":{"@context":"https:\/\/schema.org","@graph":[{"@type":"WebPage","@id":"https:\/\/gertrudsunivers.dk\/vare\/purple-rain\/","url":"https:\/\/gertrudsunivers.dk\/vare\/purple-rain\/","name":"EcoSparkles - Purple Rain - Gertruds Univers","isPartOf":{"@id":"https:\/\/gertrudsunivers.dk\/#website"},"primaryImageOfPage":{"@id":"https:\/\/gertrudsunivers.dk\/vare\/purple-rain\/#primaryimage"},"image":{"@id":"https:\/\/gertrudsunivers.dk\/vare\/purple-rain\/#primaryimage"},"thumbnailUrl":"https:\/\/gertrudsunivers.dk\/wp-content\/uploads\/2026\/01\/Purple-Rain-1.png","datePublished":"2026-01-07T14:01:38+00:00","dateModified":"2026-01-22T13:43:34+00:00","description":"Purple Rain er et stemningsfuldt glimmermix i dybe lilla og violette nuancer som changerer smukt i lyset og skaber et magisk, n\u00e6sten dr\u00f8mmende udtryk.","breadcrumb":{"@id":"https:\/\/gertrudsunivers.dk\/vare\/purple-rain\/#breadcrumb"},"inLanguage":"en-US","potentialAction":[{"@type":"ReadAction","target":["https:\/\/gertrudsunivers.dk\/vare\/purple-rain\/"]}]},{"@type":"ImageObject","inLanguage":"en-US","@id":"https:\/\/gertrudsunivers.dk\/vare\/purple-rain\/#primaryimage","url":"https:\/\/gertrudsunivers.dk\/wp-content\/uploads\/2026\/01\/Purple-Rain-1.png","contentUrl":"https:\/\/gertrudsunivers.dk\/wp-content\/uploads\/2026\/01\/Purple-Rain-1.png","width":1080,"height":1080},{"@type":"BreadcrumbList","@id":"https:\/\/gertrudsunivers.dk\/vare\/purple-rain\/#breadcrumb","itemListElement":[{"@type":"ListItem","position":1,"name":"Hjem","item":"https:\/\/gertrudsunivers.dk\/"},{"@type":"ListItem","position":2,"name":"Gertruds Webshop","item":"https:\/\/gertrudsunivers.dk\/shop\/"},{"@type":"ListItem","position":3,"name":"EcoSparkles &#8211; Purple Rain"}]},{"@type":"WebSite","@id":"https:\/\/gertrudsunivers.dk\/#website","url":"https:\/\/gertrudsunivers.dk\/","name":"Gertruds Univers","description":"En ny start p\u00e5 Gertruds Univers","publisher":{"@id":"https:\/\/gertrudsunivers.dk\/#organization"},"potentialAction":[{"@type":"SearchAction","target":{"@type":"EntryPoint","urlTemplate":"https:\/\/gertrudsunivers.dk\/?s={search_term_string}"},"query-input":{"@type":"PropertyValueSpecification","valueRequired":true,"valueName":"search_term_string"}}],"inLanguage":"en-US"},{"@type":"Organization","@id":"https:\/\/gertrudsunivers.dk\/#organization","name":"Gertruds Univers","url":"https:\/\/gertrudsunivers.dk\/","logo":{"@type":"ImageObject","inLanguage":"en-US","@id":"https:\/\/gertrudsunivers.dk\/#\/schema\/logo\/image\/","url":"https:\/\/gertrudsunivers.dk\/wp-content\/uploads\/2025\/11\/cropped-Gertruds-Univers-SoMe-4-scaled-1.png","contentUrl":"https:\/\/gertrudsunivers.dk\/wp-content\/uploads\/2025\/11\/cropped-Gertruds-Univers-SoMe-4-scaled-1.png","width":2560,"height":2560,"caption":"Gertruds Univers"},"image":{"@id":"https:\/\/gertrudsunivers.dk\/#\/schema\/logo\/image\/"},"sameAs":["https:\/\/www.facebook.com\/profile.php?id=100092394438832"]}]}},"_links":{"self":[{"href":"https:\/\/gertrudsunivers.dk\/en\/wp-json\/wp\/v2\/product\/783","targetHints":{"allow":["GET"]}}],"collection":[{"href":"https:\/\/gertrudsunivers.dk\/en\/wp-json\/wp\/v2\/product"}],"about":[{"href":"https:\/\/gertrudsunivers.dk\/en\/wp-json\/wp\/v2\/types\/product"}],"replies":[{"embeddable":true,"href":"https:\/\/gertrudsunivers.dk\/en\/wp-json\/wp\/v2\/comments?post=783"}],"wp:featuredmedia":[{"embeddable":true,"href":"https:\/\/gertrudsunivers.dk\/en\/wp-json\/wp\/v2\/media\/784"}],"wp:attachment":[{"href":"https:\/\/gertrudsunivers.dk\/en\/wp-json\/wp\/v2\/media?parent=783"}],"wp:term":[{"taxonomy":"product_brand","embeddable":true,"href":"https:\/\/gertrudsunivers.dk\/en\/wp-json\/wp\/v2\/product_brand?post=783"},{"taxonomy":"product_cat","embeddable":true,"href":"https:\/\/gertrudsunivers.dk\/en\/wp-json\/wp\/v2\/product_cat?post=783"},{"taxonomy":"product_tag","embeddable":true,"href":"https:\/\/gertrudsunivers.dk\/en\/wp-json\/wp\/v2\/product_tag?post=783"}],"curies":[{"name":"wp","href":"https:\/\/api.w.org\/{rel}","templated":true}]}}