{"id":788,"date":"2026-01-07T14:01:52","date_gmt":"2026-01-07T14:01:52","guid":{"rendered":"https:\/\/gertrudsunivers.dk\/?post_type=product&#038;p=788"},"modified":"2026-01-22T13:43:25","modified_gmt":"2026-01-22T13:43:25","slug":"amethyst","status":"publish","type":"product","link":"https:\/\/gertrudsunivers.dk\/en\/product\/amethyst\/","title":{"rendered":"EcoSparkles &#8211; Amethyst"},"content":{"rendered":"<h5 data-start=\"194\" data-end=\"248\"><span style=\"color: #946abd;\">H\u00e5ndblandet, milj\u00f8venligt glimmermix<\/span><\/h5>\n<p data-start=\"250\" data-end=\"640\">Dette eksklusive <strong data-start=\"267\" data-end=\"293\">EcoSparkles glimmermix<\/strong> er h\u00e5ndblandet med stor omhu i vores v\u00e6rksted i Danmark. Hvert enkelt mix skabes med fokus p\u00e5 farvedybde, spil og kvalitet, og vi er stolte af at tilbyde et af verdens st\u00f8rste udvalg af <strong data-start=\"480\" data-end=\"509\">milj\u00f8venlige glimmermixes<\/strong>. Alle varianter indeholder mindst <strong data-start=\"544\" data-end=\"594\">tre forskellige farver og\/eller kornst\u00f8rrelser<\/strong>, hvilket giver et levende og dynamisk udtryk.<\/p>\n<p data-start=\"642\" data-end=\"1186\"><strong data-start=\"642\" data-end=\"654\">Amethyst<\/strong> er et elegant og sofistikeret glimmermix i dybe lilla og violette nuancer, inspireret af den smukke ametyst-krystal. Kombinationen af fine og ekstra grovkornede glimmerpartikler skaber et intenst farvespil og et eksklusivt udtryk, der changerer smukt i lyset. Amethyst er perfekt til festivaler, events, aftenkoncerter, fantasy-looks og kreative projekter, hvor glimmeret gerne m\u00e5 v\u00e6re b\u00e5de markant og magisk. Da hvert glas blandes i h\u00e5nden, er <strong data-start=\"1100\" data-end=\"1125\">ingen b\u00f8tter helt ens<\/strong> \u2013 du f\u00e5r altid et unikt glimmermix med sit helt eget udtryk.<\/p>\n<p data-start=\"1188\" data-end=\"1614\">Grundingrediensen i glimmeret er cellulose, prim\u00e6rt udvundet fra eucalyptus-tr\u00e6er. Den plantebaserede film er farvet med <strong data-start=\"1309\" data-end=\"1344\">naturlige, kosmetiske pigmenter<\/strong> og indeholder kun <strong data-start=\"1363\" data-end=\"1382\">0,1 % aluminium<\/strong>, som giver glimmeret dets karakteristiske skinnende effekt. Takket v\u00e6re plantefilmen er glimmeret op til <strong data-start=\"1488\" data-end=\"1536\">40 % bl\u00f8dere end traditionelt plastikglimmer<\/strong> og certificeret sikkert til kosmetisk brug p\u00e5 hud og i omr\u00e5der t\u00e6t p\u00e5 \u00f8jnene.<\/p>\n<h5 data-start=\"1621\" data-end=\"1632\"><span style=\"color: #946abd;\">Fordele<\/span><\/h5>\n<ul data-start=\"1633\" data-end=\"1852\">\n<li data-start=\"1633\" data-end=\"1667\">\n<p data-start=\"1635\" data-end=\"1667\">Naturligt bionedbrydeligt (90 %)<\/p>\n<\/li>\n<li data-start=\"1668\" data-end=\"1708\">\n<p data-start=\"1670\" data-end=\"1708\">Sikkert for b\u00e5de ferskvand og havmilj\u00f8<\/p>\n<\/li>\n<li data-start=\"1709\" data-end=\"1718\">\n<p data-start=\"1711\" data-end=\"1718\">Vegansk<\/p>\n<\/li>\n<li data-start=\"1719\" data-end=\"1741\">\n<p data-start=\"1721\" data-end=\"1741\">Aldrig testet p\u00e5 dyr<\/p>\n<\/li>\n<li data-start=\"1742\" data-end=\"1789\">\n<p data-start=\"1744\" data-end=\"1789\">Indeholder FDA-godkendte kosmetiske pigmenter<\/p>\n<\/li>\n<li data-start=\"1790\" data-end=\"1813\">\n<p data-start=\"1792\" data-end=\"1813\">Uden GMO-ingredienser<\/p>\n<\/li>\n<li data-start=\"1814\" data-end=\"1852\">\n<p data-start=\"1816\" data-end=\"1852\">Ogs\u00e5 velegnet til kreative projekter<\/p>\n<\/li>\n<\/ul>\n<h5 data-start=\"1859\" data-end=\"1878\"><span style=\"color: #946abd;\">Produktdetaljer<\/span><\/h5>\n<ul data-start=\"1879\" data-end=\"2087\">\n<li data-start=\"1879\" data-end=\"1905\">\n<p data-start=\"1881\" data-end=\"1905\">Glas med aluminiumsl\u00e5g<\/p>\n<\/li>\n<li data-start=\"1906\" data-end=\"1955\">\n<p data-start=\"1908\" data-end=\"1955\">Refill-pose i glassine (fuldt bionedbrydelig)<\/p>\n<\/li>\n<li data-start=\"1956\" data-end=\"1982\">\n<p data-start=\"1958\" data-end=\"1982\">Hexagon-formet glimmer<\/p>\n<\/li>\n<li data-start=\"1983\" data-end=\"2037\">\n<p data-start=\"1985\" data-end=\"2037\">Mix af fine og ekstra grovkornede glimmerpartikler<\/p>\n<\/li>\n<li data-start=\"2038\" data-end=\"2087\">\n<p data-start=\"2040\" data-end=\"2087\">V\u00e6gten kan variere en smule fra glas til glas<\/p>\n<\/li>\n<\/ul>\n<h5 data-start=\"2094\" data-end=\"2110\"><span style=\"color: #946abd;\">Ingredienser<\/span><\/h5>\n<p data-start=\"2111\" data-end=\"2182\">90 % cellulose, 8 % styrene, 0,1 % aluminium samt kosmetiske pigmenter.<\/p>","protected":false},"excerpt":{"rendered":"<p><strong data-start=\"642\" data-end=\"654\">Amethyst<\/strong> er et elegant og sofistikeret glimmermix i dybe lilla og violette nuancer, inspireret af den smukke ametyst-krystal. En glimmermix som er perfekt til festivaler, events, aftenkoncerter, fantasy-looks og kreative projekter, hvor glimmeret gerne m\u00e5 v\u00e6re b\u00e5de markant og magisk.<\/p>","protected":false},"featured_media":789,"comment_status":"open","ping_status":"closed","template":"","meta":{"_kad_post_transparent":"default","_kad_post_title":"","_kad_post_layout":"default","_kad_post_sidebar_id":"","_kad_post_content_style":"default","_kad_post_vertical_padding":"default","_kad_post_feature":"","_kad_post_feature_position":"","_kad_post_header":false,"_kad_post_footer":false,"_kad_post_classname":""},"product_brand":[20],"product_cat":[21,46],"product_tag":[],"class_list":{"0":"post-788","1":"product","2":"type-product","3":"status-publish","4":"has-post-thumbnail","6":"product_brand-ecosparkles","7":"product_cat-glimmer","8":"product_cat-glimmer-varianter","10":"first","11":"instock","12":"taxable","13":"shipping-taxable","14":"purchasable","15":"product-type-variable","16":"has-default-attributes","17":"entry","18":"content-bg","19":"loop-entry"},"yoast_head":"<!-- This site is optimized with the Yoast SEO plugin v27.4 - https:\/\/yoast.com\/product\/yoast-seo-wordpress\/ -->\n<title>EcoSparkles - Amethyst - Gertruds Univers<\/title>\n<meta name=\"description\" content=\"Amethyst er et elegant og sofistikeret glimmermix i dybe lilla og violette nuancer, inspireret af den smukke ametyst-krystal.\" \/>\n<meta name=\"robots\" content=\"index, follow, max-snippet:-1, max-image-preview:large, max-video-preview:-1\" \/>\n<link rel=\"canonical\" href=\"https:\/\/gertrudsunivers.dk\/en\/product\/amethyst\/\" \/>\n<meta property=\"og:locale\" content=\"en_US\" \/>\n<meta property=\"og:type\" content=\"article\" \/>\n<meta property=\"og:title\" content=\"EcoSparkles - Amethyst - Gertruds Univers\" \/>\n<meta property=\"og:description\" content=\"Amethyst er et elegant og sofistikeret glimmermix i dybe lilla og violette nuancer, inspireret af den smukke ametyst-krystal.\" \/>\n<meta property=\"og:url\" content=\"https:\/\/gertrudsunivers.dk\/en\/product\/amethyst\/\" \/>\n<meta property=\"og:site_name\" content=\"Gertruds Univers\" \/>\n<meta property=\"article:publisher\" content=\"https:\/\/www.facebook.com\/profile.php?id=100092394438832\" \/>\n<meta property=\"article:modified_time\" content=\"2026-01-22T13:43:25+00:00\" \/>\n<meta property=\"og:image\" content=\"https:\/\/gertrudsunivers.dk\/wp-content\/uploads\/2026\/01\/Amethyst-1.png\" \/>\n\t<meta property=\"og:image:width\" content=\"1080\" \/>\n\t<meta property=\"og:image:height\" content=\"1080\" \/>\n\t<meta property=\"og:image:type\" content=\"image\/png\" \/>\n<meta name=\"twitter:card\" content=\"summary_large_image\" \/>\n<meta name=\"twitter:label1\" content=\"Est. reading time\" \/>\n\t<meta name=\"twitter:data1\" content=\"2 minutes\" \/>\n<script type=\"application\/ld+json\" class=\"yoast-schema-graph\">{\"@context\":\"https:\\\/\\\/schema.org\",\"@graph\":[{\"@type\":\"WebPage\",\"@id\":\"https:\\\/\\\/gertrudsunivers.dk\\\/vare\\\/amethyst\\\/\",\"url\":\"https:\\\/\\\/gertrudsunivers.dk\\\/vare\\\/amethyst\\\/\",\"name\":\"EcoSparkles - Amethyst - Gertruds Univers\",\"isPartOf\":{\"@id\":\"https:\\\/\\\/gertrudsunivers.dk\\\/#website\"},\"primaryImageOfPage\":{\"@id\":\"https:\\\/\\\/gertrudsunivers.dk\\\/vare\\\/amethyst\\\/#primaryimage\"},\"image\":{\"@id\":\"https:\\\/\\\/gertrudsunivers.dk\\\/vare\\\/amethyst\\\/#primaryimage\"},\"thumbnailUrl\":\"https:\\\/\\\/gertrudsunivers.dk\\\/wp-content\\\/uploads\\\/2026\\\/01\\\/Amethyst-1.png\",\"datePublished\":\"2026-01-07T14:01:52+00:00\",\"dateModified\":\"2026-01-22T13:43:25+00:00\",\"description\":\"Amethyst er et elegant og sofistikeret glimmermix i dybe lilla og violette nuancer, inspireret af den smukke ametyst-krystal.\",\"breadcrumb\":{\"@id\":\"https:\\\/\\\/gertrudsunivers.dk\\\/vare\\\/amethyst\\\/#breadcrumb\"},\"inLanguage\":\"en-US\",\"potentialAction\":[{\"@type\":\"ReadAction\",\"target\":[\"https:\\\/\\\/gertrudsunivers.dk\\\/vare\\\/amethyst\\\/\"]}]},{\"@type\":\"ImageObject\",\"inLanguage\":\"en-US\",\"@id\":\"https:\\\/\\\/gertrudsunivers.dk\\\/vare\\\/amethyst\\\/#primaryimage\",\"url\":\"https:\\\/\\\/gertrudsunivers.dk\\\/wp-content\\\/uploads\\\/2026\\\/01\\\/Amethyst-1.png\",\"contentUrl\":\"https:\\\/\\\/gertrudsunivers.dk\\\/wp-content\\\/uploads\\\/2026\\\/01\\\/Amethyst-1.png\",\"width\":1080,\"height\":1080},{\"@type\":\"BreadcrumbList\",\"@id\":\"https:\\\/\\\/gertrudsunivers.dk\\\/vare\\\/amethyst\\\/#breadcrumb\",\"itemListElement\":[{\"@type\":\"ListItem\",\"position\":1,\"name\":\"Hjem\",\"item\":\"https:\\\/\\\/gertrudsunivers.dk\\\/\"},{\"@type\":\"ListItem\",\"position\":2,\"name\":\"Gertruds Webshop\",\"item\":\"https:\\\/\\\/gertrudsunivers.dk\\\/shop\\\/\"},{\"@type\":\"ListItem\",\"position\":3,\"name\":\"EcoSparkles &#8211; Amethyst\"}]},{\"@type\":\"WebSite\",\"@id\":\"https:\\\/\\\/gertrudsunivers.dk\\\/#website\",\"url\":\"https:\\\/\\\/gertrudsunivers.dk\\\/\",\"name\":\"Gertruds Univers\",\"description\":\"En ny start p\u00e5 Gertruds Univers\",\"publisher\":{\"@id\":\"https:\\\/\\\/gertrudsunivers.dk\\\/#organization\"},\"potentialAction\":[{\"@type\":\"SearchAction\",\"target\":{\"@type\":\"EntryPoint\",\"urlTemplate\":\"https:\\\/\\\/gertrudsunivers.dk\\\/?s={search_term_string}\"},\"query-input\":{\"@type\":\"PropertyValueSpecification\",\"valueRequired\":true,\"valueName\":\"search_term_string\"}}],\"inLanguage\":\"en-US\"},{\"@type\":\"Organization\",\"@id\":\"https:\\\/\\\/gertrudsunivers.dk\\\/#organization\",\"name\":\"Gertruds Univers\",\"url\":\"https:\\\/\\\/gertrudsunivers.dk\\\/\",\"logo\":{\"@type\":\"ImageObject\",\"inLanguage\":\"en-US\",\"@id\":\"https:\\\/\\\/gertrudsunivers.dk\\\/#\\\/schema\\\/logo\\\/image\\\/\",\"url\":\"https:\\\/\\\/gertrudsunivers.dk\\\/wp-content\\\/uploads\\\/2025\\\/11\\\/cropped-Gertruds-Univers-SoMe-4-scaled-1.png\",\"contentUrl\":\"https:\\\/\\\/gertrudsunivers.dk\\\/wp-content\\\/uploads\\\/2025\\\/11\\\/cropped-Gertruds-Univers-SoMe-4-scaled-1.png\",\"width\":2560,\"height\":2560,\"caption\":\"Gertruds Univers\"},\"image\":{\"@id\":\"https:\\\/\\\/gertrudsunivers.dk\\\/#\\\/schema\\\/logo\\\/image\\\/\"},\"sameAs\":[\"https:\\\/\\\/www.facebook.com\\\/profile.php?id=100092394438832\"]}]}<\/script>\n<!-- \/ Yoast SEO plugin. -->","yoast_head_json":{"title":"EcoSparkles - Amethyst - Gertruds Univers","description":"Amethyst er et elegant og sofistikeret glimmermix i dybe lilla og violette nuancer, inspireret af den smukke ametyst-krystal.","robots":{"index":"index","follow":"follow","max-snippet":"max-snippet:-1","max-image-preview":"max-image-preview:large","max-video-preview":"max-video-preview:-1"},"canonical":"https:\/\/gertrudsunivers.dk\/en\/product\/amethyst\/","og_locale":"en_US","og_type":"article","og_title":"EcoSparkles - Amethyst - Gertruds Univers","og_description":"Amethyst er et elegant og sofistikeret glimmermix i dybe lilla og violette nuancer, inspireret af den smukke ametyst-krystal.","og_url":"https:\/\/gertrudsunivers.dk\/en\/product\/amethyst\/","og_site_name":"Gertruds Univers","article_publisher":"https:\/\/www.facebook.com\/profile.php?id=100092394438832","article_modified_time":"2026-01-22T13:43:25+00:00","og_image":[{"width":1080,"height":1080,"url":"https:\/\/gertrudsunivers.dk\/wp-content\/uploads\/2026\/01\/Amethyst-1.png","type":"image\/png"}],"twitter_card":"summary_large_image","twitter_misc":{"Est. reading time":"2 minutes"},"schema":{"@context":"https:\/\/schema.org","@graph":[{"@type":"WebPage","@id":"https:\/\/gertrudsunivers.dk\/vare\/amethyst\/","url":"https:\/\/gertrudsunivers.dk\/vare\/amethyst\/","name":"EcoSparkles - Amethyst - Gertruds Univers","isPartOf":{"@id":"https:\/\/gertrudsunivers.dk\/#website"},"primaryImageOfPage":{"@id":"https:\/\/gertrudsunivers.dk\/vare\/amethyst\/#primaryimage"},"image":{"@id":"https:\/\/gertrudsunivers.dk\/vare\/amethyst\/#primaryimage"},"thumbnailUrl":"https:\/\/gertrudsunivers.dk\/wp-content\/uploads\/2026\/01\/Amethyst-1.png","datePublished":"2026-01-07T14:01:52+00:00","dateModified":"2026-01-22T13:43:25+00:00","description":"Amethyst er et elegant og sofistikeret glimmermix i dybe lilla og violette nuancer, inspireret af den smukke ametyst-krystal.","breadcrumb":{"@id":"https:\/\/gertrudsunivers.dk\/vare\/amethyst\/#breadcrumb"},"inLanguage":"en-US","potentialAction":[{"@type":"ReadAction","target":["https:\/\/gertrudsunivers.dk\/vare\/amethyst\/"]}]},{"@type":"ImageObject","inLanguage":"en-US","@id":"https:\/\/gertrudsunivers.dk\/vare\/amethyst\/#primaryimage","url":"https:\/\/gertrudsunivers.dk\/wp-content\/uploads\/2026\/01\/Amethyst-1.png","contentUrl":"https:\/\/gertrudsunivers.dk\/wp-content\/uploads\/2026\/01\/Amethyst-1.png","width":1080,"height":1080},{"@type":"BreadcrumbList","@id":"https:\/\/gertrudsunivers.dk\/vare\/amethyst\/#breadcrumb","itemListElement":[{"@type":"ListItem","position":1,"name":"Hjem","item":"https:\/\/gertrudsunivers.dk\/"},{"@type":"ListItem","position":2,"name":"Gertruds Webshop","item":"https:\/\/gertrudsunivers.dk\/shop\/"},{"@type":"ListItem","position":3,"name":"EcoSparkles &#8211; Amethyst"}]},{"@type":"WebSite","@id":"https:\/\/gertrudsunivers.dk\/#website","url":"https:\/\/gertrudsunivers.dk\/","name":"Gertruds Univers","description":"En ny start p\u00e5 Gertruds Univers","publisher":{"@id":"https:\/\/gertrudsunivers.dk\/#organization"},"potentialAction":[{"@type":"SearchAction","target":{"@type":"EntryPoint","urlTemplate":"https:\/\/gertrudsunivers.dk\/?s={search_term_string}"},"query-input":{"@type":"PropertyValueSpecification","valueRequired":true,"valueName":"search_term_string"}}],"inLanguage":"en-US"},{"@type":"Organization","@id":"https:\/\/gertrudsunivers.dk\/#organization","name":"Gertruds Univers","url":"https:\/\/gertrudsunivers.dk\/","logo":{"@type":"ImageObject","inLanguage":"en-US","@id":"https:\/\/gertrudsunivers.dk\/#\/schema\/logo\/image\/","url":"https:\/\/gertrudsunivers.dk\/wp-content\/uploads\/2025\/11\/cropped-Gertruds-Univers-SoMe-4-scaled-1.png","contentUrl":"https:\/\/gertrudsunivers.dk\/wp-content\/uploads\/2025\/11\/cropped-Gertruds-Univers-SoMe-4-scaled-1.png","width":2560,"height":2560,"caption":"Gertruds Univers"},"image":{"@id":"https:\/\/gertrudsunivers.dk\/#\/schema\/logo\/image\/"},"sameAs":["https:\/\/www.facebook.com\/profile.php?id=100092394438832"]}]}},"_links":{"self":[{"href":"https:\/\/gertrudsunivers.dk\/en\/wp-json\/wp\/v2\/product\/788","targetHints":{"allow":["GET"]}}],"collection":[{"href":"https:\/\/gertrudsunivers.dk\/en\/wp-json\/wp\/v2\/product"}],"about":[{"href":"https:\/\/gertrudsunivers.dk\/en\/wp-json\/wp\/v2\/types\/product"}],"replies":[{"embeddable":true,"href":"https:\/\/gertrudsunivers.dk\/en\/wp-json\/wp\/v2\/comments?post=788"}],"wp:featuredmedia":[{"embeddable":true,"href":"https:\/\/gertrudsunivers.dk\/en\/wp-json\/wp\/v2\/media\/789"}],"wp:attachment":[{"href":"https:\/\/gertrudsunivers.dk\/en\/wp-json\/wp\/v2\/media?parent=788"}],"wp:term":[{"taxonomy":"product_brand","embeddable":true,"href":"https:\/\/gertrudsunivers.dk\/en\/wp-json\/wp\/v2\/product_brand?post=788"},{"taxonomy":"product_cat","embeddable":true,"href":"https:\/\/gertrudsunivers.dk\/en\/wp-json\/wp\/v2\/product_cat?post=788"},{"taxonomy":"product_tag","embeddable":true,"href":"https:\/\/gertrudsunivers.dk\/en\/wp-json\/wp\/v2\/product_tag?post=788"}],"curies":[{"name":"wp","href":"https:\/\/api.w.org\/{rel}","templated":true}]}}