{"id":808,"date":"2026-01-07T14:02:33","date_gmt":"2026-01-07T14:02:33","guid":{"rendered":"https:\/\/gertrudsunivers.dk\/?post_type=product&#038;p=808"},"modified":"2026-02-27T11:47:26","modified_gmt":"2026-02-27T11:47:26","slug":"glimmerlim-100-naturlig","status":"publish","type":"product","link":"https:\/\/gertrudsunivers.dk\/en\/product\/glimmerlim-100-naturlig\/","title":{"rendered":"EcoSparkles &#8211; Glimmerlim (100% naturlig)"},"content":{"rendered":"<h5 data-start=\"182\" data-end=\"217\"><span style=\"color: #946abd;\">Naturlig og hudvenlig glimmerlim<\/span><\/h5>\n<p data-start=\"219\" data-end=\"498\">EcoSpakles popul\u00e6re <strong data-start=\"234\" data-end=\"248\">glimmerlim<\/strong> er igen og igen blevet fremh\u00e6vet som en af de bedste p\u00e5 markedet \u2013 og med god grund. Limen er udviklet til at holde dit glimmer pr\u00e6cis d\u00e9r, hvor du placerer det, s\u00e5 du kan nyde dit look uden at bekymre dig om, at glimmeret drysser eller flytter sig.<\/p>\n<p data-start=\"500\" data-end=\"754\">Glimmerlimen produceres i Tyskland og er <strong data-start=\"541\" data-end=\"565\">dermatologisk testet<\/strong>, hvilket g\u00f8r den velegnet til brug p\u00e5 selv meget sensitiv hud. Den er <strong data-start=\"636\" data-end=\"654\">100 % naturlig<\/strong> og best\u00e5r prim\u00e6rt af planteolier og vand, hvilket giver en sk\u00e5nsom og behagelig oplevelse p\u00e5 huden.<\/p>\n<p data-start=\"756\" data-end=\"1032\">Den vandbaserede formel g\u00f8r limen nem at fjerne efter brug \u2013 alt hvad du beh\u00f8ver er lunkent vand og en mild s\u00e6be. N\u00e5r limen t\u00f8rrer p\u00e5 huden, sikrer den, at dit glimmer bliver siddende flot hele festen igennem, uden at f\u00f8les stiv eller ubehagelig, selv efter mange timers brug.<\/p>\n<p data-start=\"1034\" data-end=\"1122\">Som en ekstra bonus er glimmerlimen <strong data-start=\"1070\" data-end=\"1081\">vegansk<\/strong> og naturligvis <strong data-start=\"1097\" data-end=\"1121\">aldrig testet p\u00e5 dyr<\/strong>.<\/p>\n<h5 data-start=\"1129\" data-end=\"1140\"><span style=\"color: #946abd;\">Fordele<\/span><\/h5>\n<ul data-start=\"1141\" data-end=\"1387\">\n<li data-start=\"1141\" data-end=\"1188\">\n<p data-start=\"1143\" data-end=\"1188\">Holder glimmeret sikkert p\u00e5 plads i timevis<\/p>\n<\/li>\n<li data-start=\"1189\" data-end=\"1242\">\n<p data-start=\"1191\" data-end=\"1242\">Dermatologisk testet og velegnet til sensitiv hud<\/p>\n<\/li>\n<li data-start=\"1243\" data-end=\"1276\">\n<p data-start=\"1245\" data-end=\"1276\">100 % naturlig og vandbaseret<\/p>\n<\/li>\n<li data-start=\"1277\" data-end=\"1316\">\n<p data-start=\"1279\" data-end=\"1316\">Nem at fjerne med vand og mild s\u00e6be<\/p>\n<\/li>\n<li data-start=\"1317\" data-end=\"1359\">\n<p data-start=\"1319\" data-end=\"1359\">T\u00f8rrer fleksibelt \u2013 ikke stiv p\u00e5 huden<\/p>\n<\/li>\n<li data-start=\"1360\" data-end=\"1387\">\n<p data-start=\"1362\" data-end=\"1387\">Vegansk og cruelty free<\/p>\n<\/li>\n<\/ul>\n<h5 data-start=\"1394\" data-end=\"1410\"><span style=\"color: #946abd;\">Ingredienser<\/span><\/h5>\n<p data-start=\"1411\" data-end=\"1598\">Glycerin (planteolier), Aqua (vand), Sodium Lactate (plantestivelse), Xanthan Gum (tykningsmiddel), Levulinic Acid (plantefibre\/cellulose), Sodium Lactate (salt), Lactic Acid (m\u00e6lkesyre).<\/p>","protected":false},"excerpt":{"rendered":"<p>Glimmerlimen produceres i Tyskland og er <strong data-start=\"541\" data-end=\"565\">dermatologisk testet<\/strong>, hvilket g\u00f8r den velegnet til brug p\u00e5 selv meget sensitiv hud. Den er <strong data-start=\"636\" data-end=\"654\">100 % naturlig<\/strong> og best\u00e5r prim\u00e6rt af planteolier og vand, hvilket giver en sk\u00e5nsom og behagelig oplevelse p\u00e5 huden.<\/p>","protected":false},"featured_media":817,"comment_status":"open","ping_status":"closed","template":"","meta":{"_kad_post_transparent":"default","_kad_post_title":"","_kad_post_layout":"default","_kad_post_sidebar_id":"","_kad_post_content_style":"default","_kad_post_vertical_padding":"default","_kad_post_feature":"","_kad_post_feature_position":"","_kad_post_header":false,"_kad_post_footer":false,"_kad_post_classname":""},"product_brand":[20],"product_cat":[21,22],"product_tag":[],"class_list":{"0":"post-808","1":"product","2":"type-product","3":"status-publish","4":"has-post-thumbnail","6":"product_brand-ecosparkles","7":"product_cat-glimmer","8":"product_cat-glimmer-tilbehoer","10":"first","11":"instock","12":"taxable","13":"shipping-taxable","14":"purchasable","15":"product-type-variable","16":"has-default-attributes","17":"entry","18":"content-bg","19":"loop-entry"},"yoast_head":"<!-- This site is optimized with the Yoast SEO plugin v27.4 - https:\/\/yoast.com\/product\/yoast-seo-wordpress\/ -->\n<title>EcoSparkles - Glimmerlim (100% naturlig) - Gertruds Univers<\/title>\n<meta name=\"description\" content=\"Glimmerlimen produceres i Tyskland og er dermatologisk testet, hvilket g\u00f8r den velegnet til brug p\u00e5 selv meget sensitiv hud.\" \/>\n<meta name=\"robots\" content=\"index, follow, max-snippet:-1, max-image-preview:large, max-video-preview:-1\" \/>\n<link rel=\"canonical\" href=\"https:\/\/gertrudsunivers.dk\/en\/product\/glimmerlim-100-naturlig\/\" \/>\n<meta property=\"og:locale\" content=\"en_US\" \/>\n<meta property=\"og:type\" content=\"article\" \/>\n<meta property=\"og:title\" content=\"EcoSparkles - Glimmerlim (100% naturlig) - Gertruds Univers\" \/>\n<meta property=\"og:description\" content=\"Glimmerlimen produceres i Tyskland og er dermatologisk testet, hvilket g\u00f8r den velegnet til brug p\u00e5 selv meget sensitiv hud.\" \/>\n<meta property=\"og:url\" content=\"https:\/\/gertrudsunivers.dk\/en\/product\/glimmerlim-100-naturlig\/\" \/>\n<meta property=\"og:site_name\" content=\"Gertruds Univers\" \/>\n<meta property=\"article:publisher\" content=\"https:\/\/www.facebook.com\/profile.php?id=100092394438832\" \/>\n<meta property=\"article:modified_time\" content=\"2026-02-27T11:47:26+00:00\" \/>\n<meta property=\"og:image\" content=\"https:\/\/gertrudsunivers.dk\/wp-content\/uploads\/2026\/01\/Glimmerlim-1-1.png\" \/>\n\t<meta property=\"og:image:width\" content=\"1080\" \/>\n\t<meta property=\"og:image:height\" content=\"1080\" \/>\n\t<meta property=\"og:image:type\" content=\"image\/png\" \/>\n<meta name=\"twitter:card\" content=\"summary_large_image\" \/>\n<meta name=\"twitter:label1\" content=\"Est. reading time\" \/>\n\t<meta name=\"twitter:data1\" content=\"2 minutes\" \/>\n<script type=\"application\/ld+json\" class=\"yoast-schema-graph\">{\"@context\":\"https:\\\/\\\/schema.org\",\"@graph\":[{\"@type\":\"WebPage\",\"@id\":\"https:\\\/\\\/gertrudsunivers.dk\\\/vare\\\/glimmerlim-100-naturlig\\\/\",\"url\":\"https:\\\/\\\/gertrudsunivers.dk\\\/vare\\\/glimmerlim-100-naturlig\\\/\",\"name\":\"EcoSparkles - Glimmerlim (100% naturlig) - Gertruds Univers\",\"isPartOf\":{\"@id\":\"https:\\\/\\\/gertrudsunivers.dk\\\/#website\"},\"primaryImageOfPage\":{\"@id\":\"https:\\\/\\\/gertrudsunivers.dk\\\/vare\\\/glimmerlim-100-naturlig\\\/#primaryimage\"},\"image\":{\"@id\":\"https:\\\/\\\/gertrudsunivers.dk\\\/vare\\\/glimmerlim-100-naturlig\\\/#primaryimage\"},\"thumbnailUrl\":\"https:\\\/\\\/gertrudsunivers.dk\\\/wp-content\\\/uploads\\\/2026\\\/01\\\/Glimmerlim-1-1.png\",\"datePublished\":\"2026-01-07T14:02:33+00:00\",\"dateModified\":\"2026-02-27T11:47:26+00:00\",\"description\":\"Glimmerlimen produceres i Tyskland og er dermatologisk testet, hvilket g\u00f8r den velegnet til brug p\u00e5 selv meget sensitiv hud.\",\"breadcrumb\":{\"@id\":\"https:\\\/\\\/gertrudsunivers.dk\\\/vare\\\/glimmerlim-100-naturlig\\\/#breadcrumb\"},\"inLanguage\":\"en-US\",\"potentialAction\":[{\"@type\":\"ReadAction\",\"target\":[\"https:\\\/\\\/gertrudsunivers.dk\\\/vare\\\/glimmerlim-100-naturlig\\\/\"]}]},{\"@type\":\"ImageObject\",\"inLanguage\":\"en-US\",\"@id\":\"https:\\\/\\\/gertrudsunivers.dk\\\/vare\\\/glimmerlim-100-naturlig\\\/#primaryimage\",\"url\":\"https:\\\/\\\/gertrudsunivers.dk\\\/wp-content\\\/uploads\\\/2026\\\/01\\\/Glimmerlim-1-1.png\",\"contentUrl\":\"https:\\\/\\\/gertrudsunivers.dk\\\/wp-content\\\/uploads\\\/2026\\\/01\\\/Glimmerlim-1-1.png\",\"width\":1080,\"height\":1080},{\"@type\":\"BreadcrumbList\",\"@id\":\"https:\\\/\\\/gertrudsunivers.dk\\\/vare\\\/glimmerlim-100-naturlig\\\/#breadcrumb\",\"itemListElement\":[{\"@type\":\"ListItem\",\"position\":1,\"name\":\"Hjem\",\"item\":\"https:\\\/\\\/gertrudsunivers.dk\\\/\"},{\"@type\":\"ListItem\",\"position\":2,\"name\":\"Gertruds Webshop\",\"item\":\"https:\\\/\\\/gertrudsunivers.dk\\\/shop\\\/\"},{\"@type\":\"ListItem\",\"position\":3,\"name\":\"EcoSparkles &#8211; Glimmerlim (100% naturlig)\"}]},{\"@type\":\"WebSite\",\"@id\":\"https:\\\/\\\/gertrudsunivers.dk\\\/#website\",\"url\":\"https:\\\/\\\/gertrudsunivers.dk\\\/\",\"name\":\"Gertruds Univers\",\"description\":\"En ny start p\u00e5 Gertruds Univers\",\"publisher\":{\"@id\":\"https:\\\/\\\/gertrudsunivers.dk\\\/#organization\"},\"potentialAction\":[{\"@type\":\"SearchAction\",\"target\":{\"@type\":\"EntryPoint\",\"urlTemplate\":\"https:\\\/\\\/gertrudsunivers.dk\\\/?s={search_term_string}\"},\"query-input\":{\"@type\":\"PropertyValueSpecification\",\"valueRequired\":true,\"valueName\":\"search_term_string\"}}],\"inLanguage\":\"en-US\"},{\"@type\":\"Organization\",\"@id\":\"https:\\\/\\\/gertrudsunivers.dk\\\/#organization\",\"name\":\"Gertruds Univers\",\"url\":\"https:\\\/\\\/gertrudsunivers.dk\\\/\",\"logo\":{\"@type\":\"ImageObject\",\"inLanguage\":\"en-US\",\"@id\":\"https:\\\/\\\/gertrudsunivers.dk\\\/#\\\/schema\\\/logo\\\/image\\\/\",\"url\":\"https:\\\/\\\/gertrudsunivers.dk\\\/wp-content\\\/uploads\\\/2025\\\/11\\\/cropped-Gertruds-Univers-SoMe-4-scaled-1.png\",\"contentUrl\":\"https:\\\/\\\/gertrudsunivers.dk\\\/wp-content\\\/uploads\\\/2025\\\/11\\\/cropped-Gertruds-Univers-SoMe-4-scaled-1.png\",\"width\":2560,\"height\":2560,\"caption\":\"Gertruds Univers\"},\"image\":{\"@id\":\"https:\\\/\\\/gertrudsunivers.dk\\\/#\\\/schema\\\/logo\\\/image\\\/\"},\"sameAs\":[\"https:\\\/\\\/www.facebook.com\\\/profile.php?id=100092394438832\"]}]}<\/script>\n<!-- \/ Yoast SEO plugin. -->","yoast_head_json":{"title":"EcoSparkles - Glimmerlim (100% naturlig) - Gertruds Univers","description":"Glimmerlimen produceres i Tyskland og er dermatologisk testet, hvilket g\u00f8r den velegnet til brug p\u00e5 selv meget sensitiv hud.","robots":{"index":"index","follow":"follow","max-snippet":"max-snippet:-1","max-image-preview":"max-image-preview:large","max-video-preview":"max-video-preview:-1"},"canonical":"https:\/\/gertrudsunivers.dk\/en\/product\/glimmerlim-100-naturlig\/","og_locale":"en_US","og_type":"article","og_title":"EcoSparkles - Glimmerlim (100% naturlig) - Gertruds Univers","og_description":"Glimmerlimen produceres i Tyskland og er dermatologisk testet, hvilket g\u00f8r den velegnet til brug p\u00e5 selv meget sensitiv hud.","og_url":"https:\/\/gertrudsunivers.dk\/en\/product\/glimmerlim-100-naturlig\/","og_site_name":"Gertruds Univers","article_publisher":"https:\/\/www.facebook.com\/profile.php?id=100092394438832","article_modified_time":"2026-02-27T11:47:26+00:00","og_image":[{"width":1080,"height":1080,"url":"https:\/\/gertrudsunivers.dk\/wp-content\/uploads\/2026\/01\/Glimmerlim-1-1.png","type":"image\/png"}],"twitter_card":"summary_large_image","twitter_misc":{"Est. reading time":"2 minutes"},"schema":{"@context":"https:\/\/schema.org","@graph":[{"@type":"WebPage","@id":"https:\/\/gertrudsunivers.dk\/vare\/glimmerlim-100-naturlig\/","url":"https:\/\/gertrudsunivers.dk\/vare\/glimmerlim-100-naturlig\/","name":"EcoSparkles - Glimmerlim (100% naturlig) - Gertruds Univers","isPartOf":{"@id":"https:\/\/gertrudsunivers.dk\/#website"},"primaryImageOfPage":{"@id":"https:\/\/gertrudsunivers.dk\/vare\/glimmerlim-100-naturlig\/#primaryimage"},"image":{"@id":"https:\/\/gertrudsunivers.dk\/vare\/glimmerlim-100-naturlig\/#primaryimage"},"thumbnailUrl":"https:\/\/gertrudsunivers.dk\/wp-content\/uploads\/2026\/01\/Glimmerlim-1-1.png","datePublished":"2026-01-07T14:02:33+00:00","dateModified":"2026-02-27T11:47:26+00:00","description":"Glimmerlimen produceres i Tyskland og er dermatologisk testet, hvilket g\u00f8r den velegnet til brug p\u00e5 selv meget sensitiv hud.","breadcrumb":{"@id":"https:\/\/gertrudsunivers.dk\/vare\/glimmerlim-100-naturlig\/#breadcrumb"},"inLanguage":"en-US","potentialAction":[{"@type":"ReadAction","target":["https:\/\/gertrudsunivers.dk\/vare\/glimmerlim-100-naturlig\/"]}]},{"@type":"ImageObject","inLanguage":"en-US","@id":"https:\/\/gertrudsunivers.dk\/vare\/glimmerlim-100-naturlig\/#primaryimage","url":"https:\/\/gertrudsunivers.dk\/wp-content\/uploads\/2026\/01\/Glimmerlim-1-1.png","contentUrl":"https:\/\/gertrudsunivers.dk\/wp-content\/uploads\/2026\/01\/Glimmerlim-1-1.png","width":1080,"height":1080},{"@type":"BreadcrumbList","@id":"https:\/\/gertrudsunivers.dk\/vare\/glimmerlim-100-naturlig\/#breadcrumb","itemListElement":[{"@type":"ListItem","position":1,"name":"Hjem","item":"https:\/\/gertrudsunivers.dk\/"},{"@type":"ListItem","position":2,"name":"Gertruds Webshop","item":"https:\/\/gertrudsunivers.dk\/shop\/"},{"@type":"ListItem","position":3,"name":"EcoSparkles &#8211; Glimmerlim (100% naturlig)"}]},{"@type":"WebSite","@id":"https:\/\/gertrudsunivers.dk\/#website","url":"https:\/\/gertrudsunivers.dk\/","name":"Gertruds Univers","description":"En ny start p\u00e5 Gertruds Univers","publisher":{"@id":"https:\/\/gertrudsunivers.dk\/#organization"},"potentialAction":[{"@type":"SearchAction","target":{"@type":"EntryPoint","urlTemplate":"https:\/\/gertrudsunivers.dk\/?s={search_term_string}"},"query-input":{"@type":"PropertyValueSpecification","valueRequired":true,"valueName":"search_term_string"}}],"inLanguage":"en-US"},{"@type":"Organization","@id":"https:\/\/gertrudsunivers.dk\/#organization","name":"Gertruds Univers","url":"https:\/\/gertrudsunivers.dk\/","logo":{"@type":"ImageObject","inLanguage":"en-US","@id":"https:\/\/gertrudsunivers.dk\/#\/schema\/logo\/image\/","url":"https:\/\/gertrudsunivers.dk\/wp-content\/uploads\/2025\/11\/cropped-Gertruds-Univers-SoMe-4-scaled-1.png","contentUrl":"https:\/\/gertrudsunivers.dk\/wp-content\/uploads\/2025\/11\/cropped-Gertruds-Univers-SoMe-4-scaled-1.png","width":2560,"height":2560,"caption":"Gertruds Univers"},"image":{"@id":"https:\/\/gertrudsunivers.dk\/#\/schema\/logo\/image\/"},"sameAs":["https:\/\/www.facebook.com\/profile.php?id=100092394438832"]}]}},"_links":{"self":[{"href":"https:\/\/gertrudsunivers.dk\/en\/wp-json\/wp\/v2\/product\/808","targetHints":{"allow":["GET"]}}],"collection":[{"href":"https:\/\/gertrudsunivers.dk\/en\/wp-json\/wp\/v2\/product"}],"about":[{"href":"https:\/\/gertrudsunivers.dk\/en\/wp-json\/wp\/v2\/types\/product"}],"replies":[{"embeddable":true,"href":"https:\/\/gertrudsunivers.dk\/en\/wp-json\/wp\/v2\/comments?post=808"}],"wp:featuredmedia":[{"embeddable":true,"href":"https:\/\/gertrudsunivers.dk\/en\/wp-json\/wp\/v2\/media\/817"}],"wp:attachment":[{"href":"https:\/\/gertrudsunivers.dk\/en\/wp-json\/wp\/v2\/media?parent=808"}],"wp:term":[{"taxonomy":"product_brand","embeddable":true,"href":"https:\/\/gertrudsunivers.dk\/en\/wp-json\/wp\/v2\/product_brand?post=808"},{"taxonomy":"product_cat","embeddable":true,"href":"https:\/\/gertrudsunivers.dk\/en\/wp-json\/wp\/v2\/product_cat?post=808"},{"taxonomy":"product_tag","embeddable":true,"href":"https:\/\/gertrudsunivers.dk\/en\/wp-json\/wp\/v2\/product_tag?post=808"}],"curies":[{"name":"wp","href":"https:\/\/api.w.org\/{rel}","templated":true}]}}